{"id":59669,"date":"2026-04-03T01:04:25","date_gmt":"2026-04-02T22:04:25","guid":{"rendered":"http:\/\/new.ceasuri.md\/shop\/uncategorized\/casio-edifice-efv-160d-3avef\/"},"modified":"2026-04-07T05:05:42","modified_gmt":"2026-04-07T02:05:42","slug":"casio-edifice-efv-160d-3avef","status":"publish","type":"product","link":"https:\/\/ceasuri.md\/ru\/shop\/branduri\/casio\/casio-edifice-efv-160d-3avef\/","title":{"rendered":"Ceas CASIO EDIFICE EFV-160D-3AVEF"},"content":{"rendered":"<p>Pentru fanii sporturilor cu motor \u0219i iubitorii de ma\u0219ini \u2013 ceasuri cu un model legendar. Cadranul ceasului cu trei ace \u0219i dat\u0103 este decorat cu un model rafinat Clous de Paris sub form\u0103 de piramide ridicate.<\/p>\n<p>Cu carcas\u0103 din o\u021bel inoxidabil cu diametrul de 40 mm \u0219i br\u0103\u021bar\u0103 de form\u0103 nou\u0103, acest ceas asigur\u0103 o potrivire natural\u0103 \u0219i confort pe tot parcursul zilei.<\/p>\n<p>Sticla mineral\u0103 este u\u0219or curbat\u0103 pentru o vizibilitate \u0219i mai bun\u0103, iar rezisten\u021ba la ap\u0103 de p\u00e2n\u0103 la 10 bari v\u0103 permite s\u0103 v\u0103 concentra\u021bi pe lucruri mai interesante.<\/p>\n<p>Func\u021bional \u0219i elegant \u2013 un ceas care face via\u021ba mult mai pl\u0103cut\u0103.<\/p>","protected":false},"excerpt":{"rendered":"<p>Pentru fanii sporturilor cu motor \u0219i iubitorii de ma\u0219ini \u2013 ceasuri cu un model legendar. Cadranul ceasului cu trei ace \u0219i dat\u0103 este decorat cu un model rafinat Clous de Paris sub form\u0103 de piramide ridicate. Cu carcas\u0103 din o\u021bel inoxidabil cu diametrul de 40 mm \u0219i br\u0103\u021bar\u0103 de form\u0103 nou\u0103, acest ceas asigur\u0103 o [&hellip;]<\/p>\n","protected":false},"featured_media":59670,"comment_status":"closed","ping_status":"open","template":"","meta":{"_acf_changed":false},"product_brand":[],"product_cat":[27,20,536],"product_tag":[],"class_list":{"0":"post-59669","1":"product","2":"type-product","3":"status-publish","4":"has-post-thumbnail","6":"product_cat-casio","7":"product_cat-ceasuri-barbati","8":"product_cat-edifice","9":"pa_brand-casio","10":"pa_brand-edifice","11":"pa_braslet-otel-inoxidabil","12":"pa_corpus-40-mm","13":"pa_forma-rotund","14":"pa_funcii-data","15":"pa_garatia-24-luni","16":"pa_korpus-argintiu","17":"pa_material-otel-inoxidabil","18":"pa_mehanizm-quartz","19":"pa_remeshok-argintiu","20":"pa_steklo-cristal-mineral","21":"pa_strana-japonia","22":"pa_voda-10-atm","24":"first","25":"instock","26":"purchasable","27":"product-type-simple"},"acf":[],"_links":{"self":[{"href":"https:\/\/ceasuri.md\/ru\/wp-json\/wp\/v2\/product\/59669","targetHints":{"allow":["GET"]}}],"collection":[{"href":"https:\/\/ceasuri.md\/ru\/wp-json\/wp\/v2\/product"}],"about":[{"href":"https:\/\/ceasuri.md\/ru\/wp-json\/wp\/v2\/types\/product"}],"replies":[{"embeddable":true,"href":"https:\/\/ceasuri.md\/ru\/wp-json\/wp\/v2\/comments?post=59669"}],"wp:featuredmedia":[{"embeddable":true,"href":"https:\/\/ceasuri.md\/ru\/wp-json\/wp\/v2\/media\/59670"}],"wp:attachment":[{"href":"https:\/\/ceasuri.md\/ru\/wp-json\/wp\/v2\/media?parent=59669"}],"wp:term":[{"taxonomy":"product_brand","embeddable":true,"href":"https:\/\/ceasuri.md\/ru\/wp-json\/wp\/v2\/product_brand?post=59669"},{"taxonomy":"product_cat","embeddable":true,"href":"https:\/\/ceasuri.md\/ru\/wp-json\/wp\/v2\/product_cat?post=59669"},{"taxonomy":"product_tag","embeddable":true,"href":"https:\/\/ceasuri.md\/ru\/wp-json\/wp\/v2\/product_tag?post=59669"}],"curies":[{"name":"wp","href":"https:\/\/api.w.org\/{rel}","templated":true}]}}