{"id":59665,"date":"2026-04-03T01:04:25","date_gmt":"2026-04-02T22:04:25","guid":{"rendered":"http:\/\/new.ceasuri.md\/shop\/uncategorized\/casio-g-shock-ga-010ggb-1a9er\/"},"modified":"2026-04-17T15:23:07","modified_gmt":"2026-04-17T12:23:07","slug":"casio-g-shock-ga-010ggb-1a9er","status":"publish","type":"product","link":"https:\/\/ceasuri.md\/ru\/shop\/branduri\/casio\/casio-g-shock-ga-010ggb-1a9er\/","title":{"rendered":"Ceas CASIO G-SHOCK GA-010GGB-1A9ER"},"content":{"rendered":"<p>Face\u021bi o declara\u021bie \u00eendr\u0103znea\u021b\u0103 \u0219i sigur\u0103 cu o culoare str\u0103lucitoare, negru \u0219i auriu. Carcasa complet neagr\u0103, la fel de rezistent\u0103 ca orice G-SHOCK, str\u0103luce\u0219te cu accente aurii \u0219i texturi oglindite, cre\u00e2nd un aspect \u00eendr\u0103zne\u021b \u0219i, \u00een acela\u0219i timp, extrem de elegant.<\/p>\n<p>Cadranul este echipat cu un afi\u0219aj analogic \u0219i digital, care permite determinarea intuitiv\u0103 \u0219i instantanee a orei. Acele luminoase faciliteaz\u0103 citirea chiar \u0219i \u00een \u00eentuneric complet, iar ecranul LCD ofer\u0103 claritate \u0219i precizie suplimentare. Datorit\u0103 Super Illuminator, este suficient\u0103 o singur\u0103 mi\u0219care pentru a ilumina cadranul. Acesta este protejat de sticl\u0103 mineral\u0103 de \u00eenalt\u0103 calitate.<\/p>\n<p>Mecanismul cu cuar\u021b ofer\u0103 o serie de func\u021bii suplimentare, cum ar fi afi\u0219area datei, zilei s\u0103pt\u0103m\u00e2nii, lunii \u0219i cronograf, care include un cronometru cu o precizie de 1\/100 de secund\u0103 \u0219i un cronometru cu num\u0103r\u0103toare invers\u0103. Alarma \u00eencorporat\u0103 este ideal\u0103 pentru trezire \u0219i mementouri. <\/p>\n<p>Cureaua acestui ceas are un design modern. Culoarea neagr\u0103 confer\u0103 o elegan\u021b\u0103 rafinat\u0103 \u0219i atemporal\u0103, care se potrive\u0219te perfect cu designul general. Catarama asigur\u0103 o fixare sigur\u0103 \u0219i permite reglarea precis\u0103 a dimensiunii \u00een func\u021bie de m\u0103rimea \u00eencheieturii m\u00e2inii.<\/p>\n<p>Rezisten\u021ba la ap\u0103 este un avantaj real pentru iubitorii de sporturi nautice sau aventuri de zi cu zi. Cu o rezisten\u021b\u0103 la ap\u0103 de 20 ATM, echivalent\u0103 cu 200 de metri, acest ceas este conceput pentru a rezista celor mai extreme condi\u021bii.<\/p>","protected":false},"excerpt":{"rendered":"<p>Face\u021bi o declara\u021bie \u00eendr\u0103znea\u021b\u0103 \u0219i sigur\u0103 cu o culoare str\u0103lucitoare, negru \u0219i auriu. Carcasa complet neagr\u0103, la fel de rezistent\u0103 ca orice G-SHOCK, str\u0103luce\u0219te cu accente aurii \u0219i texturi oglindite, cre\u00e2nd un aspect \u00eendr\u0103zne\u021b \u0219i, \u00een acela\u0219i timp, extrem de elegant. Cadranul este echipat cu un afi\u0219aj analogic \u0219i digital, care permite determinarea intuitiv\u0103 \u0219i [&hellip;]<\/p>\n","protected":false},"featured_media":59666,"comment_status":"closed","ping_status":"open","template":"","meta":{"_acf_changed":false},"product_brand":[],"product_cat":[27,20,419],"product_tag":[],"class_list":{"0":"post-59665","1":"product","2":"type-product","3":"status-publish","4":"has-post-thumbnail","6":"product_cat-casio","7":"product_cat-ceasuri-barbati","8":"product_cat-g-shock","9":"pa_brand-casio","10":"pa_brand-g-shock","11":"pa_braslet-plastic","12":"pa_corpus-52-mm","13":"pa_forma-rotund","14":"pa_funcii-alarma","15":"pa_funcii-calendar","16":"pa_funcii-cronometru","17":"pa_funcii-iluminare","18":"pa_funcii-timp-mondial","19":"pa_garatia-24-luni","20":"pa_korpus-negru","21":"pa_kvarc-quartz","22":"pa_material-carbon","23":"pa_material-plastic","24":"pa_mehanizm-electronic","25":"pa_mehanizm-quartz","26":"pa_remeshok-negru","27":"pa_steklo-cristal-mineral","28":"pa_strana-japonia","29":"pa_voda-20-atm","31":"first","32":"instock","33":"purchasable","34":"product-type-simple"},"acf":[],"_links":{"self":[{"href":"https:\/\/ceasuri.md\/ru\/wp-json\/wp\/v2\/product\/59665","targetHints":{"allow":["GET"]}}],"collection":[{"href":"https:\/\/ceasuri.md\/ru\/wp-json\/wp\/v2\/product"}],"about":[{"href":"https:\/\/ceasuri.md\/ru\/wp-json\/wp\/v2\/types\/product"}],"replies":[{"embeddable":true,"href":"https:\/\/ceasuri.md\/ru\/wp-json\/wp\/v2\/comments?post=59665"}],"wp:featuredmedia":[{"embeddable":true,"href":"https:\/\/ceasuri.md\/ru\/wp-json\/wp\/v2\/media\/59666"}],"wp:attachment":[{"href":"https:\/\/ceasuri.md\/ru\/wp-json\/wp\/v2\/media?parent=59665"}],"wp:term":[{"taxonomy":"product_brand","embeddable":true,"href":"https:\/\/ceasuri.md\/ru\/wp-json\/wp\/v2\/product_brand?post=59665"},{"taxonomy":"product_cat","embeddable":true,"href":"https:\/\/ceasuri.md\/ru\/wp-json\/wp\/v2\/product_cat?post=59665"},{"taxonomy":"product_tag","embeddable":true,"href":"https:\/\/ceasuri.md\/ru\/wp-json\/wp\/v2\/product_tag?post=59665"}],"curies":[{"name":"wp","href":"https:\/\/api.w.org\/{rel}","templated":true}]}}