{"id":59663,"date":"2026-04-03T01:04:25","date_gmt":"2026-04-02T22:04:25","guid":{"rendered":"http:\/\/new.ceasuri.md\/shop\/uncategorized\/casio-g-shock-ga-100ggb-1a9er\/"},"modified":"2026-04-07T05:05:40","modified_gmt":"2026-04-07T02:05:40","slug":"casio-g-shock-ga-100ggb-1a9er","status":"publish","type":"product","link":"https:\/\/ceasuri.md\/ru\/shop\/branduri\/casio\/casio-g-shock-ga-100ggb-1a9er\/","title":{"rendered":"Ceas CASIO G-SHOCK GA-100GGB-1A9ER"},"content":{"rendered":"<p>Face\u021bi o declara\u021bie \u00eendr\u0103znea\u021b\u0103 \u0219i sigur\u0103 cu ajutorul ceasului \u00een culori vii, negru \u0219i auriu. Carcasa complet neagr\u0103, rezistent\u0103, ca toate ceasurile G-SHOCK, str\u0103luce\u0219te cu accente aurii \u0219i textur\u0103 oglind\u0103, cre\u00e2nd un aspect \u00eendr\u0103zne\u021b \u0219i, \u00een acela\u0219i timp, foarte elegant.<\/p>\n<p>Cadranul ceasului este un adev\u0103rat exemplu de func\u021bionalitate \u0219i stil. Culorile negru \u0219i auriu creeaz\u0103 un contrast str\u0103lucitor, care atrage aten\u021bia \u0219i faciliteaz\u0103 citirea informa\u021biilor. Cele dou\u0103 tipuri de afi\u0219aj, analogic \u0219i digital, coexist\u0103 armonios, asigur\u00e2nd afi\u0219area complet\u0103 a orei, inclusiv ore, minute, secunde \u0219i dat\u0103. Indicii \u0219i scala minutelor \u00eencadreaz\u0103 cadranul, iar trei contoare suplimentare \u00eel \u00eembog\u0103\u021besc cu func\u021bii suplimentare, ideale pentru iubitorii de precizie.<\/p>\n<p>Ceasul este echipat cu un mecanism japonez cu cuar\u021b de \u00eenalt\u0103 precizie, care \u00eei asigur\u0103 o fiabilitate excep\u021bional\u0103. Acesta include un cronometru cu o precizie de 1\/100 de secund\u0103, un cronometru cu num\u0103r\u0103toare invers\u0103, precum \u0219i un alarm\u0103, form\u00e2nd un set de func\u021bii complexe care vor satisface cele mai exigente cerin\u021be.<\/p>\n<p>Cureaua acestui model este la fel de rezistent\u0103 ca \u0219i carcasa. Construc\u021bia special\u0103, adaptat\u0103 la distan\u021ba dintre urechi, garanteaz\u0103 o fixare perfect\u0103, iar designul se potrive\u0219te perfect caracterului sportiv al ceasului.<\/p>\n<p>Cu o rezisten\u021b\u0103 la ap\u0103 de 20 ATM, ceasul este conceput pentru a fi utilizat \u00een condi\u021bii extreme de ap\u0103. Este alegerea ideal\u0103 pentru iubitorii de aventur\u0103 \u0219i sporturi nautice.<\/p>","protected":false},"excerpt":{"rendered":"<p>Face\u021bi o declara\u021bie \u00eendr\u0103znea\u021b\u0103 \u0219i sigur\u0103 cu ajutorul ceasului \u00een culori vii, negru \u0219i auriu. Carcasa complet neagr\u0103, rezistent\u0103, ca toate ceasurile G-SHOCK, str\u0103luce\u0219te cu accente aurii \u0219i textur\u0103 oglind\u0103, cre\u00e2nd un aspect \u00eendr\u0103zne\u021b \u0219i, \u00een acela\u0219i timp, foarte elegant. Cadranul ceasului este un adev\u0103rat exemplu de func\u021bionalitate \u0219i stil. Culorile negru \u0219i auriu creeaz\u0103 [&hellip;]<\/p>\n","protected":false},"featured_media":59664,"comment_status":"closed","ping_status":"open","template":"","meta":{"_acf_changed":false},"product_brand":[],"product_cat":[27,20,419],"product_tag":[],"class_list":{"0":"post-59663","1":"product","2":"type-product","3":"status-publish","4":"has-post-thumbnail","6":"product_cat-casio","7":"product_cat-ceasuri-barbati","8":"product_cat-g-shock","9":"pa_brand-casio","10":"pa_brand-g-shock","11":"pa_braslet-plastic","12":"pa_corpus-51-mm","13":"pa_forma-rotund","14":"pa_funcii-alarma","15":"pa_funcii-calendar","16":"pa_funcii-cronometru","17":"pa_funcii-iluminare","18":"pa_funcii-timp-mondial","19":"pa_garatia-24-luni","20":"pa_korpus-negru","21":"pa_material-plastic","22":"pa_mehanizm-electronic","23":"pa_mehanizm-quartz","24":"pa_remeshok-negru","25":"pa_steklo-cristal-mineral","26":"pa_strana-japonia","27":"pa_voda-20-atm","29":"first","30":"instock","31":"purchasable","32":"product-type-simple"},"acf":[],"_links":{"self":[{"href":"https:\/\/ceasuri.md\/ru\/wp-json\/wp\/v2\/product\/59663","targetHints":{"allow":["GET"]}}],"collection":[{"href":"https:\/\/ceasuri.md\/ru\/wp-json\/wp\/v2\/product"}],"about":[{"href":"https:\/\/ceasuri.md\/ru\/wp-json\/wp\/v2\/types\/product"}],"replies":[{"embeddable":true,"href":"https:\/\/ceasuri.md\/ru\/wp-json\/wp\/v2\/comments?post=59663"}],"wp:featuredmedia":[{"embeddable":true,"href":"https:\/\/ceasuri.md\/ru\/wp-json\/wp\/v2\/media\/59664"}],"wp:attachment":[{"href":"https:\/\/ceasuri.md\/ru\/wp-json\/wp\/v2\/media?parent=59663"}],"wp:term":[{"taxonomy":"product_brand","embeddable":true,"href":"https:\/\/ceasuri.md\/ru\/wp-json\/wp\/v2\/product_brand?post=59663"},{"taxonomy":"product_cat","embeddable":true,"href":"https:\/\/ceasuri.md\/ru\/wp-json\/wp\/v2\/product_cat?post=59663"},{"taxonomy":"product_tag","embeddable":true,"href":"https:\/\/ceasuri.md\/ru\/wp-json\/wp\/v2\/product_tag?post=59663"}],"curies":[{"name":"wp","href":"https:\/\/api.w.org\/{rel}","templated":true}]}}