{"id":59660,"date":"2026-04-03T01:04:25","date_gmt":"2026-04-02T22:04:25","guid":{"rendered":"http:\/\/new.ceasuri.md\/shop\/uncategorized\/casio-g-shock-gbm-2100a-2ber\/"},"modified":"2026-04-07T05:05:40","modified_gmt":"2026-04-07T02:05:40","slug":"casio-g-shock-gbm-2100a-2ber","status":"publish","type":"product","link":"https:\/\/ceasuri.md\/ru\/shop\/branduri\/casio\/casio-g-shock-gbm-2100a-2ber\/","title":{"rendered":"Ceas CASIO G-SHOCK GBM-2100A-2BER"},"content":{"rendered":"<p>Elegante \u0219i rafinate, delicate \u0219i sofisticate \u2014 ceasuri cu o ram\u0103 metalic\u0103 expresiv\u0103, realizate \u00een acela\u0219i format compact.<\/p>\n<p>Modelul a primit un modul tehnologic: ceasul permite sincronizarea orei cu smartphone-ul \u0219i configurarea u\u0219oar\u0103 a ceasului prin Bluetooth, precum \u0219i tehnologia Tough Solar \u00eembun\u0103t\u0103\u021bit\u0103 \u0219i \u0219i mai eficient\u0103 \u2014 alimentarea ceasului de la soare sau alt\u0103 surs\u0103 de lumin\u0103, ceea ce nu va necesita \u00eenlocuirea bateriei ceasului \u00een viitorul apropiat.<\/p>\n<p>Sincronizarea cu smartphone-ul prin Bluetooth asigur\u0103 setarea automat\u0103 a orei \u0219i accesul u\u0219or la numeroase func\u021bii, cum ar fi ora mondial\u0103 pentru aproximativ 300 de ora\u0219e, cronometru, cronometru cu num\u0103r\u0103toare invers\u0103, alerte sonore zilnice \u0219i calendar complet automat p\u00e2n\u0103 \u00een 2099.<\/p>\n<p>Iluminarea dubl\u0103 cu LED asigur\u0103 o lizibilitate optim\u0103 at\u00e2t a cadranului, c\u00e2t \u0219i a afi\u0219ajului digital \u00een orice moment, completat\u0103 de un strat luminescent pentru condi\u021bii de \u00eentuneric extrem.<\/p>\n<p>Sticla mineral\u0103 protejeaz\u0103 \u00een mod fiabil afi\u0219ajul, iar rezisten\u021ba la ap\u0103 p\u00e2n\u0103 la 20 bari face ca ceasul s\u0103 fie un companion de \u00eencredere \u00een orice situa\u021bie.<\/p>","protected":false},"excerpt":{"rendered":"<p>Elegante \u0219i rafinate, delicate \u0219i sofisticate \u2014 ceasuri cu o ram\u0103 metalic\u0103 expresiv\u0103, realizate \u00een acela\u0219i format compact. Modelul a primit un modul tehnologic: ceasul permite sincronizarea orei cu smartphone-ul \u0219i configurarea u\u0219oar\u0103 a ceasului prin Bluetooth, precum \u0219i tehnologia Tough Solar \u00eembun\u0103t\u0103\u021bit\u0103 \u0219i \u0219i mai eficient\u0103 \u2014 alimentarea ceasului de la soare sau alt\u0103 [&hellip;]<\/p>\n","protected":false},"featured_media":59661,"comment_status":"closed","ping_status":"open","template":"","meta":{"_acf_changed":false},"product_brand":[],"product_cat":[27,20,25,419],"product_tag":[],"class_list":{"0":"post-59660","1":"product","2":"type-product","3":"status-publish","4":"has-post-thumbnail","6":"product_cat-casio","7":"product_cat-ceasuri-barbati","8":"product_cat-ceasuri-dama","9":"product_cat-g-shock","10":"pa_brand-casio","11":"pa_brand-g-shock","12":"pa_braslet-plastic","13":"pa_corpus-44x49mm","14":"pa_forma-octogonala","15":"pa_funcii-alarma","16":"pa_funcii-bluetooth-smart","17":"pa_funcii-calendar","18":"pa_funcii-cronometru","19":"pa_funcii-iluminare","20":"pa_funcii-rezerva-de-energie","21":"pa_funcii-timp-mondial","22":"pa_funcii-ziua-saptamanii","23":"pa_garatia-24-luni","24":"pa_korpus-argintiu","25":"pa_material-otel-inoxidabil","26":"pa_material-plastic","27":"pa_mehanizm-baterie-solara","28":"pa_mehanizm-electronic","29":"pa_mehanizm-quartz","30":"pa_remeshok-negru","31":"pa_steklo-cristal-mineral","32":"pa_strana-japonia","33":"pa_voda-20-atm","35":"first","36":"instock","37":"purchasable","38":"product-type-simple"},"acf":[],"_links":{"self":[{"href":"https:\/\/ceasuri.md\/ru\/wp-json\/wp\/v2\/product\/59660","targetHints":{"allow":["GET"]}}],"collection":[{"href":"https:\/\/ceasuri.md\/ru\/wp-json\/wp\/v2\/product"}],"about":[{"href":"https:\/\/ceasuri.md\/ru\/wp-json\/wp\/v2\/types\/product"}],"replies":[{"embeddable":true,"href":"https:\/\/ceasuri.md\/ru\/wp-json\/wp\/v2\/comments?post=59660"}],"wp:featuredmedia":[{"embeddable":true,"href":"https:\/\/ceasuri.md\/ru\/wp-json\/wp\/v2\/media\/59661"}],"wp:attachment":[{"href":"https:\/\/ceasuri.md\/ru\/wp-json\/wp\/v2\/media?parent=59660"}],"wp:term":[{"taxonomy":"product_brand","embeddable":true,"href":"https:\/\/ceasuri.md\/ru\/wp-json\/wp\/v2\/product_brand?post=59660"},{"taxonomy":"product_cat","embeddable":true,"href":"https:\/\/ceasuri.md\/ru\/wp-json\/wp\/v2\/product_cat?post=59660"},{"taxonomy":"product_tag","embeddable":true,"href":"https:\/\/ceasuri.md\/ru\/wp-json\/wp\/v2\/product_tag?post=59660"}],"curies":[{"name":"wp","href":"https:\/\/api.w.org\/{rel}","templated":true}]}}