{"id":59647,"date":"2026-04-03T01:03:27","date_gmt":"2026-04-02T22:03:27","guid":{"rendered":"http:\/\/new.ceasuri.md\/shop\/uncategorized\/casio-collection-mtp-m110l-1aver\/"},"modified":"2026-04-15T21:14:29","modified_gmt":"2026-04-15T18:14:29","slug":"casio-collection-mtp-m110l-1aver","status":"publish","type":"product","link":"https:\/\/ceasuri.md\/ru\/shop\/branduri\/casio\/casio-collection-mtp-m110l-1aver\/","title":{"rendered":"Ceas CASIO COLLECTION MTP-M110L-1AVER"},"content":{"rendered":"<p>Un accesoriu indispensabil pentru b\u0103rba\u021bii care apreciaz\u0103 stilul \u0219i func\u021bionalitatea.<\/p>\n<p>Carcas\u0103 rotund\u0103 din o\u021bel inoxidabil. Cadranul ceasului este de culoare neagr\u0103. Cifrele arabe dispuse elegant asigur\u0103 o lizibilitate instantanee, completat\u0103 de indici rafinati \u0219i o scal\u0103 fin\u0103 a minutelor, care subliniaz\u0103 aten\u021bia excep\u021bional\u0103 acordat\u0103 detaliilor.<\/p>\n<p>\u00cen pozi\u021bia \u201eora 6\u201d se afl\u0103 indicatorul fazelor lunii, care adaug\u0103 func\u021bionalitate cadranului. Protejat de un sticl\u0103 mineral\u0103 de calitate, acesta este protejat \u00een mod fiabil de factorii externi, ceea ce asigur\u0103 durabilitatea acestui element esen\u021bial.<\/p>\n<p>Ceasul are la baz\u0103 un mecanism japonez cu cuar\u021b de \u00eenalt\u0103 precizie. Func\u021biile principale, precum ora, minutele \u0219i secundele, sunt afi\u0219ate cu claritate, ceea ce este convenabil pentru purtarea zilnic\u0103.<\/p>\n<p>Cureaua este fabricat\u0103 din piele de vac\u0103 cu finisaj crocodil, care \u00eei confer\u0103 un aspect rafinat. Culoarea neagr\u0103 adaug\u0103 o not\u0103 clasic\u0103 aspectului general. Catarama practic\u0103 \u0219i fiabil\u0103 asigur\u0103 o potrivire perfect\u0103 pe \u00eencheietura m\u00e2inii pe tot parcursul zilei.<\/p>\n<p>Rezisten\u021ba la ap\u0103 de 5 ATM asigur\u0103 o protec\u021bie fiabil\u0103 \u00eempotriva stropilor.<\/p>","protected":false},"excerpt":{"rendered":"<p>Un accesoriu indispensabil pentru b\u0103rba\u021bii care apreciaz\u0103 stilul \u0219i func\u021bionalitatea. Carcas\u0103 rotund\u0103 din o\u021bel inoxidabil. Cadranul ceasului este de culoare neagr\u0103. Cifrele arabe dispuse elegant asigur\u0103 o lizibilitate instantanee, completat\u0103 de indici rafinati \u0219i o scal\u0103 fin\u0103 a minutelor, care subliniaz\u0103 aten\u021bia excep\u021bional\u0103 acordat\u0103 detaliilor. \u00cen pozi\u021bia \u201eora 6\u201d se afl\u0103 indicatorul fazelor lunii, care [&hellip;]<\/p>\n","protected":false},"featured_media":59648,"comment_status":"closed","ping_status":"open","template":"","meta":{"_acf_changed":false},"product_brand":[],"product_cat":[27,20],"product_tag":[],"class_list":{"0":"post-59647","1":"product","2":"type-product","3":"status-publish","4":"has-post-thumbnail","6":"product_cat-casio","7":"product_cat-ceasuri-barbati","8":"pa_brand-casio","9":"pa_braslet-piele","10":"pa_corpus-43-mm","11":"pa_forma-rotund","12":"pa_funcii-fazele-lunii","13":"pa_garatia-24-luni","14":"pa_korpus-argintiu","15":"pa_kvarc-quartz","16":"pa_material-otel-inoxidabil","17":"pa_mehanizm-quartz","18":"pa_remeshok-negru","19":"pa_steklo-cristal-mineral","20":"pa_strana-japonia","21":"pa_voda-5-atm","23":"first","24":"instock","25":"purchasable","26":"product-type-simple"},"acf":[],"_links":{"self":[{"href":"https:\/\/ceasuri.md\/ru\/wp-json\/wp\/v2\/product\/59647","targetHints":{"allow":["GET"]}}],"collection":[{"href":"https:\/\/ceasuri.md\/ru\/wp-json\/wp\/v2\/product"}],"about":[{"href":"https:\/\/ceasuri.md\/ru\/wp-json\/wp\/v2\/types\/product"}],"replies":[{"embeddable":true,"href":"https:\/\/ceasuri.md\/ru\/wp-json\/wp\/v2\/comments?post=59647"}],"wp:featuredmedia":[{"embeddable":true,"href":"https:\/\/ceasuri.md\/ru\/wp-json\/wp\/v2\/media\/59648"}],"wp:attachment":[{"href":"https:\/\/ceasuri.md\/ru\/wp-json\/wp\/v2\/media?parent=59647"}],"wp:term":[{"taxonomy":"product_brand","embeddable":true,"href":"https:\/\/ceasuri.md\/ru\/wp-json\/wp\/v2\/product_brand?post=59647"},{"taxonomy":"product_cat","embeddable":true,"href":"https:\/\/ceasuri.md\/ru\/wp-json\/wp\/v2\/product_cat?post=59647"},{"taxonomy":"product_tag","embeddable":true,"href":"https:\/\/ceasuri.md\/ru\/wp-json\/wp\/v2\/product_tag?post=59647"}],"curies":[{"name":"wp","href":"https:\/\/api.w.org\/{rel}","templated":true}]}}