{"id":59645,"date":"2026-04-03T01:03:27","date_gmt":"2026-04-02T22:03:27","guid":{"rendered":"http:\/\/new.ceasuri.md\/shop\/uncategorized\/casio-collection-mtp-m110rl-5aver\/"},"modified":"2026-04-07T05:05:35","modified_gmt":"2026-04-07T02:05:35","slug":"casio-collection-mtp-m110rl-5aver","status":"publish","type":"product","link":"https:\/\/ceasuri.md\/ru\/shop\/branduri\/casio\/casio-collection-mtp-m110rl-5aver\/","title":{"rendered":"Ceas CASIO COLLECTION MTP-M110RL-5AVER"},"content":{"rendered":"<p>Un accesoriu indispensabil pentru b\u0103rba\u021bii care apreciaz\u0103 stilul \u0219i func\u021bionalitatea.<\/p>\n<p>Carcasa rotund\u0103 din o\u021bel inoxidabil de culoare roz-auriu confer\u0103 ceasului un aspect modern \u0219i rafinat.<\/p>\n<p>Cadranul ceasului este de culoare bej mat. Cifrele arabe de culoare roz-auriu, dispuse elegant, asigur\u0103 o lizibilitate instantanee, completat\u0103 de indici rafinati \u0219i o scal\u0103 fin\u0103 a minutelor, care subliniaz\u0103 aten\u021bia excep\u021bional\u0103 acordat\u0103 detaliilor.<\/p>\n<p>\u00cen pozi\u021bia \u201eora 6\u201d se afl\u0103 indicatorul fazelor lunii , care adaug\u0103 func\u021bionalitate cadranului. Protejat de un sticl\u0103 mineral\u0103 de calitate , acesta este protejat \u00een mod fiabil de factorii externi, ceea ce asigur\u0103 durabilitatea acestui element esen\u021bial.<\/p>\n<p>Ceasul are la baz\u0103 un mecanism japonez de cuar\u021b de \u00eenalt\u0103 precizie. Func\u021biile principale, precum ora, minutele \u0219i secundele, sunt afi\u0219ate cu claritate, ceea ce este convenabil pentru purtarea zilnic\u0103.<\/p>\n<p>Cureaua este fabricat\u0103 din piele de vac\u0103 cu finisaj crocodil, care \u00eei confer\u0103 un aspect rafinat. Culoarea maro adaug\u0103 o not\u0103 clasic\u0103 aspectului general, combin\u00e2ndu-se perfect cu carcasa roz. Catarama practic\u0103 \u0219i fiabil\u0103 asigur\u0103 o potrivire perfect\u0103 pe \u00eencheietura m\u00e2inii pe tot parcursul zilei.<\/p>\n<p>Rezisten\u021ba la ap\u0103 de 5 ATM asigur\u0103 o protec\u021bie fiabil\u0103 \u00eempotriva stropilor.<\/p>","protected":false},"excerpt":{"rendered":"<p>Un accesoriu indispensabil pentru b\u0103rba\u021bii care apreciaz\u0103 stilul \u0219i func\u021bionalitatea. Carcasa rotund\u0103 din o\u021bel inoxidabil de culoare roz-auriu confer\u0103 ceasului un aspect modern \u0219i rafinat. Cadranul ceasului este de culoare bej mat. Cifrele arabe de culoare roz-auriu, dispuse elegant, asigur\u0103 o lizibilitate instantanee, completat\u0103 de indici rafinati \u0219i o scal\u0103 fin\u0103 a minutelor, care subliniaz\u0103 [&hellip;]<\/p>\n","protected":false},"featured_media":59646,"comment_status":"closed","ping_status":"open","template":"","meta":{"_acf_changed":false},"product_brand":[],"product_cat":[27,20],"product_tag":[],"class_list":{"0":"post-59645","1":"product","2":"type-product","3":"status-publish","4":"has-post-thumbnail","6":"product_cat-casio","7":"product_cat-ceasuri-barbati","8":"pa_brand-casio","9":"pa_braslet-piele","10":"pa_corpus-43-mm","11":"pa_forma-rotund","12":"pa_funcii-fazele-lunii","13":"pa_garatia-24-luni","14":"pa_korpus-roz-gold","15":"pa_material-otel-inoxidabil","16":"pa_mehanizm-quartz","17":"pa_remeshok-maro","18":"pa_steklo-cristal-mineral","19":"pa_strana-japonia","20":"pa_voda-5-atm","22":"first","23":"instock","24":"purchasable","25":"product-type-simple"},"acf":[],"_links":{"self":[{"href":"https:\/\/ceasuri.md\/ru\/wp-json\/wp\/v2\/product\/59645","targetHints":{"allow":["GET"]}}],"collection":[{"href":"https:\/\/ceasuri.md\/ru\/wp-json\/wp\/v2\/product"}],"about":[{"href":"https:\/\/ceasuri.md\/ru\/wp-json\/wp\/v2\/types\/product"}],"replies":[{"embeddable":true,"href":"https:\/\/ceasuri.md\/ru\/wp-json\/wp\/v2\/comments?post=59645"}],"wp:featuredmedia":[{"embeddable":true,"href":"https:\/\/ceasuri.md\/ru\/wp-json\/wp\/v2\/media\/59646"}],"wp:attachment":[{"href":"https:\/\/ceasuri.md\/ru\/wp-json\/wp\/v2\/media?parent=59645"}],"wp:term":[{"taxonomy":"product_brand","embeddable":true,"href":"https:\/\/ceasuri.md\/ru\/wp-json\/wp\/v2\/product_brand?post=59645"},{"taxonomy":"product_cat","embeddable":true,"href":"https:\/\/ceasuri.md\/ru\/wp-json\/wp\/v2\/product_cat?post=59645"},{"taxonomy":"product_tag","embeddable":true,"href":"https:\/\/ceasuri.md\/ru\/wp-json\/wp\/v2\/product_tag?post=59645"}],"curies":[{"name":"wp","href":"https:\/\/api.w.org\/{rel}","templated":true}]}}