{"id":59639,"date":"2026-04-03T01:03:27","date_gmt":"2026-04-02T22:03:27","guid":{"rendered":"http:\/\/new.ceasuri.md\/shop\/uncategorized\/poljot-international-globetrotter-le-9730-2940552m\/"},"modified":"2026-04-20T01:52:32","modified_gmt":"2026-04-19T22:52:32","slug":"poljot-international-globetrotter-le-9730-2940552m","status":"publish","type":"product","link":"https:\/\/ceasuri.md\/ru\/shop\/branduri\/poljot-international\/poljot-international-globetrotter-le-9730-2940552m\/","title":{"rendered":"\u0427\u0430\u0441\u044b POLJOT INTERNATIONAL GLOBETROTTER LE 9730.2940552M"},"content":{"rendered":"<p>\u00ce\u021bi place s\u0103 c\u0103l\u0103tore\u0219ti prin lume? Atunci acest model \u021bi se potrive\u0219te perfect!<\/p>\n<p>Modelul scheletat cu dou\u0103 cronometre \u201eGlobetrotter\u201d va fi companionul ideal pentru c\u0103l\u0103torii interna\u021bionali care iubesc tot ce este neobi\u0219nuit.<\/p>\n<p>Indicarea zilei \u0219i a nop\u021bii este prezentat\u0103 pe disc sub forma unei h\u0103r\u021bi a lumii cu luna \u0219i soarele \u0219i se armonizeaz\u0103 perfect cu acele negre. Acul secundar se afl\u0103 la marca \u201e9 ore\u201d. Indicatoarele triunghiulare completeaz\u0103 imaginea elegant\u0103. Cadranul este protejat de sticl\u0103 de safir.<\/p>\n<p>Ceasul func\u021bioneaz\u0103 pe un mecanism mecanic cu \u00eenf\u0103\u0219urare manual\u0103.<\/p>\n<p>Ceasul este rezistent la ap\u0103 p\u00e2n\u0103 la 5 atm.<\/p>\n<p>Modelul a fost lansat \u00eentr-o serie limitat\u0103 de 300 de buc\u0103\u021bi. Modelul nr. 211 este disponibil.<\/p>","protected":false},"excerpt":{"rendered":"<p>\u00ce\u021bi place s\u0103 c\u0103l\u0103tore\u0219ti prin lume? Atunci acest model \u021bi se potrive\u0219te perfect! Modelul scheletat cu dou\u0103 cronometre \u201eGlobetrotter\u201d va fi companionul ideal pentru c\u0103l\u0103torii interna\u021bionali care iubesc tot ce este neobi\u0219nuit. Indicarea zilei \u0219i a nop\u021bii este prezentat\u0103 pe disc sub forma unei h\u0103r\u021bi a lumii cu luna \u0219i soarele \u0219i se armonizeaz\u0103 perfect [&hellip;]<\/p>\n","protected":false},"featured_media":59640,"comment_status":"closed","ping_status":"open","template":"","meta":{"_acf_changed":false},"product_brand":[],"product_cat":[20,106,205,569],"product_tag":[],"class_list":{"0":"post-59639","1":"product","2":"type-product","3":"status-publish","4":"has-post-thumbnail","6":"product_cat-ceasuri-barbati","7":"product_cat-ceasuri-premium","8":"product_cat-limited-edition","9":"product_cat-poljot-international","10":"pa_brand-poljot-international","11":"pa_braslet-otel-inoxidabil","12":"pa_corpus-43-mm","13":"pa_forma-rotund","14":"pa_funcii-daynight","15":"pa_funcii-dual-time","16":"pa_funcii-limited-edition","17":"pa_funcii-offset-second-hand","18":"pa_funcii-schelet","19":"pa_garatia-24-luni","20":"pa_korpus-argintiu","21":"pa_material-otel-inoxidabil","22":"pa_mehanizm-bobinaj-manual","23":"pa_mehanizm-mecanic","24":"pa_remeshok-argintiu","25":"pa_steklo-cristal-safir","26":"pa_strana-germania","27":"pa_voda-5-atm","29":"first","30":"instock","31":"purchasable","32":"product-type-simple"},"acf":[],"_links":{"self":[{"href":"https:\/\/ceasuri.md\/ru\/wp-json\/wp\/v2\/product\/59639","targetHints":{"allow":["GET"]}}],"collection":[{"href":"https:\/\/ceasuri.md\/ru\/wp-json\/wp\/v2\/product"}],"about":[{"href":"https:\/\/ceasuri.md\/ru\/wp-json\/wp\/v2\/types\/product"}],"replies":[{"embeddable":true,"href":"https:\/\/ceasuri.md\/ru\/wp-json\/wp\/v2\/comments?post=59639"}],"wp:featuredmedia":[{"embeddable":true,"href":"https:\/\/ceasuri.md\/ru\/wp-json\/wp\/v2\/media\/59640"}],"wp:attachment":[{"href":"https:\/\/ceasuri.md\/ru\/wp-json\/wp\/v2\/media?parent=59639"}],"wp:term":[{"taxonomy":"product_brand","embeddable":true,"href":"https:\/\/ceasuri.md\/ru\/wp-json\/wp\/v2\/product_brand?post=59639"},{"taxonomy":"product_cat","embeddable":true,"href":"https:\/\/ceasuri.md\/ru\/wp-json\/wp\/v2\/product_cat?post=59639"},{"taxonomy":"product_tag","embeddable":true,"href":"https:\/\/ceasuri.md\/ru\/wp-json\/wp\/v2\/product_tag?post=59639"}],"curies":[{"name":"wp","href":"https:\/\/api.w.org\/{rel}","templated":true}]}}