{"id":59625,"date":"2026-04-03T01:03:27","date_gmt":"2026-04-02T22:03:27","guid":{"rendered":"http:\/\/new.ceasuri.md\/shop\/uncategorized\/poljot-international-kirovsky-le-2415-1981152z\/"},"modified":"2026-04-22T16:16:15","modified_gmt":"2026-04-22T13:16:15","slug":"poljot-international-kirovsky-le-2415-1981152z","status":"publish","type":"product","link":"https:\/\/ceasuri.md\/ru\/shop\/branduri\/poljot-international\/poljot-international-kirovsky-le-2415-1981152z\/","title":{"rendered":"\u0427\u0430\u0441\u044b POLJOT INTERNATIONAL KIROVSKY LE 2415.1981152Z"},"content":{"rendered":"<p>Ceas clasic tradi\u021bional, succesorul colec\u021biei existente \u201eKirovsky\u201d. Modelul este inspirat de designul clasic de succes din anii 1940, cu urechi neobi\u0219nuite ale curelei.<\/p>\n<p>Cadranul cu model guilloch\u00e9 se remarc\u0103 prin designul rafinat \u0219i clar \u0219i este protejat de sticl\u0103 de safir. Acele de form\u0103 clasic\u0103 Daufine asigur\u0103 o citire confortabil\u0103 a orei.<\/p>\n<p>Ceasul este echipat cu un mecanism automat Vostok 2415 cu secundarul deplasat \u00een pozi\u021bia \u201e9 ore\u201d. Pentru a putea regla pozi\u021bia secundarului \u00een pozi\u021bia \u201e9 ore\u201d, ca \u00een original, coroana a fost fixat\u0103 pe carcas\u0103 \u00een pozi\u021bia \u201e2 ore\u201d. Astfel, mecanismul se rotea \u00een sens invers acelor de ceasornic. Rotorul mecanismului este decorat cu dungi genoveze, iar \u0219uruburile sunt vopsite \u00een culoarea albastr\u0103.<\/p>\n<p>Modelul este disponibil \u00eentr-o edi\u021bie limitat\u0103 de 99 de exemplare. Designerul a dorit s\u0103 aduc\u0103 un omagiu fiec\u0103rui model din seria limitat\u0103 \u0219i, prin urmare, a decis s\u0103 afi\u0219eze num\u0103rul limitat cu cifre mari pe fiecare cadran. \u00cen pozi\u021bia \u201eora 3\u201d este afi\u0219at num\u0103rul corespunz\u0103tor, astfel \u00eenc\u00e2t fiecare cadran este unic.<\/p>\n<p>Sunt disponibile modelele cu nr. 03, 04, 07, 08 din 99.<\/p>","protected":false},"excerpt":{"rendered":"<p>Ceas clasic tradi\u021bional, succesorul colec\u021biei existente \u201eKirovsky\u201d. Modelul este inspirat de designul clasic de succes din anii 1940, cu urechi neobi\u0219nuite ale curelei. Cadranul cu model guilloch\u00e9 se remarc\u0103 prin designul rafinat \u0219i clar \u0219i este protejat de sticl\u0103 de safir. Acele de form\u0103 clasic\u0103 Daufine asigur\u0103 o citire confortabil\u0103 a orei. Ceasul este echipat [&hellip;]<\/p>\n","protected":false},"featured_media":59626,"comment_status":"closed","ping_status":"open","template":"","meta":{"_acf_changed":false},"product_brand":[],"product_cat":[20,25,106,205,569],"product_tag":[],"class_list":{"0":"post-59625","1":"product","2":"type-product","3":"status-publish","4":"has-post-thumbnail","6":"product_cat-ceasuri-barbati","7":"product_cat-ceasuri-dama","8":"product_cat-ceasuri-premium","9":"product_cat-limited-edition","10":"product_cat-poljot-international","11":"pa_brand-poljot-international","12":"pa_braslet-piele","13":"pa_corpus-40-mm","14":"pa_decor-zirconiu","15":"pa_forma-rotund","16":"pa_funcii-limited-edition","17":"pa_funcii-offset-second-hand","18":"pa_garatia-24-luni","19":"pa_korpus-argintiu","20":"pa_material-otel-inoxidabil","21":"pa_mehanizm-mecanic","22":"pa_mehanizm-mecanism-automatic","23":"pa_remeshok-maro","24":"pa_steklo-cristal-safir","25":"pa_strana-germania","26":"pa_voda-5-atm","28":"first","29":"instock","30":"purchasable","31":"product-type-simple"},"acf":[],"_links":{"self":[{"href":"https:\/\/ceasuri.md\/ru\/wp-json\/wp\/v2\/product\/59625","targetHints":{"allow":["GET"]}}],"collection":[{"href":"https:\/\/ceasuri.md\/ru\/wp-json\/wp\/v2\/product"}],"about":[{"href":"https:\/\/ceasuri.md\/ru\/wp-json\/wp\/v2\/types\/product"}],"replies":[{"embeddable":true,"href":"https:\/\/ceasuri.md\/ru\/wp-json\/wp\/v2\/comments?post=59625"}],"wp:featuredmedia":[{"embeddable":true,"href":"https:\/\/ceasuri.md\/ru\/wp-json\/wp\/v2\/media\/59626"}],"wp:attachment":[{"href":"https:\/\/ceasuri.md\/ru\/wp-json\/wp\/v2\/media?parent=59625"}],"wp:term":[{"taxonomy":"product_brand","embeddable":true,"href":"https:\/\/ceasuri.md\/ru\/wp-json\/wp\/v2\/product_brand?post=59625"},{"taxonomy":"product_cat","embeddable":true,"href":"https:\/\/ceasuri.md\/ru\/wp-json\/wp\/v2\/product_cat?post=59625"},{"taxonomy":"product_tag","embeddable":true,"href":"https:\/\/ceasuri.md\/ru\/wp-json\/wp\/v2\/product_tag?post=59625"}],"curies":[{"name":"wp","href":"https:\/\/api.w.org\/{rel}","templated":true}]}}