{"id":59615,"date":"2026-04-03T01:03:27","date_gmt":"2026-04-02T22:03:27","guid":{"rendered":"http:\/\/new.ceasuri.md\/shop\/uncategorized\/poljot-international-bolshoi-onegin-2761-1000153\/"},"modified":"2026-04-20T01:52:08","modified_gmt":"2026-04-19T22:52:08","slug":"poljot-international-bolshoi-onegin-2761-1000153","status":"publish","type":"product","link":"https:\/\/ceasuri.md\/ru\/shop\/branduri\/poljot-international\/poljot-international-bolshoi-onegin-2761-1000153\/","title":{"rendered":"\u0427\u0430\u0441\u044b POLJOT INTERNATIONAL BOLSHOI ONEGIN 2761.1000153"},"content":{"rendered":"<p>Opera \u201eEvgheni Oneghin\u201d a fost compus\u0103 \u00een jurul anului 1878 de compozitorul Ceaikovski. Ea se bazeaz\u0103 pe romanul omonim al lui Alexandru Pu\u0219kin, \u201eEvgheni Oneghin\u201d.<\/p>\n<p>Magnificul model \u201eOnegin\u201d combin\u0103 perfect mecanismul scheletat, ingenios \u0219i aproape poetic, cu \u00eenf\u0103\u0219urare manual\u0103 \u0219i designul vintage, inspirat de acea epoc\u0103.<\/p>\n<p>Culorile se potrivesc perfect cu tema. Cadranul este protejat de sticl\u0103 de safir \u0219i decorat cu un model \u00een dungi, iar elementele aurite faciliteaz\u0103 citirea orei. Acele p\u0103trate cu acoperire luminescent\u0103 completeaz\u0103 designul \u0219i permit determinarea orei chiar \u0219i noaptea.<\/p>\n<p>Cureaua rezistent\u0103 din piele de culoare gri se potrive\u0219te perfect ceasului \u0219i se asorteaz\u0103 cu culoarea cadranului. Cus\u0103tura groas\u0103 alb\u0103 matlasat\u0103 subliniaz\u0103, de asemenea, stilul vintage.<\/p>","protected":false},"excerpt":{"rendered":"<p>Opera \u201eEvgheni Oneghin\u201d a fost compus\u0103 \u00een jurul anului 1878 de compozitorul Ceaikovski. Ea se bazeaz\u0103 pe romanul omonim al lui Alexandru Pu\u0219kin, \u201eEvgheni Oneghin\u201d. Magnificul model \u201eOnegin\u201d combin\u0103 perfect mecanismul scheletat, ingenios \u0219i aproape poetic, cu \u00eenf\u0103\u0219urare manual\u0103 \u0219i designul vintage, inspirat de acea epoc\u0103. Culorile se potrivesc perfect cu tema. Cadranul este protejat [&hellip;]<\/p>\n","protected":false},"featured_media":59616,"comment_status":"closed","ping_status":"open","template":"","meta":{"_acf_changed":false},"product_brand":[],"product_cat":[20,106,569],"product_tag":[],"class_list":{"0":"post-59615","1":"product","2":"type-product","3":"status-publish","4":"has-post-thumbnail","6":"product_cat-ceasuri-barbati","7":"product_cat-ceasuri-premium","8":"product_cat-poljot-international","9":"pa_brand-poljot-international","10":"pa_braslet-piele","11":"pa_corpus-39x39-mm","12":"pa_forma-patrat","13":"pa_funcii-offset-second-hand","14":"pa_funcii-schelet","15":"pa_garatia-24-luni","16":"pa_korpus-argintiu","17":"pa_material-otel-inoxidabil","18":"pa_mehanizm-bobinaj-manual","19":"pa_mehanizm-mecanic","20":"pa_remeshok-gri","21":"pa_steklo-cristal-safir","22":"pa_strana-germania","23":"pa_voda-3-atm","25":"first","26":"instock","27":"purchasable","28":"product-type-simple"},"acf":[],"_links":{"self":[{"href":"https:\/\/ceasuri.md\/ru\/wp-json\/wp\/v2\/product\/59615","targetHints":{"allow":["GET"]}}],"collection":[{"href":"https:\/\/ceasuri.md\/ru\/wp-json\/wp\/v2\/product"}],"about":[{"href":"https:\/\/ceasuri.md\/ru\/wp-json\/wp\/v2\/types\/product"}],"replies":[{"embeddable":true,"href":"https:\/\/ceasuri.md\/ru\/wp-json\/wp\/v2\/comments?post=59615"}],"wp:featuredmedia":[{"embeddable":true,"href":"https:\/\/ceasuri.md\/ru\/wp-json\/wp\/v2\/media\/59616"}],"wp:attachment":[{"href":"https:\/\/ceasuri.md\/ru\/wp-json\/wp\/v2\/media?parent=59615"}],"wp:term":[{"taxonomy":"product_brand","embeddable":true,"href":"https:\/\/ceasuri.md\/ru\/wp-json\/wp\/v2\/product_brand?post=59615"},{"taxonomy":"product_cat","embeddable":true,"href":"https:\/\/ceasuri.md\/ru\/wp-json\/wp\/v2\/product_cat?post=59615"},{"taxonomy":"product_tag","embeddable":true,"href":"https:\/\/ceasuri.md\/ru\/wp-json\/wp\/v2\/product_tag?post=59615"}],"curies":[{"name":"wp","href":"https:\/\/api.w.org\/{rel}","templated":true}]}}