{"id":59609,"date":"2026-04-03T01:03:27","date_gmt":"2026-04-02T22:03:27","guid":{"rendered":"http:\/\/new.ceasuri.md\/shop\/uncategorized\/poljot-international-bolshoi-nutcracker-2820-1000131\/"},"modified":"2026-04-20T01:52:09","modified_gmt":"2026-04-19T22:52:09","slug":"poljot-international-bolshoi-nutcracker-2820-1000131","status":"publish","type":"product","link":"https:\/\/ceasuri.md\/ru\/shop\/branduri\/poljot-international\/poljot-international-bolshoi-nutcracker-2820-1000131\/","title":{"rendered":"\u0427\u0430\u0441\u044b POLJOT INTERNATIONAL BOLSHOI NUTCRACKER 2820.1000131"},"content":{"rendered":"<p>Modelul \u201eSp\u0103rg\u0103torul de nuci\u201d este un ceas fascinant, inspirat de frumuse\u021bea etern\u0103 a celebrului balet rus.<\/p>\n<p>Carcasa este fabricat\u0103 din o\u021bel inoxidabil. Datorit\u0103 rezisten\u021bei la ap\u0103 de 3 ATM \u0219i capacului din sticl\u0103, ceasul se remarc\u0103 prin puritatea estetic\u0103 \u0219i construc\u021bia robust\u0103.<\/p>\n<p>Cadranul de un frumos culoare argintie \u00eenc\u00e2nt\u0103 prin designul s\u0103u scheletizat, care confer\u0103 ceasului un aspect str\u0103lucitor. Acesta este protejat de sticl\u0103 de safir.<\/p>\n<p>Acele sunt acoperite cu material luminescent \u0219i asigur\u0103 o lizibilitate optim\u0103 chiar \u0219i \u00een condi\u021bii de iluminare slab\u0103.<\/p>\n<p>Mecanismul automat scheletat \u0219i decorat rafinat al ceasului este o adev\u0103rat\u0103 oper\u0103 de art\u0103, care subliniaz\u0103 aten\u021bia la detalii \u0219i m\u0103iestria de fabrica\u021bie.<\/p>\n<p>Modelul \u201eSp\u0103rg\u0103torul de nuci\u201d \u00eentruchipeaz\u0103 frumuse\u021bea etern\u0103 a celebrului balet \u0219i este gata s\u0103 cucereasc\u0103 inimile iubitorilor de ceasuri din \u00eentreaga lume. P\u0103trunde\u021bi \u00een lumea magic\u0103 a baletului \u201eSp\u0103rg\u0103torul de nuci\u201d \u0219i purta\u021bi acest ceas rafinat ca expresie a stilului dvs. personal \u0219i a pasiunii pentru art\u0103 \u0219i elegan\u021b\u0103.<\/p>","protected":false},"excerpt":{"rendered":"<p>Modelul \u201eSp\u0103rg\u0103torul de nuci\u201d este un ceas fascinant, inspirat de frumuse\u021bea etern\u0103 a celebrului balet rus. Carcasa este fabricat\u0103 din o\u021bel inoxidabil. Datorit\u0103 rezisten\u021bei la ap\u0103 de 3 ATM \u0219i capacului din sticl\u0103, ceasul se remarc\u0103 prin puritatea estetic\u0103 \u0219i construc\u021bia robust\u0103. Cadranul de un frumos culoare argintie \u00eenc\u00e2nt\u0103 prin designul s\u0103u scheletizat, care confer\u0103 [&hellip;]<\/p>\n","protected":false},"featured_media":59610,"comment_status":"closed","ping_status":"open","template":"","meta":{"_acf_changed":false},"product_brand":[],"product_cat":[20,106,569],"product_tag":[],"class_list":{"0":"post-59609","1":"product","2":"type-product","3":"status-publish","4":"has-post-thumbnail","6":"product_cat-ceasuri-barbati","7":"product_cat-ceasuri-premium","8":"product_cat-poljot-international","9":"pa_brand-poljot-international","10":"pa_braslet-piele","11":"pa_corpus-39x39-mm","12":"pa_forma-patrat","13":"pa_funcii-schelet","14":"pa_garatia-24-luni","15":"pa_korpus-argintiu","16":"pa_material-otel-inoxidabil","17":"pa_mehanizm-mecanic","18":"pa_mehanizm-mecanism-automatic","19":"pa_remeshok-maro","20":"pa_steklo-cristal-safir","21":"pa_strana-germania","22":"pa_voda-3-atm","24":"first","25":"instock","26":"purchasable","27":"product-type-simple"},"acf":[],"_links":{"self":[{"href":"https:\/\/ceasuri.md\/ru\/wp-json\/wp\/v2\/product\/59609","targetHints":{"allow":["GET"]}}],"collection":[{"href":"https:\/\/ceasuri.md\/ru\/wp-json\/wp\/v2\/product"}],"about":[{"href":"https:\/\/ceasuri.md\/ru\/wp-json\/wp\/v2\/types\/product"}],"replies":[{"embeddable":true,"href":"https:\/\/ceasuri.md\/ru\/wp-json\/wp\/v2\/comments?post=59609"}],"wp:featuredmedia":[{"embeddable":true,"href":"https:\/\/ceasuri.md\/ru\/wp-json\/wp\/v2\/media\/59610"}],"wp:attachment":[{"href":"https:\/\/ceasuri.md\/ru\/wp-json\/wp\/v2\/media?parent=59609"}],"wp:term":[{"taxonomy":"product_brand","embeddable":true,"href":"https:\/\/ceasuri.md\/ru\/wp-json\/wp\/v2\/product_brand?post=59609"},{"taxonomy":"product_cat","embeddable":true,"href":"https:\/\/ceasuri.md\/ru\/wp-json\/wp\/v2\/product_cat?post=59609"},{"taxonomy":"product_tag","embeddable":true,"href":"https:\/\/ceasuri.md\/ru\/wp-json\/wp\/v2\/product_tag?post=59609"}],"curies":[{"name":"wp","href":"https:\/\/api.w.org\/{rel}","templated":true}]}}