{"id":59588,"date":"2026-04-03T01:03:27","date_gmt":"2026-04-02T22:03:27","guid":{"rendered":"http:\/\/new.ceasuri.md\/shop\/uncategorized\/poljot-international-tourbillon-dynasty-le-3400-t-dyn-2\/"},"modified":"2026-04-20T01:52:18","modified_gmt":"2026-04-19T22:52:18","slug":"poljot-international-tourbillon-dynasty-le-3400-t-dyn-2","status":"publish","type":"product","link":"https:\/\/ceasuri.md\/ru\/shop\/branduri\/poljot-international\/poljot-international-tourbillon-dynasty-le-3400-t-dyn-2\/","title":{"rendered":"\u0427\u0430\u0441\u044b POLJOT INTERNATIONAL TOURBILLON DYNASTY LE 3400.T-DYN-2"},"content":{"rendered":"<p>Numele acestui model \u2014 \u201eDinastia\u201d \u2014 a fost ales \u00een mod inten\u021bionat, deoarece cadranul \u00eentruchipeaz\u0103 o \u00eentreag\u0103 poveste istoric\u0103 rus\u0103 \u2014 de fapt, o \u00eentreag\u0103 dinastie.<\/p>\n<p>Pe cadran sunt reprezenta\u021bi \u021barii ru\u0219i din dinastia Romanov \u2013 de la fondatorul Mihail Fedorovici p\u00e2n\u0103 la ultimul \u021bar Nicolae al II-lea, inclusiv Petru cel Mare, Ecaterina a II-a, Elisabeta \u0219i al\u021bii.<\/p>\n<p>Pentru a onora \u00een mod demn memoria acestor personalit\u0103\u021bi importante, imaginile lor au fost realizate cu ajutorul unei imprim\u0103ri 3D de \u00eenalt\u0103 precizie, aplicat\u0103 pe cadran \u00een mai multe straturi. Aceast\u0103 tehnologie este nou\u0103 pentru marca Poljot-International \u0219i a fost utilizat\u0103 pentru prima dat\u0103 \u00een acest model special cu turbilion, ceea ce \u00eel face cu adev\u0103rat unic.<\/p>\n<p>Carcasa cu diametrul de 42 mm se remarc\u0103 prin propor\u021bii ideale, av\u00e2nd o \u00een\u0103l\u021bime de doar 12,47 mm cu sticl\u0103 safir bombat\u0103, ceea ce o face potrivit\u0103 pentru aproape orice \u00eencheietur\u0103.<\/p>\n<p>Ca mecanism ideal a fost ales calibrul 3400.PTS, care are func\u021bii importante, cum ar fi indicarea orelor, minutelor \u0219i secundelor, precum \u0219i o caret\u0103 turbilion spectaculoas\u0103, situat\u0103 \u00een pozi\u021bia \u201eora 6\u201d. Secundele sunt afi\u0219ate cu ajutorul unui pod turbilion inovator de la Poljot-International, realizat \u00een form\u0103 de s\u0103geat\u0103.<\/p>\n<p>Ceasul este echipat cu o curea neagr\u0103 din piele de crocodil \u0219i este produs \u00eentr-o serie limitat\u0103 de doar 100 de exemplare, combin\u00e2nd semnifica\u021bia istoric\u0103 \u0219i inova\u021biile moderne.<\/p>\n<p>Este disponibil modelul nr. 024 din 100.<\/p>","protected":false},"excerpt":{"rendered":"<p>Numele acestui model \u2014 \u201eDinastia\u201d \u2014 a fost ales \u00een mod inten\u021bionat, deoarece cadranul \u00eentruchipeaz\u0103 o \u00eentreag\u0103 poveste istoric\u0103 rus\u0103 \u2014 de fapt, o \u00eentreag\u0103 dinastie. Pe cadran sunt reprezenta\u021bi \u021barii ru\u0219i din dinastia Romanov \u2013 de la fondatorul Mihail Fedorovici p\u00e2n\u0103 la ultimul \u021bar Nicolae al II-lea, inclusiv Petru cel Mare, Ecaterina a II-a, [&hellip;]<\/p>\n","protected":false},"featured_media":59589,"comment_status":"closed","ping_status":"open","template":"","meta":{"_acf_changed":false},"product_brand":[],"product_cat":[20,106,205,569],"product_tag":[],"class_list":{"0":"post-59588","1":"product","2":"type-product","3":"status-publish","4":"has-post-thumbnail","6":"product_cat-ceasuri-barbati","7":"product_cat-ceasuri-premium","8":"product_cat-limited-edition","9":"product_cat-poljot-international","10":"pa_brand-poljot-international","11":"pa_braslet-piele","12":"pa_corpus-42-mm","13":"pa_forma-rotund","14":"pa_funcii-limited-edition","15":"pa_funcii-offset-second-hand","16":"pa_funcii-semischelet","17":"pa_garatia-24-luni","18":"pa_korpus-auriu","19":"pa_material-otel-inoxidabil","20":"pa_mehanizm-bobinaj-manual","21":"pa_mehanizm-mecanic","22":"pa_mehanizm-tourbillon","23":"pa_remeshok-negru","24":"pa_steklo-cristal-safir","25":"pa_strana-germania","26":"pa_voda-5-atm","28":"first","29":"instock","30":"purchasable","31":"product-type-simple"},"acf":[],"_links":{"self":[{"href":"https:\/\/ceasuri.md\/ru\/wp-json\/wp\/v2\/product\/59588","targetHints":{"allow":["GET"]}}],"collection":[{"href":"https:\/\/ceasuri.md\/ru\/wp-json\/wp\/v2\/product"}],"about":[{"href":"https:\/\/ceasuri.md\/ru\/wp-json\/wp\/v2\/types\/product"}],"replies":[{"embeddable":true,"href":"https:\/\/ceasuri.md\/ru\/wp-json\/wp\/v2\/comments?post=59588"}],"wp:featuredmedia":[{"embeddable":true,"href":"https:\/\/ceasuri.md\/ru\/wp-json\/wp\/v2\/media\/59589"}],"wp:attachment":[{"href":"https:\/\/ceasuri.md\/ru\/wp-json\/wp\/v2\/media?parent=59588"}],"wp:term":[{"taxonomy":"product_brand","embeddable":true,"href":"https:\/\/ceasuri.md\/ru\/wp-json\/wp\/v2\/product_brand?post=59588"},{"taxonomy":"product_cat","embeddable":true,"href":"https:\/\/ceasuri.md\/ru\/wp-json\/wp\/v2\/product_cat?post=59588"},{"taxonomy":"product_tag","embeddable":true,"href":"https:\/\/ceasuri.md\/ru\/wp-json\/wp\/v2\/product_tag?post=59588"}],"curies":[{"name":"wp","href":"https:\/\/api.w.org\/{rel}","templated":true}]}}