{"id":59583,"date":"2025-08-20T12:45:03","date_gmt":"2025-08-20T09:45:03","guid":{"rendered":"http:\/\/new.ceasuri.md\/shop\/uncategorized\/poljot-international-tourbillon-xviii-le-3400-t-xviii-cs\/"},"modified":"2026-05-01T19:33:43","modified_gmt":"2026-05-01T16:33:43","slug":"poljot-international-tourbillon-xviii-le-3400-t-xviii-cs","status":"publish","type":"product","link":"https:\/\/ceasuri.md\/ru\/shop\/branduri\/poljot-international\/poljot-international-tourbillon-xviii-le-3400-t-xviii-cs\/","title":{"rendered":"\u0427\u0430\u0441\u044b POLJOT INTERNATIONAL TOURBILLON XVIII LE 3400.T-XVIII-CS"},"content":{"rendered":"<p>Turbillonul \u2014 o legend\u0103 \u00een lumea ceasurilor, renumit pentru precizia sa excep\u021bional\u0103. Acest mecanism revolu\u021bionar a fost creat \u00een 1795 de Abraham-Louis Breguet \u0219i, de atunci, a avut o influen\u021b\u0103 semnificativ\u0103 asupra lumii ceasornic\u0103riei.<\/p>\n<p>\u00cen acest secol, compania Breguet a dezvoltat nu numai tehnologia turbilionului, ci \u0219i multe alte inova\u021bii \u0219i descoperiri. Prin urmare, acest turbilion este dedicat nu numai inventatorului turbilionului, ci \u0219i secolului \u00eensu\u0219i, care a fost martorul multor descoperiri revolu\u021bionare. Acest ceas \u00eentruchipeaz\u0103 simbioza dintre tradi\u021bii, inova\u021bii \u0219i spiritul descoperirilor acelei epoci.<\/p>\n<p>Mecanismul 3400.PTS a fost ales ca o combina\u021bie ideal\u0103 cu func\u021biile de baz\u0103 ale ceasului, minute \u0219i secunde, precum \u0219i cu careta spectaculoas\u0103 a turbilionului, situat\u0103 \u00een pozi\u021bia \u201eora 6\u201d. Secundele sunt afi\u0219ate cu ajutorul podului inovator al turbilionului Poljot-International, realizat \u00een form\u0103 de s\u0103geat\u0103.<\/p>\n<p>Indicii clasici sunt aplica\u021bi pe cadran ca indici. Ora este indicat\u0103 de acul central al orelor \u0219i minutelor, iar secundele &#8211; de acul de pe puntea turbilionului. Carcasa elegant\u0103, cu un diametru de 42 mm, este pu\u021bin mai mic\u0103 dec\u00e2t alte turbilioane Poljot-International. Cu o \u00een\u0103l\u021bime de doar 12,47 mm \u0219i sticl\u0103 safir bombat\u0103, este perfect\u0103 pentru aproape orice \u00eencheietur\u0103. <\/p>\n<p>\u00centregul design este atent g\u00e2ndit p\u00e2n\u0103 \u00een cele mai mici detalii, ceea ce creeaz\u0103 \u00een final un aspect armonios \u0219i rafinat.<\/p>\n<p>Seria limitat\u0103 de 100 de exemplare. Este disponibil modelul nr. 029 din 100.<\/p>","protected":false},"excerpt":{"rendered":"<p>Turbillonul \u2014 o legend\u0103 \u00een lumea ceasurilor, renumit pentru precizia sa excep\u021bional\u0103. Acest mecanism revolu\u021bionar a fost creat \u00een 1795 de Abraham-Louis Breguet \u0219i, de atunci, a avut o influen\u021b\u0103 semnificativ\u0103 asupra lumii ceasornic\u0103riei. \u00cen acest secol, compania Breguet a dezvoltat nu numai tehnologia turbilionului, ci \u0219i multe alte inova\u021bii \u0219i descoperiri. Prin urmare, acest [&hellip;]<\/p>\n","protected":false},"featured_media":59584,"comment_status":"closed","ping_status":"open","template":"","meta":{"_acf_changed":false},"product_brand":[],"product_cat":[20,106,205,569],"product_tag":[],"class_list":{"0":"post-59583","1":"product","2":"type-product","3":"status-publish","4":"has-post-thumbnail","6":"product_cat-ceasuri-barbati","7":"product_cat-ceasuri-premium","8":"product_cat-limited-edition","9":"product_cat-poljot-international","10":"pa_brand-poljot-international","11":"pa_braslet-piele","12":"pa_corpus-42-mm","13":"pa_forma-rotund","14":"pa_funcii-limited-edition","15":"pa_funcii-offset-second-hand","16":"pa_funcii-semischelet","17":"pa_garatia-24-luni","18":"pa_korpus-argintiu","19":"pa_material-otel-inoxidabil","20":"pa_mehanizm-bobinaj-manual","21":"pa_mehanizm-mecanic","22":"pa_mehanizm-tourbillon","23":"pa_remeshok-albastru-inchis","24":"pa_steklo-cristal-safir","25":"pa_strana-germania","26":"pa_voda-5-atm","28":"first","29":"instock","30":"purchasable","31":"product-type-simple"},"acf":[],"_links":{"self":[{"href":"https:\/\/ceasuri.md\/ru\/wp-json\/wp\/v2\/product\/59583","targetHints":{"allow":["GET"]}}],"collection":[{"href":"https:\/\/ceasuri.md\/ru\/wp-json\/wp\/v2\/product"}],"about":[{"href":"https:\/\/ceasuri.md\/ru\/wp-json\/wp\/v2\/types\/product"}],"replies":[{"embeddable":true,"href":"https:\/\/ceasuri.md\/ru\/wp-json\/wp\/v2\/comments?post=59583"}],"wp:featuredmedia":[{"embeddable":true,"href":"https:\/\/ceasuri.md\/ru\/wp-json\/wp\/v2\/media\/59584"}],"wp:attachment":[{"href":"https:\/\/ceasuri.md\/ru\/wp-json\/wp\/v2\/media?parent=59583"}],"wp:term":[{"taxonomy":"product_brand","embeddable":true,"href":"https:\/\/ceasuri.md\/ru\/wp-json\/wp\/v2\/product_brand?post=59583"},{"taxonomy":"product_cat","embeddable":true,"href":"https:\/\/ceasuri.md\/ru\/wp-json\/wp\/v2\/product_cat?post=59583"},{"taxonomy":"product_tag","embeddable":true,"href":"https:\/\/ceasuri.md\/ru\/wp-json\/wp\/v2\/product_tag?post=59583"}],"curies":[{"name":"wp","href":"https:\/\/api.w.org\/{rel}","templated":true}]}}