{"id":59568,"date":"2026-04-03T01:03:27","date_gmt":"2026-04-02T22:03:27","guid":{"rendered":"http:\/\/new.ceasuri.md\/shop\/uncategorized\/poljot-international-jaros-gmt-34nh-4200112\/"},"modified":"2026-04-20T01:52:21","modified_gmt":"2026-04-19T22:52:21","slug":"poljot-international-jaros-gmt-34nh-4200112","status":"publish","type":"product","link":"https:\/\/ceasuri.md\/ru\/shop\/branduri\/poljot-international\/poljot-international-jaros-gmt-34nh-4200112\/","title":{"rendered":"\u0427\u0430\u0441\u044b POLJOT INTERNATIONAL JAROS GMT 34NH.4200112"},"content":{"rendered":"<p>Modelul Jaros GMT este realizat \u00eentr-un stil clasic \u0219i elegant, ceea ce \u00eel face confortabil de purtat \u00een orice situa\u021bie de zi cu zi. Acesta impresioneaz\u0103 nu numai prin designul s\u0103u discret, ci \u0219i prin carcasa mai compact\u0103 \u0219i mai sub\u021bire, cu un diametru de 42 mm, ceea ce \u00eel face mai sub\u021bire dec\u00e2t modelele obi\u0219nuite din aceast\u0103 colec\u021bie, cu un diametru al carcasei de 43,5 mm. Prin urmare, este perfect\u0103 at\u00e2t pentru b\u0103rba\u021bi, c\u00e2t \u0219i pentru femei.<\/p>\n<p>Ceasurile mecanice cu func\u021bie GMT afi\u0219eaz\u0103, de asemenea, ora din al doilea fus orar, \u00een plus fa\u021b\u0103 de ora local\u0103. GMT \u00eenseamn\u0103 \u201eGreenwich Mean Time\u201d (ora medie Greenwich), care ini\u021bial \u00eensemna ora solar\u0103 medie la meridianul zero din Greenwich, Anglia. Ora Greenwich este afi\u0219at\u0103 de o ac separat\u0103 cu v\u00e2rful triunghiular la marginea exterioar\u0103 a cadranului. Aceast\u0103 ac face o rota\u021bie complet\u0103 \u00een jurul cadranului la fiecare 24 de ore, spre deosebire de acul orar, care face o rota\u021bie la fiecare 12 ore. Indicarea obi\u0219nuit\u0103 a orei este reprezentat\u0103 de ceasul dreptunghiular suprapus. Func\u021bia GMT poate fi setat\u0103 pentru a afi\u0219a orice fus orar, ceea ce este deosebit de util pentru c\u0103l\u0103torii care doresc s\u0103 verifice simultan ora din fusul orar de origine \u0219i din cel actual.<\/p>\n<p>Denumirea \u201eYaros\u201d provine de la modelele Yaroslav \u0219i face parte din gama clasic\u0103 Poljot-International. Aceast\u0103 linie continu\u0103 tradi\u021biile \u0219i le dezvolt\u0103. Modelul este completat de o curea din piele de vi\u021bel cu imprimeu crocodil, ceea ce \u00eel face un companion ideal at\u00e2t pentru zi, c\u00e2t \u0219i pentru sear\u0103.<\/p>","protected":false},"excerpt":{"rendered":"<p>Modelul Jaros GMT este realizat \u00eentr-un stil clasic \u0219i elegant, ceea ce \u00eel face confortabil de purtat \u00een orice situa\u021bie de zi cu zi. Acesta impresioneaz\u0103 nu numai prin designul s\u0103u discret, ci \u0219i prin carcasa mai compact\u0103 \u0219i mai sub\u021bire, cu un diametru de 42 mm, ceea ce \u00eel face mai sub\u021bire dec\u00e2t modelele [&hellip;]<\/p>\n","protected":false},"featured_media":59569,"comment_status":"closed","ping_status":"open","template":"","meta":{"_acf_changed":false},"product_brand":[],"product_cat":[20,25,106,569],"product_tag":[],"class_list":{"0":"post-59568","1":"product","2":"type-product","3":"status-publish","4":"has-post-thumbnail","6":"product_cat-ceasuri-barbati","7":"product_cat-ceasuri-dama","8":"product_cat-ceasuri-premium","9":"product_cat-poljot-international","10":"pa_brand-poljot-international","11":"pa_braslet-piele","12":"pa_corpus-42-mm","13":"pa_forma-rotund","14":"pa_funcii-data","15":"pa_funcii-gmt","16":"pa_garatia-24-luni","17":"pa_korpus-argintiu","18":"pa_material-otel-inoxidabil","19":"pa_mehanizm-mecanic","20":"pa_mehanizm-mecanism-automatic","21":"pa_remeshok-albastru-inchis","22":"pa_steklo-cristal-safir","23":"pa_strana-germania","24":"pa_voda-5-atm","26":"first","27":"instock","28":"purchasable","29":"product-type-simple"},"acf":[],"_links":{"self":[{"href":"https:\/\/ceasuri.md\/ru\/wp-json\/wp\/v2\/product\/59568","targetHints":{"allow":["GET"]}}],"collection":[{"href":"https:\/\/ceasuri.md\/ru\/wp-json\/wp\/v2\/product"}],"about":[{"href":"https:\/\/ceasuri.md\/ru\/wp-json\/wp\/v2\/types\/product"}],"replies":[{"embeddable":true,"href":"https:\/\/ceasuri.md\/ru\/wp-json\/wp\/v2\/comments?post=59568"}],"wp:featuredmedia":[{"embeddable":true,"href":"https:\/\/ceasuri.md\/ru\/wp-json\/wp\/v2\/media\/59569"}],"wp:attachment":[{"href":"https:\/\/ceasuri.md\/ru\/wp-json\/wp\/v2\/media?parent=59568"}],"wp:term":[{"taxonomy":"product_brand","embeddable":true,"href":"https:\/\/ceasuri.md\/ru\/wp-json\/wp\/v2\/product_brand?post=59568"},{"taxonomy":"product_cat","embeddable":true,"href":"https:\/\/ceasuri.md\/ru\/wp-json\/wp\/v2\/product_cat?post=59568"},{"taxonomy":"product_tag","embeddable":true,"href":"https:\/\/ceasuri.md\/ru\/wp-json\/wp\/v2\/product_tag?post=59568"}],"curies":[{"name":"wp","href":"https:\/\/api.w.org\/{rel}","templated":true}]}}