{"id":59562,"date":"2026-04-03T01:03:27","date_gmt":"2026-04-02T22:03:27","guid":{"rendered":"http:\/\/new.ceasuri.md\/shop\/uncategorized\/poljot-international-gorbatchov-le-36nh-4200114\/"},"modified":"2026-04-20T01:52:22","modified_gmt":"2026-04-19T22:52:22","slug":"poljot-international-gorbatchov-le-36nh-4200114","status":"publish","type":"product","link":"https:\/\/ceasuri.md\/ru\/shop\/branduri\/poljot-international\/poljot-international-gorbatchov-le-36nh-4200114\/","title":{"rendered":"\u0427\u0430\u0441\u044b POLJOT INTERNATIONAL GORBATCHOV LE 36NH.4200114"},"content":{"rendered":"<p>\u00cen anii &#8217;90 ai secolului XX, chipul acestui om era cunoscut tuturor. Faima lui dep\u0103\u0219ea pe cea a oric\u0103rui idol.<br \/>\nMihail Gorbaciov a fost cel care a d\u0103r\u00e2mat \u201ecortina de fier\u201d dintre Est \u0219i Vest. El \u0219i-a l\u0103sat amprenta \u00een istorie \u0219i a f\u0103cut tot posibilul pentru pace.<\/p>\n<p>\u00cen 2025, marca \u201ePolet International\u201d \u00eei aduce pentru a treia oar\u0103 un omagiu lui Mihail Gorbaciov, prezent\u00e2nd continuarea ceasurilor \u201eGorbi\u201d, create cu mult\u0103 dragoste. Diferen\u021ba fa\u021b\u0103 de modelele anterioare const\u0103 \u00een noul design al carcasei: diametrul este acum de 42 de milimetri, iar \u00een\u0103l\u021bimea de 12,77 milimetri. Cadranul este curbat la margini, ceea ce face ca carcasa s\u0103 par\u0103 mai sub\u021bire.<\/p>\n<p>Noile modele sunt disponibile \u00een dou\u0103 culori superbe: verde \u0219i albastru. Verde simbolizeaz\u0103 speran\u021ba, iar albastru are un efect calmant \u0219i purificator. Ambele culori i-ar fi pl\u0103cut cu siguran\u021b\u0103 lui Mihail Gorbaciov \u0219i confer\u0103 acestor ceasuri o semnifica\u021bie special\u0103.<\/p>\n<p>Inima ceasului a suferit, de asemenea, modific\u0103ri: \u00een interiorul noilor modele se afl\u0103 un mecanism automat Seiko NH36 cu 24 de pietre, indicator de dat\u0103 \u0219i zi a s\u0103pt\u0103m\u00e2nii \u00een pozi\u021bia \u201e3 ore\u201d \u0219i o rezerv\u0103 de mers de 41 de ore.<\/p>\n<p>Datorit\u0103 limit\u0103rii stricte a produc\u021biei \u2013 doar 100 de exemplare din fiecare model \u2013 aceste ceasuri vor deveni nu numai un obiect de colec\u021bie r\u00e2vnit, ci \u0219i un omagiu adus unei personalit\u0103\u021bi remarcabile \u0219i o parte a istoriei mondiale.<\/p>\n<p>Este disponibil modelul nr. 049 din 100.<\/p>","protected":false},"excerpt":{"rendered":"<p>\u00cen anii &#8217;90 ai secolului XX, chipul acestui om era cunoscut tuturor. Faima lui dep\u0103\u0219ea pe cea a oric\u0103rui idol. Mihail Gorbaciov a fost cel care a d\u0103r\u00e2mat \u201ecortina de fier\u201d dintre Est \u0219i Vest. El \u0219i-a l\u0103sat amprenta \u00een istorie \u0219i a f\u0103cut tot posibilul pentru pace. \u00cen 2025, marca \u201ePolet International\u201d \u00eei aduce [&hellip;]<\/p>\n","protected":false},"featured_media":59563,"comment_status":"closed","ping_status":"open","template":"","meta":{"_acf_changed":false},"product_brand":[],"product_cat":[20,106,205,569],"product_tag":[],"class_list":{"0":"post-59562","1":"product","2":"type-product","3":"status-publish","4":"has-post-thumbnail","6":"product_cat-ceasuri-barbati","7":"product_cat-ceasuri-premium","8":"product_cat-limited-edition","9":"product_cat-poljot-international","10":"pa_brand-poljot-international","11":"pa_braslet-piele","12":"pa_corpus-42-mm","13":"pa_forma-rotund","14":"pa_funcii-data","15":"pa_funcii-limited-edition","16":"pa_funcii-ziua-saptamanii","17":"pa_garatia-24-luni","18":"pa_korpus-argintiu","19":"pa_material-otel-inoxidabil","20":"pa_mehanizm-mecanic","21":"pa_mehanizm-mecanism-automatic","22":"pa_remeshok-albastru-inchis","23":"pa_steklo-cristal-safir","24":"pa_strana-germania","25":"pa_voda-5-atm","27":"first","28":"instock","29":"purchasable","30":"product-type-simple"},"acf":[],"_links":{"self":[{"href":"https:\/\/ceasuri.md\/ru\/wp-json\/wp\/v2\/product\/59562","targetHints":{"allow":["GET"]}}],"collection":[{"href":"https:\/\/ceasuri.md\/ru\/wp-json\/wp\/v2\/product"}],"about":[{"href":"https:\/\/ceasuri.md\/ru\/wp-json\/wp\/v2\/types\/product"}],"replies":[{"embeddable":true,"href":"https:\/\/ceasuri.md\/ru\/wp-json\/wp\/v2\/comments?post=59562"}],"wp:featuredmedia":[{"embeddable":true,"href":"https:\/\/ceasuri.md\/ru\/wp-json\/wp\/v2\/media\/59563"}],"wp:attachment":[{"href":"https:\/\/ceasuri.md\/ru\/wp-json\/wp\/v2\/media?parent=59562"}],"wp:term":[{"taxonomy":"product_brand","embeddable":true,"href":"https:\/\/ceasuri.md\/ru\/wp-json\/wp\/v2\/product_brand?post=59562"},{"taxonomy":"product_cat","embeddable":true,"href":"https:\/\/ceasuri.md\/ru\/wp-json\/wp\/v2\/product_cat?post=59562"},{"taxonomy":"product_tag","embeddable":true,"href":"https:\/\/ceasuri.md\/ru\/wp-json\/wp\/v2\/product_tag?post=59562"}],"curies":[{"name":"wp","href":"https:\/\/api.w.org\/{rel}","templated":true}]}}