{"id":59557,"date":"2026-04-03T01:02:14","date_gmt":"2026-04-02T22:02:14","guid":{"rendered":"http:\/\/new.ceasuri.md\/shop\/uncategorized\/poljot-international-orbita-le-9931-2940566\/"},"modified":"2026-04-20T01:52:22","modified_gmt":"2026-04-19T22:52:22","slug":"poljot-international-orbita-le-9931-2940566","status":"publish","type":"product","link":"https:\/\/ceasuri.md\/ru\/shop\/branduri\/poljot-international\/poljot-international-orbita-le-9931-2940566\/","title":{"rendered":"\u0427\u0430\u0441\u044b POLJOT INTERNATIONAL ORBITA LE 9931.2940566"},"content":{"rendered":"<p>Sta\u021bia Spa\u021bial\u0103 Interna\u021bional\u0103 (ISS) este cea mai mare \u0219i mai longeviv\u0103 sta\u021bie spa\u021bial\u0103 creat\u0103 de omenire p\u00e2n\u0103 \u00een prezent. Este cel mai mare satelit al P\u0103m\u00e2ntului \u0219i cel mai mare obiect artificial din spa\u021biu. ISS efectueaz\u0103 o rota\u021bie complet\u0103 \u00een jurul P\u0103m\u00e2ntului la fiecare 93 de minute, la o altitudine de aproximativ 400 km. Din 2 noiembrie 2000, pe ISS se afl\u0103 permanent c\u0103l\u0103tori spa\u021biali.<\/p>\n<p>Noul model \u201eOrbita\u201d este dedicat tocmai acestei sta\u021bii spa\u021biale ISS, iar \u00eentregul design este adaptat cu aten\u021bie temei spa\u021biale.<br \/>\nPrivind cadranul, imediat se remarc\u0103 al doilea fus orar \u00een pozi\u021bia \u201e3 ore\u201d, care simbolizeaz\u0103 sta\u021bia spa\u021bial\u0103 ISS \u0219i P\u0103m\u00e2ntul.<\/p>\n<p>Secundarul \u00een pozi\u021bia \u201e6 ore\u201d este, de asemenea, simbolic decorat sub forma unei mici sta\u021bii spa\u021biale. Indicatoarele orare de pe partea exterioar\u0103 a cadranului sunt realizate sub forma unor stelu\u021be mici, ceea ce subliniaz\u0103 din nou tema spa\u021bial\u0103. \u00cen zona \u201e9 ore\u201d exist\u0103, de asemenea, un indicator de zi \u0219i noapte. Toate acele cu acoperire albastr\u0103 sunt acoperite cu un compus luminescent albastru, ceea ce asigur\u0103 u\u0219urin\u021ba citirii orei chiar \u0219i \u00een \u00eentuneric.<\/p>\n<p>Cureaua albastr\u0103 din piele de vi\u021bel subliniaz\u0103 complet tema. Carcasa rotund\u0103 de 43 mm din o\u021bel inoxidabil este acoperit\u0103 cu sticl\u0103 de safir.<\/p>\n<p>Noul model, lansat \u00eentr-o edi\u021bie limitat\u0103 de doar 400 de exemplare, cu un raport excelent calitate-pre\u021b, dep\u0103\u0219e\u0219te toate a\u0219tept\u0103rile.<\/p>\n<p>Sunt disponibile modelele cu nr. 040, 041 din 400.<\/p>","protected":false},"excerpt":{"rendered":"<p>Sta\u021bia Spa\u021bial\u0103 Interna\u021bional\u0103 (ISS) este cea mai mare \u0219i mai longeviv\u0103 sta\u021bie spa\u021bial\u0103 creat\u0103 de omenire p\u00e2n\u0103 \u00een prezent. Este cel mai mare satelit al P\u0103m\u00e2ntului \u0219i cel mai mare obiect artificial din spa\u021biu. ISS efectueaz\u0103 o rota\u021bie complet\u0103 \u00een jurul P\u0103m\u00e2ntului la fiecare 93 de minute, la o altitudine de aproximativ 400 km. Din [&hellip;]<\/p>\n","protected":false},"featured_media":59558,"comment_status":"closed","ping_status":"open","template":"","meta":{"_acf_changed":false},"product_brand":[],"product_cat":[20,106,205,569],"product_tag":[],"class_list":{"0":"post-59557","1":"product","2":"type-product","3":"status-publish","4":"has-post-thumbnail","6":"product_cat-ceasuri-barbati","7":"product_cat-ceasuri-premium","8":"product_cat-limited-edition","9":"product_cat-poljot-international","10":"pa_brand-poljot-international","11":"pa_braslet-piele","12":"pa_corpus-43-mm","13":"pa_forma-rotund","14":"pa_funcii-dual-time","15":"pa_funcii-limited-edition","16":"pa_funcii-offset-second-hand","17":"pa_funcii-schelet","18":"pa_garatia-24-luni","19":"pa_korpus-argintiu","20":"pa_material-otel-inoxidabil","21":"pa_mehanizm-bobinaj-manual","22":"pa_mehanizm-mecanic","23":"pa_remeshok-albastru-inchis","24":"pa_steklo-cristal-safir","25":"pa_strana-germania","26":"pa_voda-5-atm","28":"first","29":"instock","30":"purchasable","31":"product-type-simple"},"acf":[],"_links":{"self":[{"href":"https:\/\/ceasuri.md\/ru\/wp-json\/wp\/v2\/product\/59557","targetHints":{"allow":["GET"]}}],"collection":[{"href":"https:\/\/ceasuri.md\/ru\/wp-json\/wp\/v2\/product"}],"about":[{"href":"https:\/\/ceasuri.md\/ru\/wp-json\/wp\/v2\/types\/product"}],"replies":[{"embeddable":true,"href":"https:\/\/ceasuri.md\/ru\/wp-json\/wp\/v2\/comments?post=59557"}],"wp:featuredmedia":[{"embeddable":true,"href":"https:\/\/ceasuri.md\/ru\/wp-json\/wp\/v2\/media\/59558"}],"wp:attachment":[{"href":"https:\/\/ceasuri.md\/ru\/wp-json\/wp\/v2\/media?parent=59557"}],"wp:term":[{"taxonomy":"product_brand","embeddable":true,"href":"https:\/\/ceasuri.md\/ru\/wp-json\/wp\/v2\/product_brand?post=59557"},{"taxonomy":"product_cat","embeddable":true,"href":"https:\/\/ceasuri.md\/ru\/wp-json\/wp\/v2\/product_cat?post=59557"},{"taxonomy":"product_tag","embeddable":true,"href":"https:\/\/ceasuri.md\/ru\/wp-json\/wp\/v2\/product_tag?post=59557"}],"curies":[{"name":"wp","href":"https:\/\/api.w.org\/{rel}","templated":true}]}}