{"id":59552,"date":"2026-04-03T01:02:14","date_gmt":"2026-04-02T22:02:14","guid":{"rendered":"http:\/\/new.ceasuri.md\/shop\/uncategorized\/alexander-shorokhoff-summer-diamond-le-as-ap-som1d\/"},"modified":"2026-04-20T01:52:01","modified_gmt":"2026-04-19T22:52:01","slug":"alexander-shorokhoff-summer-diamond-le-as-ap-som1d","status":"publish","type":"product","link":"https:\/\/ceasuri.md\/ru\/shop\/branduri\/alexander-shorokhoff\/alexander-shorokhoff-summer-diamond-le-as-ap-som1d\/","title":{"rendered":"\u0427\u0430\u0441\u044b ALEXANDER SHOROKHOFF SUMMER DIAMOND LE AS.AP.SOM1D"},"content":{"rendered":"<p>Ceasurile Alexander Shorokhoff nu sunt \u00eentotdeauna str\u0103lucitoare, \u021bip\u0103toare \u0219i extravagante; uneori pot fi delicate \u0219i pur \u0219i simplu fermec\u0103toare \u2013 precum noul model \u201eVara\u201d. Cu acest model, Alexander Shorokhoff \u00eencheie seria de ceasuri \u201eAnotimpurile\u201d, care include modelele \u201eIarna\u201d, \u201eToamna\u201d \u0219i \u201ePrim\u0103vara\u201d.<\/p>\n<p>La prima vedere, r\u0103m\u00e2i literalmente \u201e\u00eenghe\u021bat\u201d de magia \u00eentruchipat\u0103 \u00een cadran. At\u00e2t micul fluture, c\u00e2t \u0219i frumoasa compozi\u021bie floral\u0103 sunt realizate sub form\u0103 de aplica\u021bii, folosind grafic\u0103 3D complex\u0103.<\/p>\n<p>Fundalul cadranului este realizat \u00een tehnica \u201eraze de soare\u201d, iar partea central\u0103 este acoperit\u0103 cu lac. Acele negre completeaz\u0103 perfect gravura laser argintie din centru. Cadranul este protejat de sticl\u0103 de safir.<\/p>\n<p>Carcasa este realizat\u0103 din o\u021bel inoxidabil \u0219i decorat\u0103 cu diamante. Capacul din spate are o gravur\u0103 manual\u0103 rafinat\u0103. Ceasul este rezistent la ap\u0103 p\u00e2n\u0103 la 3 atm.<\/p>\n<p>Cureaua str\u0103lucitoare se potrive\u0219te perfect cu culoarea cadranului.<\/p>\n<p>Acest model magic, lansat \u00eentr-o serie limitat\u0103 de doar 19 exemplare, are un raport excelent calitate-pre\u021b.<\/p>\n<p>Este disponibil modelul cu nr. 08 din 19.<\/p>","protected":false},"excerpt":{"rendered":"<p>Ceasurile Alexander Shorokhoff nu sunt \u00eentotdeauna str\u0103lucitoare, \u021bip\u0103toare \u0219i extravagante; uneori pot fi delicate \u0219i pur \u0219i simplu fermec\u0103toare \u2013 precum noul model \u201eVara\u201d. Cu acest model, Alexander Shorokhoff \u00eencheie seria de ceasuri \u201eAnotimpurile\u201d, care include modelele \u201eIarna\u201d, \u201eToamna\u201d \u0219i \u201ePrim\u0103vara\u201d. La prima vedere, r\u0103m\u00e2i literalmente \u201e\u00eenghe\u021bat\u201d de magia \u00eentruchipat\u0103 \u00een cadran. At\u00e2t micul fluture, [&hellip;]<\/p>\n","protected":false},"featured_media":59553,"comment_status":"closed","ping_status":"open","template":"","meta":{"_acf_changed":false},"product_brand":[],"product_cat":[570,25,106,205],"product_tag":[],"class_list":{"0":"post-59552","1":"product","2":"type-product","3":"status-publish","4":"has-post-thumbnail","6":"product_cat-alexander-shorokhoff","7":"product_cat-ceasuri-dama","8":"product_cat-ceasuri-premium","9":"product_cat-limited-edition","10":"pa_brand-alexander-shorokhoff","11":"pa_braslet-piele","12":"pa_corpus-36x36-mm","13":"pa_decor-diamante","14":"pa_forma-patrat","15":"pa_funcii-limited-edition","16":"pa_garatia-24-luni","17":"pa_korpus-argintiu","18":"pa_material-otel-inoxidabil","19":"pa_mehanizm-mecanic","20":"pa_mehanizm-mecanism-automatic","21":"pa_remeshok-verde","22":"pa_steklo-cristal-safir","23":"pa_strana-germania","24":"pa_voda-3-atm","26":"first","27":"instock","28":"purchasable","29":"product-type-simple"},"acf":[],"_links":{"self":[{"href":"https:\/\/ceasuri.md\/ru\/wp-json\/wp\/v2\/product\/59552","targetHints":{"allow":["GET"]}}],"collection":[{"href":"https:\/\/ceasuri.md\/ru\/wp-json\/wp\/v2\/product"}],"about":[{"href":"https:\/\/ceasuri.md\/ru\/wp-json\/wp\/v2\/types\/product"}],"replies":[{"embeddable":true,"href":"https:\/\/ceasuri.md\/ru\/wp-json\/wp\/v2\/comments?post=59552"}],"wp:featuredmedia":[{"embeddable":true,"href":"https:\/\/ceasuri.md\/ru\/wp-json\/wp\/v2\/media\/59553"}],"wp:attachment":[{"href":"https:\/\/ceasuri.md\/ru\/wp-json\/wp\/v2\/media?parent=59552"}],"wp:term":[{"taxonomy":"product_brand","embeddable":true,"href":"https:\/\/ceasuri.md\/ru\/wp-json\/wp\/v2\/product_brand?post=59552"},{"taxonomy":"product_cat","embeddable":true,"href":"https:\/\/ceasuri.md\/ru\/wp-json\/wp\/v2\/product_cat?post=59552"},{"taxonomy":"product_tag","embeddable":true,"href":"https:\/\/ceasuri.md\/ru\/wp-json\/wp\/v2\/product_tag?post=59552"}],"curies":[{"name":"wp","href":"https:\/\/api.w.org\/{rel}","templated":true}]}}