{"id":59520,"date":"2025-08-20T12:29:09","date_gmt":"2025-08-20T09:29:09","guid":{"rendered":"http:\/\/new.ceasuri.md\/shop\/uncategorized\/alexander-shorokhoff-emotio-uno-le-as-emo1-2\/"},"modified":"2026-05-01T19:33:26","modified_gmt":"2026-05-01T16:33:26","slug":"alexander-shorokhoff-emotio-uno-le-as-emo1-2","status":"publish","type":"product","link":"https:\/\/ceasuri.md\/ru\/shop\/branduri\/alexander-shorokhoff\/alexander-shorokhoff-emotio-uno-le-as-emo1-2\/","title":{"rendered":"\u0427\u0430\u0441\u044b ALEXANDER SHOROKHOFF EMOTIO UNO LE AS.EMO1-2"},"content":{"rendered":"<p>O simbioz\u0103 unic\u0103 \u00eentre tradi\u021bie \u0219i modernitate.<\/p>\n<p>Alexander Shorokhov prezint\u0103 noul model \u201eEMOTION UNO\u201d \u2014 o combina\u021bie captivant\u0103 \u00eentre m\u0103iestria tradi\u021bional\u0103 \u0219i aspectul avangardist modern.<\/p>\n<p>Cadranul este complet acoperit cu un model avangardist, care creeaz\u0103 o imagine neobi\u0219nuit\u0103 \u0219i artistic\u0103, fiind protejat de sticl\u0103 de safir. Acest ceas a fost creat pentru pl\u0103cere \u2013 timpul trece aici inten\u021bionat pe plan secund.<\/p>\n<p>Modelul se distinge prin cifrele mari iconice 60, 20 \u0219i 40.<\/p>\n<p>Ceasul este completat de o curea din piele de \u00eenalt\u0103 calitate, care subliniaz\u0103 perfect caracterul s\u0103u avangardist \u0219i elegant.<\/p>\n<p>Mecanism automat SW300 gravat manual, ale c\u0103rui detalii artistice sunt vizibile prin capacul din spate.<\/p>\n<p>Datorit\u0103 raportului excelent calitate-pre\u021b, precum \u0219i num\u0103rului limitat de exemplare, ceasul \u201eEMOTION UNO\u201d se distinge clar din mul\u021bime \u2014 este un ceas pentru cei care apreciaz\u0103 individualitatea autentic\u0103.<\/p>\n<p>Modelul este produs \u00eentr-o serie limitat\u0103 de 50 de exemplare. Este disponibil modelul cu nr. 05.<\/p>","protected":false},"excerpt":{"rendered":"<p>O simbioz\u0103 unic\u0103 \u00eentre tradi\u021bie \u0219i modernitate. Alexander Shorokhov prezint\u0103 noul model \u201eEMOTION UNO\u201d \u2014 o combina\u021bie captivant\u0103 \u00eentre m\u0103iestria tradi\u021bional\u0103 \u0219i aspectul avangardist modern. Cadranul este complet acoperit cu un model avangardist, care creeaz\u0103 o imagine neobi\u0219nuit\u0103 \u0219i artistic\u0103, fiind protejat de sticl\u0103 de safir. Acest ceas a fost creat pentru pl\u0103cere \u2013 timpul [&hellip;]<\/p>\n","protected":false},"featured_media":59521,"comment_status":"closed","ping_status":"open","template":"","meta":{"_acf_changed":false},"product_brand":[],"product_cat":[570,20,106,205],"product_tag":[],"class_list":{"0":"post-59520","1":"product","2":"type-product","3":"status-publish","4":"has-post-thumbnail","6":"product_cat-alexander-shorokhoff","7":"product_cat-ceasuri-barbati","8":"product_cat-ceasuri-premium","9":"product_cat-limited-edition","10":"pa_brand-alexander-shorokhoff","11":"pa_braslet-piele","12":"pa_corpus-40mm","13":"pa_forma-rotund","14":"pa_funcii-data","15":"pa_funcii-limited-edition","16":"pa_garatia-24-luni","17":"pa_korpus-argintiu","18":"pa_material-otel-inoxidabil","19":"pa_mehanizm-mecanic","20":"pa_mehanizm-mecanism-automatic","21":"pa_remeshok-verde","22":"pa_steklo-cristal-safir","23":"pa_strana-germania","24":"pa_voda-5-atm","26":"first","27":"instock","28":"purchasable","29":"product-type-simple"},"acf":[],"_links":{"self":[{"href":"https:\/\/ceasuri.md\/ru\/wp-json\/wp\/v2\/product\/59520","targetHints":{"allow":["GET"]}}],"collection":[{"href":"https:\/\/ceasuri.md\/ru\/wp-json\/wp\/v2\/product"}],"about":[{"href":"https:\/\/ceasuri.md\/ru\/wp-json\/wp\/v2\/types\/product"}],"replies":[{"embeddable":true,"href":"https:\/\/ceasuri.md\/ru\/wp-json\/wp\/v2\/comments?post=59520"}],"wp:featuredmedia":[{"embeddable":true,"href":"https:\/\/ceasuri.md\/ru\/wp-json\/wp\/v2\/media\/59521"}],"wp:attachment":[{"href":"https:\/\/ceasuri.md\/ru\/wp-json\/wp\/v2\/media?parent=59520"}],"wp:term":[{"taxonomy":"product_brand","embeddable":true,"href":"https:\/\/ceasuri.md\/ru\/wp-json\/wp\/v2\/product_brand?post=59520"},{"taxonomy":"product_cat","embeddable":true,"href":"https:\/\/ceasuri.md\/ru\/wp-json\/wp\/v2\/product_cat?post=59520"},{"taxonomy":"product_tag","embeddable":true,"href":"https:\/\/ceasuri.md\/ru\/wp-json\/wp\/v2\/product_tag?post=59520"}],"curies":[{"name":"wp","href":"https:\/\/api.w.org\/{rel}","templated":true}]}}