{"id":59515,"date":"2025-08-20T12:29:09","date_gmt":"2025-08-20T09:29:09","guid":{"rendered":"http:\/\/new.ceasuri.md\/shop\/uncategorized\/alexander-shorokhoff-emotio-due-le-as-emo2-1\/"},"modified":"2026-05-01T19:33:23","modified_gmt":"2026-05-01T16:33:23","slug":"alexander-shorokhoff-emotio-due-le-as-emo2-1","status":"publish","type":"product","link":"https:\/\/ceasuri.md\/ru\/shop\/branduri\/alexander-shorokhoff\/alexander-shorokhoff-emotio-due-le-as-emo2-1\/","title":{"rendered":"\u0427\u0430\u0441\u044b ALEXANDER SHOROKHOFF EMOTIO DUE LE AS.EMO2-1"},"content":{"rendered":"<p>Cu modelul \u201eEmotio Due\u201d, Alexander Shorokhov prezint\u0103 un ceas automat care, la prima vedere, pare discret.<\/p>\n<p>Noul model \u00eembin\u0103 caracteristicile tehnice cu un design modern. Rezultatul este un contrast superb: un cadran modern \u00eentr-o carcas\u0103 clasic\u0103 din o\u021bel inoxidabil, cu func\u021bii interesante.<\/p>\n<p>Designul cadranului \u201eEmotio Due\u201d ofer\u0103 o mul\u021bime de detalii surprinz\u0103toare. \u00cen centru se remarc\u0103 un model ondulat, care formeaz\u0103 punctul focal al celor mai importante elemente: cifra 60 str\u0103lucitoare, amplasat\u0103 \u00een mod neobi\u0219nuit \u00een pozi\u021bia \u201eora 9\u201d, secundarul deplasat \u0219i logo-ul companiei. La o examinare mai atent\u0103 a secundarului, se observ\u0103 c\u0103 marcajul zero nu se afl\u0103, ca de obicei, \u00een pozi\u021bia \u201e12 ore\u201d, ci este deplasat spre st\u00e2nga cu aproximativ 15 secunde.<\/p>\n<p>Cele dou\u0103 cadrane din sidef au dat numele ceasului. Cadranul superior, realizat din sidef deschis la culoare, afi\u0219eaz\u0103 data, iar cel inferior \u2014 rezerva de mar\u0219 \u00een diferite culori de sidef. \u00cen ciuda culorii str\u0103lucitoare, limbile de culoare galben \u00eenchis cu linie decorativ\u0103 neagr\u0103 se integreaz\u0103 armonios \u00een imaginea de ansamblu.<\/p>\n<p>Carcasa ceasului Emotio Due este o crea\u021bie complet nou\u0103. Diametrul carcasei este de 42 mm, ceea ce o face surprinz\u0103tor de plat\u0103 pentru mecanismul automat calibru STP12-1 gravat manual.  Spre deosebire de sticla de safir obi\u0219nuit\u0103 \u00een form\u0103 de cupol\u0103, acest model este echipat cu sticl\u0103 cilindric\u0103, care creeaz\u0103 un contrast interesant cu carcasa plat\u0103.<\/p>\n<p>Modelul este completat de o curea de \u00eenalt\u0103 calitate din piele de vac\u0103, care se potrive\u0219te perfect cu avangarda.<\/p>\n<p>Ceasul este produs \u00eentr-o serie limitat\u0103, de numai 50 de exemplare. Este disponibil modelul cu num\u0103rul 34 din 50.<\/p>","protected":false},"excerpt":{"rendered":"<p>Cu modelul \u201eEmotio Due\u201d, Alexander Shorokhov prezint\u0103 un ceas automat care, la prima vedere, pare discret. Noul model \u00eembin\u0103 caracteristicile tehnice cu un design modern. Rezultatul este un contrast superb: un cadran modern \u00eentr-o carcas\u0103 clasic\u0103 din o\u021bel inoxidabil, cu func\u021bii interesante. Designul cadranului \u201eEmotio Due\u201d ofer\u0103 o mul\u021bime de detalii surprinz\u0103toare. \u00cen centru se [&hellip;]<\/p>\n","protected":false},"featured_media":59516,"comment_status":"closed","ping_status":"open","template":"","meta":{"_acf_changed":false},"product_brand":[],"product_cat":[570,20,106,205],"product_tag":[],"class_list":{"0":"post-59515","1":"product","2":"type-product","3":"status-publish","4":"has-post-thumbnail","6":"product_cat-alexander-shorokhoff","7":"product_cat-ceasuri-barbati","8":"product_cat-ceasuri-premium","9":"product_cat-limited-edition","10":"pa_brand-alexander-shorokhoff","11":"pa_braslet-piele","12":"pa_corpus-42-mm","13":"pa_forma-rotund","14":"pa_funcii-data","15":"pa_funcii-limited-edition","16":"pa_funcii-offset-second-hand","17":"pa_funcii-rezerva-de-energie","18":"pa_garatia-24-luni","19":"pa_korpus-argintiu","20":"pa_material-otel-inoxidabil","21":"pa_mehanizm-mecanic","22":"pa_mehanizm-mecanism-automatic","23":"pa_remeshok-maro","24":"pa_steklo-cristal-safir","25":"pa_strana-germania","26":"pa_voda-5-atm","28":"first","29":"instock","30":"purchasable","31":"product-type-simple"},"acf":[],"_links":{"self":[{"href":"https:\/\/ceasuri.md\/ru\/wp-json\/wp\/v2\/product\/59515","targetHints":{"allow":["GET"]}}],"collection":[{"href":"https:\/\/ceasuri.md\/ru\/wp-json\/wp\/v2\/product"}],"about":[{"href":"https:\/\/ceasuri.md\/ru\/wp-json\/wp\/v2\/types\/product"}],"replies":[{"embeddable":true,"href":"https:\/\/ceasuri.md\/ru\/wp-json\/wp\/v2\/comments?post=59515"}],"wp:featuredmedia":[{"embeddable":true,"href":"https:\/\/ceasuri.md\/ru\/wp-json\/wp\/v2\/media\/59516"}],"wp:attachment":[{"href":"https:\/\/ceasuri.md\/ru\/wp-json\/wp\/v2\/media?parent=59515"}],"wp:term":[{"taxonomy":"product_brand","embeddable":true,"href":"https:\/\/ceasuri.md\/ru\/wp-json\/wp\/v2\/product_brand?post=59515"},{"taxonomy":"product_cat","embeddable":true,"href":"https:\/\/ceasuri.md\/ru\/wp-json\/wp\/v2\/product_cat?post=59515"},{"taxonomy":"product_tag","embeddable":true,"href":"https:\/\/ceasuri.md\/ru\/wp-json\/wp\/v2\/product_tag?post=59515"}],"curies":[{"name":"wp","href":"https:\/\/api.w.org\/{rel}","templated":true}]}}