{"id":59506,"date":"2026-04-03T01:02:14","date_gmt":"2026-04-02T22:02:14","guid":{"rendered":"http:\/\/new.ceasuri.md\/shop\/uncategorized\/alexander-shorokhoff-colibri-2-le-as-la01-cbr2\/"},"modified":"2026-04-20T01:52:05","modified_gmt":"2026-04-19T22:52:05","slug":"alexander-shorokhoff-colibri-2-le-as-la01-cbr2","status":"publish","type":"product","link":"https:\/\/ceasuri.md\/ru\/shop\/branduri\/alexander-shorokhoff\/alexander-shorokhoff-colibri-2-le-as-la01-cbr2\/","title":{"rendered":"\u0427\u0430\u0441\u044b ALEXANDER SHOROKHOFF COLIBRI 2 LE AS.LA01-CBR2"},"content":{"rendered":"<p>Primul cadran cu imprimare 3D modern\u0103 de la Alexander Schorhoff.<\/p>\n<p>Cu modelul \u201eColibri 2\u201d, Alexander Schorhoff prezint\u0103 o inova\u021bie cu adev\u0103rat revolu\u021bionar\u0103: imprimarea 3D pe cadran.<\/p>\n<p>Cadranul prinde via\u021b\u0103 datorit\u0103 imprim\u0103rii 3D de \u00eenalt\u0103 precizie \u00een mai multe straturi \u0219i culori. Este un pas important pentru Alexander Schorhoff, care utilizeaz\u0103 pentru prima dat\u0103 aceast\u0103 tehnologie modern\u0103.<\/p>\n<p>Motivul este pur\u0103 poezie: colibri, parc\u0103 cobor\u00e2t din paginile unei balade de dragoste, danseaz\u0103 printre trandafiri luxurian\u021bi \u0219i anun\u021b\u0103 cu gra\u021bie \u0219i elegan\u021b\u0103 sosirea verii. Acest ceas treze\u0219te dorin\u021ba de a experimenta vara \u00een toat\u0103 splendoarea ei.<\/p>\n<p>Dar nu numai imaginea este uluitoare, ci \u0219i culoarea ro\u0219ie neconven\u021bional\u0103 joac\u0103 un rol central. Ea surprinde jocul culorilor \u0219i serve\u0219te drept p\u00e2nz\u0103 pentru imprimarea 3D, permi\u021b\u00e2nd culorilor s\u0103 str\u0103luceasc\u0103 cu o luminozitate nemai\u00eent\u00e2lnit\u0103. Aceast\u0103 crea\u021bie unic\u0103 este produs\u0103 \u00eentr-o serie strict limitat\u0103 de 35 de exemplare. Modelul cu N 16 este disponibil.<\/p>\n<p>Ceasul func\u021bioneaz\u0103 cu calibrul automat SW200, al c\u0103rui rotor a fost gravat \u0219i lustruit manual. Modelul este completat cu o curea din piele natural\u0103 de culoare ro\u0219ie, cu cataram\u0103 gravat\u0103 din o\u021bel inoxidabil, cre\u00e2nd un ansamblu armonios cu cadranul protejat de sticl\u0103 de safir.<\/p>","protected":false},"excerpt":{"rendered":"<p>Primul cadran cu imprimare 3D modern\u0103 de la Alexander Schorhoff. Cu modelul \u201eColibri 2\u201d, Alexander Schorhoff prezint\u0103 o inova\u021bie cu adev\u0103rat revolu\u021bionar\u0103: imprimarea 3D pe cadran. Cadranul prinde via\u021b\u0103 datorit\u0103 imprim\u0103rii 3D de \u00eenalt\u0103 precizie \u00een mai multe straturi \u0219i culori. Este un pas important pentru Alexander Schorhoff, care utilizeaz\u0103 pentru prima dat\u0103 aceast\u0103 tehnologie [&hellip;]<\/p>\n","protected":false},"featured_media":59507,"comment_status":"closed","ping_status":"open","template":"","meta":{"_acf_changed":false},"product_brand":[],"product_cat":[570,25,106,205],"product_tag":[],"class_list":{"0":"post-59506","1":"product","2":"type-product","3":"status-publish","4":"has-post-thumbnail","6":"product_cat-alexander-shorokhoff","7":"product_cat-ceasuri-dama","8":"product_cat-ceasuri-premium","9":"product_cat-limited-edition","10":"pa_brand-alexander-shorokhoff","11":"pa_braslet-piele","12":"pa_corpus-39-mm","13":"pa_forma-rotund","14":"pa_funcii-limited-edition","15":"pa_garatia-24-luni","16":"pa_korpus-argintiu","17":"pa_material-otel-inoxidabil","18":"pa_mehanizm-mecanic","19":"pa_mehanizm-mecanism-automatic","20":"pa_remeshok-rosu","21":"pa_steklo-cristal-safir","22":"pa_strana-germania","23":"pa_voda-5-atm","25":"first","26":"instock","27":"purchasable","28":"product-type-simple"},"acf":[],"_links":{"self":[{"href":"https:\/\/ceasuri.md\/ru\/wp-json\/wp\/v2\/product\/59506","targetHints":{"allow":["GET"]}}],"collection":[{"href":"https:\/\/ceasuri.md\/ru\/wp-json\/wp\/v2\/product"}],"about":[{"href":"https:\/\/ceasuri.md\/ru\/wp-json\/wp\/v2\/types\/product"}],"replies":[{"embeddable":true,"href":"https:\/\/ceasuri.md\/ru\/wp-json\/wp\/v2\/comments?post=59506"}],"wp:featuredmedia":[{"embeddable":true,"href":"https:\/\/ceasuri.md\/ru\/wp-json\/wp\/v2\/media\/59507"}],"wp:attachment":[{"href":"https:\/\/ceasuri.md\/ru\/wp-json\/wp\/v2\/media?parent=59506"}],"wp:term":[{"taxonomy":"product_brand","embeddable":true,"href":"https:\/\/ceasuri.md\/ru\/wp-json\/wp\/v2\/product_brand?post=59506"},{"taxonomy":"product_cat","embeddable":true,"href":"https:\/\/ceasuri.md\/ru\/wp-json\/wp\/v2\/product_cat?post=59506"},{"taxonomy":"product_tag","embeddable":true,"href":"https:\/\/ceasuri.md\/ru\/wp-json\/wp\/v2\/product_tag?post=59506"}],"curies":[{"name":"wp","href":"https:\/\/api.w.org\/{rel}","templated":true}]}}