{"id":59500,"date":"2026-04-03T01:02:14","date_gmt":"2026-04-02T22:02:14","guid":{"rendered":"http:\/\/new.ceasuri.md\/shop\/uncategorized\/armani-exchange-banks-ax7170set\/"},"modified":"2026-04-20T01:51:49","modified_gmt":"2026-04-19T22:51:49","slug":"armani-exchange-banks-ax7170set","status":"publish","type":"product","link":"https:\/\/ceasuri.md\/ru\/shop\/branduri\/armani-exchange\/armani-exchange-banks-ax7170set\/","title":{"rendered":"\u0427\u0430\u0441\u044b ARMANI EXCHANGE BANKS AX7170SET"},"content":{"rendered":"<p>Creat de celebrul brand Armani Exchange, acest set nu este doar un accesoriu, este un set spectaculos care transform\u0103 orice \u021binut\u0103. Datorit\u0103 designului s\u0103u \u0219i func\u021biilor sofisticate, ceasul este potrivit pentru cei care apreciaz\u0103 elegan\u021ba \u0219i precizia \u00een m\u0103surarea timpului.<\/p>\n<p>Carcasa \u0219i br\u0103\u021bara robust\u0103 din o\u021bel inoxidabil asigur\u0103 durabilitate. Cu un diametru de 44 mm, acest ceas este atr\u0103g\u0103tor f\u0103r\u0103 a fi prea voluminos, fiind potrivit at\u00e2t pentru ocazii casual, c\u00e2t \u0219i formale.<\/p>\n<p>Echipat cu o mi\u0219care cronograf cu cuar\u021b, acesta ofer\u0103 acurate\u021be a timpului \u0219i performan\u021b\u0103 fiabil\u0103. Func\u021bia de cronograf adaug\u0103 un nivel de versatilitate, permi\u021b\u00e2ndu-v\u0103 s\u0103 urm\u0103ri\u021bi cu u\u0219urin\u021b\u0103 timpul scurs.<\/p>\n<p>Br\u0103\u021bara din o\u021bel inoxidabil nu numai c\u0103 \u00eembun\u0103t\u0103\u021be\u0219te estetica general\u0103 a ceasului, dar ofer\u0103, de asemenea, o potrivire confortabil\u0103, f\u0103c\u00e2ndu-l ideal pentru purtare pe tot parcursul zilei.<\/p>\n<p>Este inclus\u0103 o br\u0103\u021bar\u0103 din haematit\u0103.<\/p>","protected":false},"excerpt":{"rendered":"<p>Creat de celebrul brand Armani Exchange, acest set nu este doar un accesoriu, este un set spectaculos care transform\u0103 orice \u021binut\u0103. Datorit\u0103 designului s\u0103u \u0219i func\u021biilor sofisticate, ceasul este potrivit pentru cei care apreciaz\u0103 elegan\u021ba \u0219i precizia \u00een m\u0103surarea timpului. Carcasa \u0219i br\u0103\u021bara robust\u0103 din o\u021bel inoxidabil asigur\u0103 durabilitate. Cu un diametru de 44 mm, [&hellip;]<\/p>\n","protected":false},"featured_media":59501,"comment_status":"closed","ping_status":"open","template":"","meta":{"_acf_changed":false},"product_brand":[],"product_cat":[615,20],"product_tag":[],"class_list":{"0":"post-59500","1":"product","2":"type-product","3":"status-publish","4":"has-post-thumbnail","6":"product_cat-armani-exchange","7":"product_cat-ceasuri-barbati","8":"pa_brand-armani-exchange","9":"pa_braslet-otel-inoxidabil","10":"pa_corpus-44-mm","11":"pa_forma-rotund","12":"pa_funcii-cronograf","13":"pa_funcii-data","14":"pa_funcii-set-cadou","15":"pa_garatia-24-luni","16":"pa_korpus-gri","17":"pa_kvarc-quartz","18":"pa_material-otel-inoxidabil","19":"pa_mehanizm-quartz","20":"pa_remeshok-gri","21":"pa_steklo-cristal-mineral","22":"pa_strana-italia","23":"pa_voda-5-atm","25":"first","26":"instock","27":"purchasable","28":"product-type-simple"},"acf":[],"_links":{"self":[{"href":"https:\/\/ceasuri.md\/ru\/wp-json\/wp\/v2\/product\/59500","targetHints":{"allow":["GET"]}}],"collection":[{"href":"https:\/\/ceasuri.md\/ru\/wp-json\/wp\/v2\/product"}],"about":[{"href":"https:\/\/ceasuri.md\/ru\/wp-json\/wp\/v2\/types\/product"}],"replies":[{"embeddable":true,"href":"https:\/\/ceasuri.md\/ru\/wp-json\/wp\/v2\/comments?post=59500"}],"wp:featuredmedia":[{"embeddable":true,"href":"https:\/\/ceasuri.md\/ru\/wp-json\/wp\/v2\/media\/59501"}],"wp:attachment":[{"href":"https:\/\/ceasuri.md\/ru\/wp-json\/wp\/v2\/media?parent=59500"}],"wp:term":[{"taxonomy":"product_brand","embeddable":true,"href":"https:\/\/ceasuri.md\/ru\/wp-json\/wp\/v2\/product_brand?post=59500"},{"taxonomy":"product_cat","embeddable":true,"href":"https:\/\/ceasuri.md\/ru\/wp-json\/wp\/v2\/product_cat?post=59500"},{"taxonomy":"product_tag","embeddable":true,"href":"https:\/\/ceasuri.md\/ru\/wp-json\/wp\/v2\/product_tag?post=59500"}],"curies":[{"name":"wp","href":"https:\/\/api.w.org\/{rel}","templated":true}]}}