{"id":59490,"date":"2026-04-03T01:02:14","date_gmt":"2026-04-02T22:02:14","guid":{"rendered":"http:\/\/new.ceasuri.md\/shop\/uncategorized\/fossil-gilmore-ce1132\/"},"modified":"2026-04-16T21:34:21","modified_gmt":"2026-04-16T18:34:21","slug":"fossil-gilmore-ce1132","status":"publish","type":"product","link":"https:\/\/ceasuri.md\/ru\/shop\/branduri\/fossil\/fossil-gilmore-ce1132\/","title":{"rendered":"Ceas FOSSIL CE1132 Gilmore"},"content":{"rendered":"<p>Ceasul este fabricat din o\u021bel inoxidabil auriu \u0219i ceramic\u0103 neagr\u0103, ceea ce \u00eei confer\u0103 un design elegant \u0219i modern.<\/p>\n<p>Cadranul negru satinat se potrive\u0219te perfect cu br\u0103\u021bara aurie-neagr\u0103, cre\u00e2nd un contrast spectaculos.<\/p>\n<p>Carcasa \u0219i br\u0103\u021bara rezistente garanteaz\u0103 durabilitatea, iar designul minimalist este completat de o fereastr\u0103 elegant\u0103 pentru dat\u0103, ceea ce face ca acest ceas s\u0103 fie at\u00e2t func\u021bional, c\u00e2t \u0219i stilat.<\/p>","protected":false},"excerpt":{"rendered":"<p>Ceasul este fabricat din o\u021bel inoxidabil auriu \u0219i ceramic\u0103 neagr\u0103, ceea ce \u00eei confer\u0103 un design elegant \u0219i modern. Cadranul negru satinat se potrive\u0219te perfect cu br\u0103\u021bara aurie-neagr\u0103, cre\u00e2nd un contrast spectaculos. Carcasa \u0219i br\u0103\u021bara rezistente garanteaz\u0103 durabilitatea, iar designul minimalist este completat de o fereastr\u0103 elegant\u0103 pentru dat\u0103, ceea ce face ca acest ceas [&hellip;]<\/p>\n","protected":false},"featured_media":59491,"comment_status":"closed","ping_status":"open","template":"","meta":{"_acf_changed":false},"product_brand":[],"product_cat":[25,396],"product_tag":[],"class_list":{"0":"post-59490","1":"product","2":"type-product","3":"status-publish","4":"has-post-thumbnail","6":"product_cat-ceasuri-dama","7":"product_cat-fossil","8":"pa_brand-fossil","9":"pa_braslet-ceramica","10":"pa_braslet-otel-inoxidabil","11":"pa_corpus-38-mm","12":"pa_forma-rotund","13":"pa_funcii-data","14":"pa_garatia-24-luni","15":"pa_korpus-auriu","16":"pa_kvarc-quartz","17":"pa_material-otel-inoxidabil","18":"pa_mehanizm-quartz","19":"pa_remeshok-auriu","20":"pa_remeshok-negru","21":"pa_steklo-cristal-mineral","22":"pa_strana-sua","23":"pa_voda-5-atm","25":"first","26":"instock","27":"purchasable","28":"product-type-simple"},"acf":[],"_links":{"self":[{"href":"https:\/\/ceasuri.md\/ru\/wp-json\/wp\/v2\/product\/59490","targetHints":{"allow":["GET"]}}],"collection":[{"href":"https:\/\/ceasuri.md\/ru\/wp-json\/wp\/v2\/product"}],"about":[{"href":"https:\/\/ceasuri.md\/ru\/wp-json\/wp\/v2\/types\/product"}],"replies":[{"embeddable":true,"href":"https:\/\/ceasuri.md\/ru\/wp-json\/wp\/v2\/comments?post=59490"}],"wp:featuredmedia":[{"embeddable":true,"href":"https:\/\/ceasuri.md\/ru\/wp-json\/wp\/v2\/media\/59491"}],"wp:attachment":[{"href":"https:\/\/ceasuri.md\/ru\/wp-json\/wp\/v2\/media?parent=59490"}],"wp:term":[{"taxonomy":"product_brand","embeddable":true,"href":"https:\/\/ceasuri.md\/ru\/wp-json\/wp\/v2\/product_brand?post=59490"},{"taxonomy":"product_cat","embeddable":true,"href":"https:\/\/ceasuri.md\/ru\/wp-json\/wp\/v2\/product_cat?post=59490"},{"taxonomy":"product_tag","embeddable":true,"href":"https:\/\/ceasuri.md\/ru\/wp-json\/wp\/v2\/product_tag?post=59490"}],"curies":[{"name":"wp","href":"https:\/\/api.w.org\/{rel}","templated":true}]}}