{"id":59485,"date":"2026-04-03T01:02:14","date_gmt":"2026-04-02T22:02:14","guid":{"rendered":"http:\/\/new.ceasuri.md\/shop\/uncategorized\/fossil-gilmore-ce1133\/"},"modified":"2026-04-07T05:05:11","modified_gmt":"2026-04-07T02:05:11","slug":"fossil-gilmore-ce1133","status":"publish","type":"product","link":"https:\/\/ceasuri.md\/ru\/shop\/branduri\/fossil\/fossil-gilmore-ce1133\/","title":{"rendered":"Ceas FOSSIL GILMORE CE1133"},"content":{"rendered":"<p>Ceasul combin\u0103 un design rafinat \u0219i materiale de calitate.<\/p>\n<p>Carcasa de culoare auriu roz \u0219i br\u0103\u021bara cu inser\u021bii ceramice maro confer\u0103 ceasului un aspect rafinat, iar cadranul maro satinat adaug\u0103 contrast \u0219i profunzime.<\/p>\n<p>Designul elegant, protejat de sticl\u0103 rezistent\u0103, combin\u0103 frumuse\u021bea \u0219i m\u0103iestria execu\u021biei, f\u0103c\u00e2nd acest ceas ideal pentru cei care apreciaz\u0103 detaliile expresive \u0219i stilul.<\/p>","protected":false},"excerpt":{"rendered":"<p>Ceasul combin\u0103 un design rafinat \u0219i materiale de calitate. Carcasa de culoare auriu roz \u0219i br\u0103\u021bara cu inser\u021bii ceramice maro confer\u0103 ceasului un aspect rafinat, iar cadranul maro satinat adaug\u0103 contrast \u0219i profunzime. Designul elegant, protejat de sticl\u0103 rezistent\u0103, combin\u0103 frumuse\u021bea \u0219i m\u0103iestria execu\u021biei, f\u0103c\u00e2nd acest ceas ideal pentru cei care apreciaz\u0103 detaliile expresive \u0219i [&hellip;]<\/p>\n","protected":false},"featured_media":59486,"comment_status":"closed","ping_status":"open","template":"","meta":{"_acf_changed":false},"product_brand":[],"product_cat":[25,396],"product_tag":[],"class_list":{"0":"post-59485","1":"product","2":"type-product","3":"status-publish","4":"has-post-thumbnail","6":"product_cat-ceasuri-dama","7":"product_cat-fossil","8":"pa_brand-fossil","9":"pa_braslet-ceramica","10":"pa_braslet-otel-inoxidabil","11":"pa_corpus-38-mm","12":"pa_forma-rotund","13":"pa_funcii-data","14":"pa_garatia-24-luni","15":"pa_korpus-roz-gold","16":"pa_material-otel-inoxidabil","17":"pa_mehanizm-quartz","18":"pa_remeshok-maro","19":"pa_remeshok-roz-gold","20":"pa_steklo-cristal-mineral","21":"pa_strana-sua","22":"pa_voda-5-atm","24":"first","25":"instock","26":"purchasable","27":"product-type-simple"},"acf":[],"_links":{"self":[{"href":"https:\/\/ceasuri.md\/ru\/wp-json\/wp\/v2\/product\/59485","targetHints":{"allow":["GET"]}}],"collection":[{"href":"https:\/\/ceasuri.md\/ru\/wp-json\/wp\/v2\/product"}],"about":[{"href":"https:\/\/ceasuri.md\/ru\/wp-json\/wp\/v2\/types\/product"}],"replies":[{"embeddable":true,"href":"https:\/\/ceasuri.md\/ru\/wp-json\/wp\/v2\/comments?post=59485"}],"wp:featuredmedia":[{"embeddable":true,"href":"https:\/\/ceasuri.md\/ru\/wp-json\/wp\/v2\/media\/59486"}],"wp:attachment":[{"href":"https:\/\/ceasuri.md\/ru\/wp-json\/wp\/v2\/media?parent=59485"}],"wp:term":[{"taxonomy":"product_brand","embeddable":true,"href":"https:\/\/ceasuri.md\/ru\/wp-json\/wp\/v2\/product_brand?post=59485"},{"taxonomy":"product_cat","embeddable":true,"href":"https:\/\/ceasuri.md\/ru\/wp-json\/wp\/v2\/product_cat?post=59485"},{"taxonomy":"product_tag","embeddable":true,"href":"https:\/\/ceasuri.md\/ru\/wp-json\/wp\/v2\/product_tag?post=59485"}],"curies":[{"name":"wp","href":"https:\/\/api.w.org\/{rel}","templated":true}]}}