{"id":59480,"date":"2026-04-03T01:02:14","date_gmt":"2026-04-02T22:02:14","guid":{"rendered":"http:\/\/new.ceasuri.md\/shop\/uncategorized\/fossil-gilmore-ce1134\/"},"modified":"2026-04-07T05:05:10","modified_gmt":"2026-04-07T02:05:10","slug":"fossil-gilmore-ce1134","status":"publish","type":"product","link":"https:\/\/ceasuri.md\/ru\/shop\/branduri\/fossil\/fossil-gilmore-ce1134\/","title":{"rendered":"Ceas FOSSIL GILMORE CE1134"},"content":{"rendered":"<p>Ceasul rotund cu diametrul de 38 mm, cu carcas\u0103 din aur roz \u0219i br\u0103\u021bar\u0103 cu inser\u021bii ceramice de culoare albastru \u00eenchis, combin\u0103 rezisten\u021ba \u0219i elegan\u021ba.<\/p>\n<p>Cadranul bogat, de culoare albastru \u00eenchis, cu model satinat, creeaz\u0103 un contrast uimitor, iar designul simplu, cu trei ace \u0219i fereastr\u0103 pentru dat\u0103, adaug\u0103 un plus de practicitate.<\/p>\n<p>Acest ceas, realizat cu aten\u021bie la detalii, se remarc\u0103 prin stilul s\u0103u atemporal \u0219i este fabricat din materiale de \u00eenalt\u0103 calitate.<\/p>","protected":false},"excerpt":{"rendered":"<p>Ceasul rotund cu diametrul de 38 mm, cu carcas\u0103 din aur roz \u0219i br\u0103\u021bar\u0103 cu inser\u021bii ceramice de culoare albastru \u00eenchis, combin\u0103 rezisten\u021ba \u0219i elegan\u021ba. Cadranul bogat, de culoare albastru \u00eenchis, cu model satinat, creeaz\u0103 un contrast uimitor, iar designul simplu, cu trei ace \u0219i fereastr\u0103 pentru dat\u0103, adaug\u0103 un plus de practicitate. Acest ceas, [&hellip;]<\/p>\n","protected":false},"featured_media":59481,"comment_status":"closed","ping_status":"open","template":"","meta":{"_acf_changed":false},"product_brand":[],"product_cat":[25,396],"product_tag":[],"class_list":{"0":"post-59480","1":"product","2":"type-product","3":"status-publish","4":"has-post-thumbnail","6":"product_cat-ceasuri-dama","7":"product_cat-fossil","8":"pa_brand-fossil","9":"pa_braslet-ceramica","10":"pa_braslet-otel-inoxidabil","11":"pa_corpus-38-mm","12":"pa_forma-rotund","13":"pa_funcii-data","14":"pa_garatia-24-luni","15":"pa_korpus-roz-gold","16":"pa_material-otel-inoxidabil","17":"pa_mehanizm-quartz","18":"pa_remeshok-albastru-inchis","19":"pa_remeshok-roz-gold","20":"pa_steklo-cristal-mineral","21":"pa_strana-sua","22":"pa_voda-5-atm","24":"first","25":"instock","26":"purchasable","27":"product-type-simple"},"acf":[],"_links":{"self":[{"href":"https:\/\/ceasuri.md\/ru\/wp-json\/wp\/v2\/product\/59480","targetHints":{"allow":["GET"]}}],"collection":[{"href":"https:\/\/ceasuri.md\/ru\/wp-json\/wp\/v2\/product"}],"about":[{"href":"https:\/\/ceasuri.md\/ru\/wp-json\/wp\/v2\/types\/product"}],"replies":[{"embeddable":true,"href":"https:\/\/ceasuri.md\/ru\/wp-json\/wp\/v2\/comments?post=59480"}],"wp:featuredmedia":[{"embeddable":true,"href":"https:\/\/ceasuri.md\/ru\/wp-json\/wp\/v2\/media\/59481"}],"wp:attachment":[{"href":"https:\/\/ceasuri.md\/ru\/wp-json\/wp\/v2\/media?parent=59480"}],"wp:term":[{"taxonomy":"product_brand","embeddable":true,"href":"https:\/\/ceasuri.md\/ru\/wp-json\/wp\/v2\/product_brand?post=59480"},{"taxonomy":"product_cat","embeddable":true,"href":"https:\/\/ceasuri.md\/ru\/wp-json\/wp\/v2\/product_cat?post=59480"},{"taxonomy":"product_tag","embeddable":true,"href":"https:\/\/ceasuri.md\/ru\/wp-json\/wp\/v2\/product_tag?post=59480"}],"curies":[{"name":"wp","href":"https:\/\/api.w.org\/{rel}","templated":true}]}}