{"id":59475,"date":"2026-04-03T01:02:14","date_gmt":"2026-04-02T22:02:14","guid":{"rendered":"http:\/\/new.ceasuri.md\/shop\/uncategorized\/fossil-everett-fs6114\/"},"modified":"2026-04-17T15:22:17","modified_gmt":"2026-04-17T12:22:17","slug":"fossil-everett-fs6114","status":"publish","type":"product","link":"https:\/\/ceasuri.md\/ru\/shop\/branduri\/fossil\/fossil-everett-fs6114\/","title":{"rendered":"Ceas FOSSIL EVERETT FS6114"},"content":{"rendered":"<p>Ceas cu cuar\u021b pentru b\u0103rba\u021bi, cu carcas\u0103 \u0219i br\u0103\u021bar\u0103 argintii, precum \u0219i cadran multicolor spectaculos.<\/p>\n<p>Modelul este echipat cu sticl\u0103 mineral\u0103 \u0219i mecanism cu cuar\u021b.<\/p>\n<p>Rezisten\u021ba la ap\u0103 de 50 de metri \u00eenseamn\u0103 protec\u021bie \u00eempotriva ploii, stropilor \u0219i contactului scurt cu apa, de exemplu, la sp\u0103larea m\u00e2inilor.<\/p>","protected":false},"excerpt":{"rendered":"<p>Ceas cu cuar\u021b pentru b\u0103rba\u021bi, cu carcas\u0103 \u0219i br\u0103\u021bar\u0103 argintii, precum \u0219i cadran multicolor spectaculos. Modelul este echipat cu sticl\u0103 mineral\u0103 \u0219i mecanism cu cuar\u021b. Rezisten\u021ba la ap\u0103 de 50 de metri \u00eenseamn\u0103 protec\u021bie \u00eempotriva ploii, stropilor \u0219i contactului scurt cu apa, de exemplu, la sp\u0103larea m\u00e2inilor.<\/p>","protected":false},"featured_media":59476,"comment_status":"closed","ping_status":"open","template":"","meta":{"_acf_changed":false},"product_brand":[],"product_cat":[20,396],"product_tag":[],"class_list":{"0":"post-59475","1":"product","2":"type-product","3":"status-publish","4":"has-post-thumbnail","6":"product_cat-ceasuri-barbati","7":"product_cat-fossil","8":"pa_brand-fossil","9":"pa_braslet-otel-inoxidabil","10":"pa_corpus-42-mm","11":"pa_forma-rotund","12":"pa_funcii-data","13":"pa_garatia-24-luni","14":"pa_korpus-argintiu","15":"pa_kvarc-quartz","16":"pa_material-otel-inoxidabil","17":"pa_mehanizm-quartz","18":"pa_remeshok-argintiu","19":"pa_steklo-cristal-mineral","20":"pa_strana-sua","21":"pa_voda-5-atm","23":"first","24":"instock","25":"purchasable","26":"product-type-simple"},"acf":[],"_links":{"self":[{"href":"https:\/\/ceasuri.md\/ru\/wp-json\/wp\/v2\/product\/59475","targetHints":{"allow":["GET"]}}],"collection":[{"href":"https:\/\/ceasuri.md\/ru\/wp-json\/wp\/v2\/product"}],"about":[{"href":"https:\/\/ceasuri.md\/ru\/wp-json\/wp\/v2\/types\/product"}],"replies":[{"embeddable":true,"href":"https:\/\/ceasuri.md\/ru\/wp-json\/wp\/v2\/comments?post=59475"}],"wp:featuredmedia":[{"embeddable":true,"href":"https:\/\/ceasuri.md\/ru\/wp-json\/wp\/v2\/media\/59476"}],"wp:attachment":[{"href":"https:\/\/ceasuri.md\/ru\/wp-json\/wp\/v2\/media?parent=59475"}],"wp:term":[{"taxonomy":"product_brand","embeddable":true,"href":"https:\/\/ceasuri.md\/ru\/wp-json\/wp\/v2\/product_brand?post=59475"},{"taxonomy":"product_cat","embeddable":true,"href":"https:\/\/ceasuri.md\/ru\/wp-json\/wp\/v2\/product_cat?post=59475"},{"taxonomy":"product_tag","embeddable":true,"href":"https:\/\/ceasuri.md\/ru\/wp-json\/wp\/v2\/product_tag?post=59475"}],"curies":[{"name":"wp","href":"https:\/\/api.w.org\/{rel}","templated":true}]}}