{"id":59470,"date":"2026-04-03T01:02:14","date_gmt":"2026-04-02T22:02:14","guid":{"rendered":"http:\/\/new.ceasuri.md\/shop\/uncategorized\/fossil-everett-fs6115\/"},"modified":"2026-04-07T05:05:09","modified_gmt":"2026-04-07T02:05:09","slug":"fossil-everett-fs6115","status":"publish","type":"product","link":"https:\/\/ceasuri.md\/ru\/shop\/branduri\/fossil\/fossil-everett-fs6115\/","title":{"rendered":"Ceas FOSSIL EVERETT FS6115"},"content":{"rendered":"<p>Ceas elegant pentru b\u0103rba\u021bi, \u00een care combina\u021bia dintre cadranul albastru, carcasa argintie \u0219i curea din piele maro creeaz\u0103 un aspect armonios \u0219i elegant.<\/p>\n<p>Modelul este echipat cu indicatorul zilei s\u0103pt\u0103m\u00e2nii \u0219i mecanism cu cuar\u021b. Cadranul este protejat de sticl\u0103 mineral\u0103.<\/p>\n<p>Un avantaj suplimentar este rezisten\u021ba la ap\u0103 de 5 ATM, care asigur\u0103 protec\u021bie \u00eempotriva stropilor \u00een timpul purt\u0103rii zilnice.<\/p>","protected":false},"excerpt":{"rendered":"<p>Ceas elegant pentru b\u0103rba\u021bi, \u00een care combina\u021bia dintre cadranul albastru, carcasa argintie \u0219i curea din piele maro creeaz\u0103 un aspect armonios \u0219i elegant. Modelul este echipat cu indicatorul zilei s\u0103pt\u0103m\u00e2nii \u0219i mecanism cu cuar\u021b. Cadranul este protejat de sticl\u0103 mineral\u0103. Un avantaj suplimentar este rezisten\u021ba la ap\u0103 de 5 ATM, care asigur\u0103 protec\u021bie \u00eempotriva stropilor [&hellip;]<\/p>\n","protected":false},"featured_media":59471,"comment_status":"closed","ping_status":"open","template":"","meta":{"_acf_changed":false},"product_brand":[],"product_cat":[20,396],"product_tag":[],"class_list":{"0":"post-59470","1":"product","2":"type-product","3":"status-publish","4":"has-post-thumbnail","6":"product_cat-ceasuri-barbati","7":"product_cat-fossil","8":"pa_brand-fossil","9":"pa_braslet-piele","10":"pa_corpus-42-mm","11":"pa_forma-rotund","12":"pa_funcii-data","13":"pa_garatia-24-luni","14":"pa_korpus-argintiu","15":"pa_material-otel-inoxidabil","16":"pa_mehanizm-quartz","17":"pa_remeshok-maro","18":"pa_steklo-cristal-mineral","19":"pa_strana-sua","20":"pa_voda-5-atm","22":"first","23":"instock","24":"purchasable","25":"product-type-simple"},"acf":[],"_links":{"self":[{"href":"https:\/\/ceasuri.md\/ru\/wp-json\/wp\/v2\/product\/59470","targetHints":{"allow":["GET"]}}],"collection":[{"href":"https:\/\/ceasuri.md\/ru\/wp-json\/wp\/v2\/product"}],"about":[{"href":"https:\/\/ceasuri.md\/ru\/wp-json\/wp\/v2\/types\/product"}],"replies":[{"embeddable":true,"href":"https:\/\/ceasuri.md\/ru\/wp-json\/wp\/v2\/comments?post=59470"}],"wp:featuredmedia":[{"embeddable":true,"href":"https:\/\/ceasuri.md\/ru\/wp-json\/wp\/v2\/media\/59471"}],"wp:attachment":[{"href":"https:\/\/ceasuri.md\/ru\/wp-json\/wp\/v2\/media?parent=59470"}],"wp:term":[{"taxonomy":"product_brand","embeddable":true,"href":"https:\/\/ceasuri.md\/ru\/wp-json\/wp\/v2\/product_brand?post=59470"},{"taxonomy":"product_cat","embeddable":true,"href":"https:\/\/ceasuri.md\/ru\/wp-json\/wp\/v2\/product_cat?post=59470"},{"taxonomy":"product_tag","embeddable":true,"href":"https:\/\/ceasuri.md\/ru\/wp-json\/wp\/v2\/product_tag?post=59470"}],"curies":[{"name":"wp","href":"https:\/\/api.w.org\/{rel}","templated":true}]}}