{"id":59465,"date":"2026-04-03T01:02:14","date_gmt":"2026-04-02T22:02:14","guid":{"rendered":"http:\/\/new.ceasuri.md\/shop\/uncategorized\/fossil-everett-fs6117\/"},"modified":"2026-04-07T05:05:07","modified_gmt":"2026-04-07T02:05:07","slug":"fossil-everett-fs6117","status":"publish","type":"product","link":"https:\/\/ceasuri.md\/ru\/shop\/branduri\/fossil\/fossil-everett-fs6117\/","title":{"rendered":"Ceas FOSSIL EVERETT FS6117"},"content":{"rendered":"<p>Cu elementele clasice ale unui cronograf, Everett combin\u0103 stilul sportiv cu cel rafinat.<\/p>\n<p>Cadran luminos \u00eentr-o carcas\u0103 rotund\u0103 din o\u021bel inoxidabil.<\/p>\n<p>Ceasul este echipat cu un br\u0103\u021bar\u0103 rezistent\u0103 din o\u021bel inoxidabil.<\/p>\n<p>Purta\u021bi-l ca accent \u00een \u021binuta dvs. sau ca accesoriu pentru \u021binut\u0103 \u2014 \u00een orice caz, va ar\u0103ta excelent.<\/p>","protected":false},"excerpt":{"rendered":"<p>Cu elementele clasice ale unui cronograf, Everett combin\u0103 stilul sportiv cu cel rafinat. Cadran luminos \u00eentr-o carcas\u0103 rotund\u0103 din o\u021bel inoxidabil. Ceasul este echipat cu un br\u0103\u021bar\u0103 rezistent\u0103 din o\u021bel inoxidabil. Purta\u021bi-l ca accent \u00een \u021binuta dvs. sau ca accesoriu pentru \u021binut\u0103 \u2014 \u00een orice caz, va ar\u0103ta excelent.<\/p>","protected":false},"featured_media":59466,"comment_status":"closed","ping_status":"open","template":"","meta":{"_acf_changed":false},"product_brand":[],"product_cat":[20,396],"product_tag":[],"class_list":{"0":"post-59465","1":"product","2":"type-product","3":"status-publish","4":"has-post-thumbnail","6":"product_cat-ceasuri-barbati","7":"product_cat-fossil","8":"pa_brand-fossil","9":"pa_braslet-otel-inoxidabil","10":"pa_corpus-42-mm","11":"pa_forma-rotund","12":"pa_funcii-cronograf","13":"pa_garatia-24-luni","14":"pa_korpus-argintiu","15":"pa_material-otel-inoxidabil","16":"pa_mehanizm-quartz","17":"pa_remeshok-argintiu","18":"pa_steklo-cristal-mineral","19":"pa_strana-sua","20":"pa_voda-5-atm","22":"first","23":"instock","24":"purchasable","25":"product-type-simple"},"acf":[],"_links":{"self":[{"href":"https:\/\/ceasuri.md\/ru\/wp-json\/wp\/v2\/product\/59465","targetHints":{"allow":["GET"]}}],"collection":[{"href":"https:\/\/ceasuri.md\/ru\/wp-json\/wp\/v2\/product"}],"about":[{"href":"https:\/\/ceasuri.md\/ru\/wp-json\/wp\/v2\/types\/product"}],"replies":[{"embeddable":true,"href":"https:\/\/ceasuri.md\/ru\/wp-json\/wp\/v2\/comments?post=59465"}],"wp:featuredmedia":[{"embeddable":true,"href":"https:\/\/ceasuri.md\/ru\/wp-json\/wp\/v2\/media\/59466"}],"wp:attachment":[{"href":"https:\/\/ceasuri.md\/ru\/wp-json\/wp\/v2\/media?parent=59465"}],"wp:term":[{"taxonomy":"product_brand","embeddable":true,"href":"https:\/\/ceasuri.md\/ru\/wp-json\/wp\/v2\/product_brand?post=59465"},{"taxonomy":"product_cat","embeddable":true,"href":"https:\/\/ceasuri.md\/ru\/wp-json\/wp\/v2\/product_cat?post=59465"},{"taxonomy":"product_tag","embeddable":true,"href":"https:\/\/ceasuri.md\/ru\/wp-json\/wp\/v2\/product_tag?post=59465"}],"curies":[{"name":"wp","href":"https:\/\/api.w.org\/{rel}","templated":true}]}}