{"id":59449,"date":"2026-04-03T01:02:14","date_gmt":"2026-04-02T22:02:14","guid":{"rendered":"http:\/\/new.ceasuri.md\/shop\/uncategorized\/fossil-crosby-fs6123\/"},"modified":"2026-04-17T15:22:07","modified_gmt":"2026-04-17T12:22:07","slug":"fossil-crosby-fs6123","status":"publish","type":"product","link":"https:\/\/ceasuri.md\/ru\/shop\/branduri\/fossil\/fossil-crosby-fs6123\/","title":{"rendered":"Ceas FOSSIL CROSBY FS6123"},"content":{"rendered":"<p>Un clasic modern atemporal, Crosby combin\u0103 forma \u0219i func\u021bia.<\/p>\n<p>Carcasa octogonal\u0103 din o\u021bel inoxidabil prezint\u0103 un cadran negru cu o fereastr\u0103 pentru dat\u0103. Acesta este protejat de sticl\u0103 mineral\u0103.<\/p>\n<p>Fiabilitatea \u0219i durabilitatea sunt asigurate de o br\u0103\u021bar\u0103 din o\u021bel \u00een dou\u0103 tonuri, de culoare argintie-aurie.<\/p>\n<p>Acest ceas clasic, versatil \u0219i original \u00een acela\u0219i timp, este un must-have \u00een colec\u021bia dumneavoastr\u0103.<\/p>","protected":false},"excerpt":{"rendered":"<p>Un clasic modern atemporal, Crosby combin\u0103 forma \u0219i func\u021bia. Carcasa octogonal\u0103 din o\u021bel inoxidabil prezint\u0103 un cadran negru cu o fereastr\u0103 pentru dat\u0103. Acesta este protejat de sticl\u0103 mineral\u0103. Fiabilitatea \u0219i durabilitatea sunt asigurate de o br\u0103\u021bar\u0103 din o\u021bel \u00een dou\u0103 tonuri, de culoare argintie-aurie. Acest ceas clasic, versatil \u0219i original \u00een acela\u0219i timp, este [&hellip;]<\/p>\n","protected":false},"featured_media":59450,"comment_status":"closed","ping_status":"open","template":"","meta":{"_acf_changed":false},"product_brand":[],"product_cat":[20,396],"product_tag":[],"class_list":{"0":"post-59449","1":"product","2":"type-product","3":"status-publish","4":"has-post-thumbnail","6":"product_cat-ceasuri-barbati","7":"product_cat-fossil","8":"pa_brand-fossil","9":"pa_braslet-otel-inoxidabil","10":"pa_corpus-42-mm","11":"pa_forma-octogonala","12":"pa_funcii-data","13":"pa_garatia-24-luni","14":"pa_korpus-bicolor","15":"pa_kvarc-quartz","16":"pa_material-otel-inoxidabil","17":"pa_mehanizm-quartz","18":"pa_remeshok-bicolor","19":"pa_steklo-cristal-mineral","20":"pa_strana-sua","21":"pa_voda-5-atm","23":"first","24":"instock","25":"purchasable","26":"product-type-simple"},"acf":[],"_links":{"self":[{"href":"https:\/\/ceasuri.md\/ru\/wp-json\/wp\/v2\/product\/59449","targetHints":{"allow":["GET"]}}],"collection":[{"href":"https:\/\/ceasuri.md\/ru\/wp-json\/wp\/v2\/product"}],"about":[{"href":"https:\/\/ceasuri.md\/ru\/wp-json\/wp\/v2\/types\/product"}],"replies":[{"embeddable":true,"href":"https:\/\/ceasuri.md\/ru\/wp-json\/wp\/v2\/comments?post=59449"}],"wp:featuredmedia":[{"embeddable":true,"href":"https:\/\/ceasuri.md\/ru\/wp-json\/wp\/v2\/media\/59450"}],"wp:attachment":[{"href":"https:\/\/ceasuri.md\/ru\/wp-json\/wp\/v2\/media?parent=59449"}],"wp:term":[{"taxonomy":"product_brand","embeddable":true,"href":"https:\/\/ceasuri.md\/ru\/wp-json\/wp\/v2\/product_brand?post=59449"},{"taxonomy":"product_cat","embeddable":true,"href":"https:\/\/ceasuri.md\/ru\/wp-json\/wp\/v2\/product_cat?post=59449"},{"taxonomy":"product_tag","embeddable":true,"href":"https:\/\/ceasuri.md\/ru\/wp-json\/wp\/v2\/product_tag?post=59449"}],"curies":[{"name":"wp","href":"https:\/\/api.w.org\/{rel}","templated":true}]}}