{"id":59444,"date":"2026-04-03T01:02:14","date_gmt":"2026-04-02T22:02:14","guid":{"rendered":"http:\/\/new.ceasuri.md\/shop\/uncategorized\/michael-kors-lexington-mk4900\/"},"modified":"2026-04-20T01:51:56","modified_gmt":"2026-04-19T22:51:56","slug":"michael-kors-lexington-mk4900","status":"publish","type":"product","link":"https:\/\/ceasuri.md\/ru\/shop\/branduri\/michael-kors\/michael-kors-lexington-mk4900\/","title":{"rendered":"\u0427\u0430\u0441\u044b MICHAEL KORS LEXINGTON MK4900"},"content":{"rendered":"<p>Michael Kors Lexington \u2014 ceasuri pentru femei cu un design clasic \u0219i elegant.<\/p>\n<p>Carcasa aurie din o\u021bel inoxidabil se combin\u0103 armonios cu cadranul alb \u0219i cureaua din piele alb\u0103.<\/p>\n<p>Modelul este echipat cu un mecanism cu cuar\u021b \u0219i sticl\u0103 mineral\u0103.<\/p>\n<p>Rezisten\u021ba la ap\u0103 de 50 de metri permite purtarea ceasului \u00een fiecare zi, inclusiv \u00een contact cu apa, de exemplu, pentru sp\u0103larea m\u00e2inilor.<\/p>","protected":false},"excerpt":{"rendered":"<p>Michael Kors Lexington \u2014 ceasuri pentru femei cu un design clasic \u0219i elegant. Carcasa aurie din o\u021bel inoxidabil se combin\u0103 armonios cu cadranul alb \u0219i cureaua din piele alb\u0103. Modelul este echipat cu un mecanism cu cuar\u021b \u0219i sticl\u0103 mineral\u0103. Rezisten\u021ba la ap\u0103 de 50 de metri permite purtarea ceasului \u00een fiecare zi, inclusiv \u00een [&hellip;]<\/p>\n","protected":false},"featured_media":59445,"comment_status":"closed","ping_status":"open","template":"","meta":{"_acf_changed":false},"product_brand":[],"product_cat":[25,616],"product_tag":[],"class_list":{"0":"post-59444","1":"product","2":"type-product","3":"status-publish","4":"has-post-thumbnail","6":"product_cat-ceasuri-dama","7":"product_cat-michael-kors","8":"pa_brand-michael-kors","9":"pa_braslet-piele","10":"pa_corpus-22-mm","11":"pa_forma-rotund","12":"pa_garatia-24-luni","13":"pa_korpus-auriu","14":"pa_kvarc-quartz","15":"pa_material-otel-inoxidabil","16":"pa_mehanizm-quartz","17":"pa_remeshok-alb","18":"pa_steklo-cristal-mineral","19":"pa_strana-sua","20":"pa_voda-5-atm","22":"first","23":"instock","24":"purchasable","25":"product-type-simple"},"acf":[],"_links":{"self":[{"href":"https:\/\/ceasuri.md\/ru\/wp-json\/wp\/v2\/product\/59444","targetHints":{"allow":["GET"]}}],"collection":[{"href":"https:\/\/ceasuri.md\/ru\/wp-json\/wp\/v2\/product"}],"about":[{"href":"https:\/\/ceasuri.md\/ru\/wp-json\/wp\/v2\/types\/product"}],"replies":[{"embeddable":true,"href":"https:\/\/ceasuri.md\/ru\/wp-json\/wp\/v2\/comments?post=59444"}],"wp:featuredmedia":[{"embeddable":true,"href":"https:\/\/ceasuri.md\/ru\/wp-json\/wp\/v2\/media\/59445"}],"wp:attachment":[{"href":"https:\/\/ceasuri.md\/ru\/wp-json\/wp\/v2\/media?parent=59444"}],"wp:term":[{"taxonomy":"product_brand","embeddable":true,"href":"https:\/\/ceasuri.md\/ru\/wp-json\/wp\/v2\/product_brand?post=59444"},{"taxonomy":"product_cat","embeddable":true,"href":"https:\/\/ceasuri.md\/ru\/wp-json\/wp\/v2\/product_cat?post=59444"},{"taxonomy":"product_tag","embeddable":true,"href":"https:\/\/ceasuri.md\/ru\/wp-json\/wp\/v2\/product_tag?post=59444"}],"curies":[{"name":"wp","href":"https:\/\/api.w.org\/{rel}","templated":true}]}}