{"id":59439,"date":"2026-04-03T01:01:15","date_gmt":"2026-04-02T22:01:15","guid":{"rendered":"http:\/\/new.ceasuri.md\/shop\/uncategorized\/michael-kors-lexington-mk4901\/"},"modified":"2026-04-20T01:51:57","modified_gmt":"2026-04-19T22:51:57","slug":"michael-kors-lexington-mk4901","status":"publish","type":"product","link":"https:\/\/ceasuri.md\/ru\/shop\/branduri\/michael-kors\/michael-kors-lexington-mk4901\/","title":{"rendered":"\u0427\u0430\u0441\u044b MICHAEL KORS LEXINGTON MK4901"},"content":{"rendered":"<p>Ceasul Michael Kors Lexington combin\u0103 combina\u021bia clasic\u0103 de auriu \u0219i negru: carcasa aurie \u0219i cadranul cu curea din piele neagr\u0103 creeaz\u0103 un model elegant, atemporal.<\/p>\n<p>Ceasul este echipat cu un mecanism cu cuar\u021b \u0219i este protejat de sticl\u0103 mineral\u0103.<\/p>\n<p>Rezisten\u021ba la ap\u0103 p\u00e2n\u0103 la 50 de metri asigur\u0103 protec\u021bie \u00een timpul purt\u0103rii zilnice, inclusiv \u00eempotriva stropilor.<\/p>","protected":false},"excerpt":{"rendered":"<p>Ceasul Michael Kors Lexington combin\u0103 combina\u021bia clasic\u0103 de auriu \u0219i negru: carcasa aurie \u0219i cadranul cu curea din piele neagr\u0103 creeaz\u0103 un model elegant, atemporal. Ceasul este echipat cu un mecanism cu cuar\u021b \u0219i este protejat de sticl\u0103 mineral\u0103. Rezisten\u021ba la ap\u0103 p\u00e2n\u0103 la 50 de metri asigur\u0103 protec\u021bie \u00een timpul purt\u0103rii zilnice, inclusiv \u00eempotriva [&hellip;]<\/p>\n","protected":false},"featured_media":59440,"comment_status":"closed","ping_status":"open","template":"","meta":{"_acf_changed":false},"product_brand":[],"product_cat":[25,616],"product_tag":[],"class_list":{"0":"post-59439","1":"product","2":"type-product","3":"status-publish","4":"has-post-thumbnail","6":"product_cat-ceasuri-dama","7":"product_cat-michael-kors","8":"pa_brand-michael-kors","9":"pa_braslet-piele","10":"pa_corpus-22-mm","11":"pa_forma-rotund","12":"pa_garatia-24-luni","13":"pa_korpus-auriu","14":"pa_kvarc-quartz","15":"pa_material-otel-inoxidabil","16":"pa_mehanizm-quartz","17":"pa_remeshok-negru","18":"pa_steklo-cristal-mineral","19":"pa_strana-sua","20":"pa_voda-5-atm","22":"first","23":"instock","24":"purchasable","25":"product-type-simple"},"acf":[],"_links":{"self":[{"href":"https:\/\/ceasuri.md\/ru\/wp-json\/wp\/v2\/product\/59439","targetHints":{"allow":["GET"]}}],"collection":[{"href":"https:\/\/ceasuri.md\/ru\/wp-json\/wp\/v2\/product"}],"about":[{"href":"https:\/\/ceasuri.md\/ru\/wp-json\/wp\/v2\/types\/product"}],"replies":[{"embeddable":true,"href":"https:\/\/ceasuri.md\/ru\/wp-json\/wp\/v2\/comments?post=59439"}],"wp:featuredmedia":[{"embeddable":true,"href":"https:\/\/ceasuri.md\/ru\/wp-json\/wp\/v2\/media\/59440"}],"wp:attachment":[{"href":"https:\/\/ceasuri.md\/ru\/wp-json\/wp\/v2\/media?parent=59439"}],"wp:term":[{"taxonomy":"product_brand","embeddable":true,"href":"https:\/\/ceasuri.md\/ru\/wp-json\/wp\/v2\/product_brand?post=59439"},{"taxonomy":"product_cat","embeddable":true,"href":"https:\/\/ceasuri.md\/ru\/wp-json\/wp\/v2\/product_cat?post=59439"},{"taxonomy":"product_tag","embeddable":true,"href":"https:\/\/ceasuri.md\/ru\/wp-json\/wp\/v2\/product_tag?post=59439"}],"curies":[{"name":"wp","href":"https:\/\/api.w.org\/{rel}","templated":true}]}}