{"id":59424,"date":"2026-04-03T01:01:15","date_gmt":"2026-04-02T22:01:15","guid":{"rendered":"http:\/\/new.ceasuri.md\/shop\/uncategorized\/michael-kors-essex-mk4906\/"},"modified":"2026-04-20T01:51:58","modified_gmt":"2026-04-19T22:51:58","slug":"michael-kors-essex-mk4906","status":"publish","type":"product","link":"https:\/\/ceasuri.md\/ru\/shop\/branduri\/michael-kors\/michael-kors-essex-mk4906\/","title":{"rendered":"\u0427\u0430\u0441\u044b MICHAEL KORS ESSEX MK4906"},"content":{"rendered":"<p>Michael Kors Essex \u2014 ceasuri pentru femei, realizate integral \u00een culoarea argintie \u2014 de la carcas\u0103 la cadran \u0219i br\u0103\u021bar\u0103 din o\u021bel.<\/p>\n<p>Designul minimalist face ca acest model s\u0103 fie potrivit at\u00e2t pentru purtarea de zi cu zi, c\u00e2t \u0219i pentru ocazii mai oficiale.<\/p>\n<p>Ceasul este echipat cu un mecanism cu cuar\u021b \u0219i sticl\u0103 mineral\u0103.<\/p>\n<p>Rezisten\u021ba la ap\u0103 de 50 de metri protejeaz\u0103 ceasul de stropi.<\/p>","protected":false},"excerpt":{"rendered":"<p>Michael Kors Essex \u2014 ceasuri pentru femei, realizate integral \u00een culoarea argintie \u2014 de la carcas\u0103 la cadran \u0219i br\u0103\u021bar\u0103 din o\u021bel. Designul minimalist face ca acest model s\u0103 fie potrivit at\u00e2t pentru purtarea de zi cu zi, c\u00e2t \u0219i pentru ocazii mai oficiale. Ceasul este echipat cu un mecanism cu cuar\u021b \u0219i sticl\u0103 mineral\u0103. [&hellip;]<\/p>\n","protected":false},"featured_media":59425,"comment_status":"closed","ping_status":"open","template":"","meta":{"_acf_changed":false},"product_brand":[],"product_cat":[25,616],"product_tag":[],"class_list":{"0":"post-59424","1":"product","2":"type-product","3":"status-publish","4":"has-post-thumbnail","6":"product_cat-ceasuri-dama","7":"product_cat-michael-kors","8":"pa_brand-michael-kors","9":"pa_braslet-otel-inoxidabil","10":"pa_corpus-26-mm","11":"pa_forma-dreptunghiular","12":"pa_garatia-24-luni","13":"pa_korpus-argintiu","14":"pa_kvarc-quartz","15":"pa_material-otel-inoxidabil","16":"pa_mehanizm-quartz","17":"pa_remeshok-argintiu","18":"pa_steklo-cristal-mineral","19":"pa_strana-sua","20":"pa_voda-5-atm","22":"first","23":"instock","24":"purchasable","25":"product-type-simple"},"acf":[],"_links":{"self":[{"href":"https:\/\/ceasuri.md\/ru\/wp-json\/wp\/v2\/product\/59424","targetHints":{"allow":["GET"]}}],"collection":[{"href":"https:\/\/ceasuri.md\/ru\/wp-json\/wp\/v2\/product"}],"about":[{"href":"https:\/\/ceasuri.md\/ru\/wp-json\/wp\/v2\/types\/product"}],"replies":[{"embeddable":true,"href":"https:\/\/ceasuri.md\/ru\/wp-json\/wp\/v2\/comments?post=59424"}],"wp:featuredmedia":[{"embeddable":true,"href":"https:\/\/ceasuri.md\/ru\/wp-json\/wp\/v2\/media\/59425"}],"wp:attachment":[{"href":"https:\/\/ceasuri.md\/ru\/wp-json\/wp\/v2\/media?parent=59424"}],"wp:term":[{"taxonomy":"product_brand","embeddable":true,"href":"https:\/\/ceasuri.md\/ru\/wp-json\/wp\/v2\/product_brand?post=59424"},{"taxonomy":"product_cat","embeddable":true,"href":"https:\/\/ceasuri.md\/ru\/wp-json\/wp\/v2\/product_cat?post=59424"},{"taxonomy":"product_tag","embeddable":true,"href":"https:\/\/ceasuri.md\/ru\/wp-json\/wp\/v2\/product_tag?post=59424"}],"curies":[{"name":"wp","href":"https:\/\/api.w.org\/{rel}","templated":true}]}}