{"id":59409,"date":"2026-04-03T01:01:15","date_gmt":"2026-04-02T22:01:15","guid":{"rendered":"http:\/\/new.ceasuri.md\/shop\/uncategorized\/michael-kors-sage-mk4910\/"},"modified":"2026-04-20T01:52:00","modified_gmt":"2026-04-19T22:52:00","slug":"michael-kors-sage-mk4910","status":"publish","type":"product","link":"https:\/\/ceasuri.md\/ru\/shop\/branduri\/michael-kors\/michael-kors-sage-mk4910\/","title":{"rendered":"Ceas MICHAEL KORS SAGE MK4910"},"content":{"rendered":"<p>Michael Kors Sage \u2014 ceasuri pentru femei \u00eentr-un design elegant, \u00een dou\u0103 culori. Combina\u021bia de argint \u0219i aur le confer\u0103 un caracter modern.<\/p>\n<p>Cadranul alb perlat, cu marcaje \u0219i indicatoare luminescente, asigur\u0103 lizibilitatea chiar \u0219i \u00een \u00eentuneric.<\/p>\n<p>Ceasul este fabricat din o\u021bel inoxidabil, echipat cu sticl\u0103 mineral\u0103 \u0219i mecanism cu cuar\u021b.<\/p>\n<p>Rezisten\u021ba la ap\u0103 de 50 de metri face ca modelul s\u0103 fie rezistent la stropi, dar nu este potrivit pentru \u00eenot.<\/p>","protected":false},"excerpt":{"rendered":"<p>Michael Kors Sage \u2014 ceasuri pentru femei \u00eentr-un design elegant, \u00een dou\u0103 culori. Combina\u021bia de argint \u0219i aur le confer\u0103 un caracter modern. Cadranul alb perlat, cu marcaje \u0219i indicatoare luminescente, asigur\u0103 lizibilitatea chiar \u0219i \u00een \u00eentuneric. Ceasul este fabricat din o\u021bel inoxidabil, echipat cu sticl\u0103 mineral\u0103 \u0219i mecanism cu cuar\u021b. Rezisten\u021ba la ap\u0103 de [&hellip;]<\/p>\n","protected":false},"featured_media":59410,"comment_status":"closed","ping_status":"open","template":"","meta":{"_acf_changed":false},"product_brand":[],"product_cat":[25,616],"product_tag":[],"class_list":{"0":"post-59409","1":"product","2":"type-product","3":"status-publish","4":"has-post-thumbnail","6":"product_cat-ceasuri-dama","7":"product_cat-michael-kors","8":"pa_brand-michael-kors","9":"pa_braslet-otel-inoxidabil","10":"pa_corpus-31-mm","11":"pa_decor-cristale-swarowski","12":"pa_forma-rotund","13":"pa_garatia-24-luni","14":"pa_korpus-argintiu","15":"pa_kvarc-quartz","16":"pa_material-otel-inoxidabil","17":"pa_mehanizm-quartz","18":"pa_remeshok-bicolor","19":"pa_steklo-cristal-mineral","20":"pa_strana-sua","21":"pa_voda-5-atm","23":"first","24":"instock","25":"purchasable","26":"product-type-simple"},"acf":[],"_links":{"self":[{"href":"https:\/\/ceasuri.md\/ru\/wp-json\/wp\/v2\/product\/59409","targetHints":{"allow":["GET"]}}],"collection":[{"href":"https:\/\/ceasuri.md\/ru\/wp-json\/wp\/v2\/product"}],"about":[{"href":"https:\/\/ceasuri.md\/ru\/wp-json\/wp\/v2\/types\/product"}],"replies":[{"embeddable":true,"href":"https:\/\/ceasuri.md\/ru\/wp-json\/wp\/v2\/comments?post=59409"}],"wp:featuredmedia":[{"embeddable":true,"href":"https:\/\/ceasuri.md\/ru\/wp-json\/wp\/v2\/media\/59410"}],"wp:attachment":[{"href":"https:\/\/ceasuri.md\/ru\/wp-json\/wp\/v2\/media?parent=59409"}],"wp:term":[{"taxonomy":"product_brand","embeddable":true,"href":"https:\/\/ceasuri.md\/ru\/wp-json\/wp\/v2\/product_brand?post=59409"},{"taxonomy":"product_cat","embeddable":true,"href":"https:\/\/ceasuri.md\/ru\/wp-json\/wp\/v2\/product_cat?post=59409"},{"taxonomy":"product_tag","embeddable":true,"href":"https:\/\/ceasuri.md\/ru\/wp-json\/wp\/v2\/product_tag?post=59409"}],"curies":[{"name":"wp","href":"https:\/\/api.w.org\/{rel}","templated":true}]}}