{"id":59399,"date":"2026-04-03T01:01:15","date_gmt":"2026-04-02T22:01:15","guid":{"rendered":"http:\/\/new.ceasuri.md\/shop\/uncategorized\/michael-kors-bryant-mk7541\/"},"modified":"2026-04-07T05:04:58","modified_gmt":"2026-04-07T02:04:58","slug":"michael-kors-bryant-mk7541","status":"publish","type":"product","link":"https:\/\/ceasuri.md\/ru\/shop\/branduri\/michael-kors\/michael-kors-bryant-mk7541\/","title":{"rendered":"Ceas MICHAEL KORS BRYANT MK7541"},"content":{"rendered":"<p>Ceasul Michael Kors Bryant este un model \u00een culoarea roz-auriu, care combin\u0103 forma clasic\u0103 \u0219i glamourul feminin.<\/p>\n<p>Carcasa \u0219i br\u0103\u021bara sunt fabricate din o\u021bel inoxidabil, cadranul \u0219i br\u0103\u021bara sunt decorate cu cristale Swarovski, care confer\u0103 produsului un caracter elegant, ca \u0219i cum ar fi o piatr\u0103 pre\u021bioas\u0103.<\/p>\n<p>Modelul este echipat cu un mecanism cu cuar\u021b \u0219i sticl\u0103 mineral\u0103.<\/p>\n<p>Rezisten\u021ba la ap\u0103 de 50 de metri protejeaz\u0103 ceasul de stropi.<\/p>","protected":false},"excerpt":{"rendered":"<p>Ceasul Michael Kors Bryant este un model \u00een culoarea roz-auriu, care combin\u0103 forma clasic\u0103 \u0219i glamourul feminin. Carcasa \u0219i br\u0103\u021bara sunt fabricate din o\u021bel inoxidabil, cadranul \u0219i br\u0103\u021bara sunt decorate cu cristale Swarovski, care confer\u0103 produsului un caracter elegant, ca \u0219i cum ar fi o piatr\u0103 pre\u021bioas\u0103. Modelul este echipat cu un mecanism cu cuar\u021b [&hellip;]<\/p>\n","protected":false},"featured_media":59400,"comment_status":"closed","ping_status":"open","template":"","meta":{"_acf_changed":false},"product_brand":[],"product_cat":[25,616],"product_tag":[],"class_list":{"0":"post-59399","1":"product","2":"type-product","3":"status-publish","4":"has-post-thumbnail","6":"product_cat-ceasuri-dama","7":"product_cat-michael-kors","8":"pa_brand-michael-kors","9":"pa_braslet-otel-inoxidabil","10":"pa_corpus-35-mm","11":"pa_decor-cristale-swarowski","12":"pa_forma-rotund","13":"pa_garatia-24-luni","14":"pa_korpus-roz-gold","15":"pa_material-otel-inoxidabil","16":"pa_mehanizm-quartz","17":"pa_remeshok-roz-gold","18":"pa_steklo-cristal-mineral","19":"pa_strana-sua","20":"pa_voda-5-atm","22":"first","23":"instock","24":"purchasable","25":"product-type-simple"},"acf":[],"_links":{"self":[{"href":"https:\/\/ceasuri.md\/ru\/wp-json\/wp\/v2\/product\/59399","targetHints":{"allow":["GET"]}}],"collection":[{"href":"https:\/\/ceasuri.md\/ru\/wp-json\/wp\/v2\/product"}],"about":[{"href":"https:\/\/ceasuri.md\/ru\/wp-json\/wp\/v2\/types\/product"}],"replies":[{"embeddable":true,"href":"https:\/\/ceasuri.md\/ru\/wp-json\/wp\/v2\/comments?post=59399"}],"wp:featuredmedia":[{"embeddable":true,"href":"https:\/\/ceasuri.md\/ru\/wp-json\/wp\/v2\/media\/59400"}],"wp:attachment":[{"href":"https:\/\/ceasuri.md\/ru\/wp-json\/wp\/v2\/media?parent=59399"}],"wp:term":[{"taxonomy":"product_brand","embeddable":true,"href":"https:\/\/ceasuri.md\/ru\/wp-json\/wp\/v2\/product_brand?post=59399"},{"taxonomy":"product_cat","embeddable":true,"href":"https:\/\/ceasuri.md\/ru\/wp-json\/wp\/v2\/product_cat?post=59399"},{"taxonomy":"product_tag","embeddable":true,"href":"https:\/\/ceasuri.md\/ru\/wp-json\/wp\/v2\/product_tag?post=59399"}],"curies":[{"name":"wp","href":"https:\/\/api.w.org\/{rel}","templated":true}]}}