{"id":59384,"date":"2026-04-03T01:01:15","date_gmt":"2026-04-02T22:01:15","guid":{"rendered":"http:\/\/new.ceasuri.md\/shop\/uncategorized\/casio-edifice-efk-100d-3aer\/"},"modified":"2026-04-15T21:13:24","modified_gmt":"2026-04-15T18:13:24","slug":"casio-edifice-efk-100d-3aer","status":"publish","type":"product","link":"https:\/\/ceasuri.md\/ru\/shop\/branduri\/casio\/casio-edifice-efk-100d-3aer\/","title":{"rendered":"Ceas CASIO EDIFICE EFK-100D-3AER"},"content":{"rendered":"<p>Casio Edifice Automatic este un ceas din legendara colec\u021bie Edifice, care a decis s\u0103-\u0219i extind\u0103 gama cu modele cu mecanism mecanic. Inspirate de sporturile cu motor, acestea se disting prin stilul sportiv clasic, fiind potrivite pentru purtarea zilnic\u0103.<\/p>\n<p>Modelele Edifice Automatic EFK-100 sunt primele ceasuri mecanice din gama acestui produc\u0103tor japonez. <\/p>\n<p>Galvanoplastica recreeaz\u0103 pe cadran textura carbonului forjat, cre\u00e2nd un aspect unic, sportiv \u0219i, \u00een acela\u0219i timp, rafinat.<\/p>\n<p>Sticla de safir \u00eembun\u0103t\u0103\u021be\u0219te vizibilitatea, iar detaliile dinamice, precum indexurile \u00een relief, luneta \u0219i carcasa, completeaz\u0103 designul rafinat.<\/p>\n<p>Acele orare \u0219i minutare cu sec\u021biuni goale \u0219i v\u00e2rfuri fosforescente combin\u0103 stilul sportiv \u0219i vizibilitatea excelent\u0103 \u00een \u00eentuneric. Acul secundar alunec\u0103 lin, marc\u00e2nd trecerea timpului.<\/p>\n<p>Mecanismul mecanic cu o rezerv\u0103 de mar\u0219 de 40 de ore pune \u00een mi\u0219care acul ceasului, ca un motor zumz\u0103itor al unei ma\u0219ini sport, iar totul este \u00eencorporat \u00eentr-un cadran compact de 39 de milimetri.<\/p>\n<p>Capacul transparent din spate permite vizualizarea mecanismului \u00een mi\u0219care, subliniind farmecul unic al ceasurilor mecanice.<\/p>\n<p>Rezisten\u021ba la ap\u0103 p\u00e2n\u0103 la 100 de metri v\u0103 permite s\u0103 v\u0103 concentra\u021bi asupra lucrurilor mai interesante.<\/p>","protected":false},"excerpt":{"rendered":"<p>Casio Edifice Automatic este un ceas din legendara colec\u021bie Edifice, care a decis s\u0103-\u0219i extind\u0103 gama cu modele cu mecanism mecanic. Inspirate de sporturile cu motor, acestea se disting prin stilul sportiv clasic, fiind potrivite pentru purtarea zilnic\u0103. Modelele Edifice Automatic EFK-100 sunt primele ceasuri mecanice din gama acestui produc\u0103tor japonez. Galvanoplastica recreeaz\u0103 pe cadran [&hellip;]<\/p>\n","protected":false},"featured_media":59385,"comment_status":"closed","ping_status":"open","template":"","meta":{"_acf_changed":false},"product_brand":[],"product_cat":[27,20,25,536],"product_tag":[],"class_list":{"0":"post-59384","1":"product","2":"type-product","3":"status-publish","4":"has-post-thumbnail","6":"product_cat-casio","7":"product_cat-ceasuri-barbati","8":"product_cat-ceasuri-dama","9":"product_cat-edifice","10":"pa_brand-casio","11":"pa_brand-edifice","12":"pa_braslet-otel-inoxidabil","13":"pa_corpus-39-mm","14":"pa_forma-rotund","15":"pa_funcii-data","16":"pa_garatia-24-luni","17":"pa_korpus-argintiu","18":"pa_material-otel-inoxidabil","19":"pa_mehanizm-mecanic","20":"pa_mehanizm-mecanism-automatic","21":"pa_remeshok-argintiu","22":"pa_steklo-cristal-safir","23":"pa_strana-japonia","24":"pa_voda-10-atm","26":"first","27":"instock","28":"purchasable","29":"product-type-simple"},"acf":[],"_links":{"self":[{"href":"https:\/\/ceasuri.md\/ru\/wp-json\/wp\/v2\/product\/59384","targetHints":{"allow":["GET"]}}],"collection":[{"href":"https:\/\/ceasuri.md\/ru\/wp-json\/wp\/v2\/product"}],"about":[{"href":"https:\/\/ceasuri.md\/ru\/wp-json\/wp\/v2\/types\/product"}],"replies":[{"embeddable":true,"href":"https:\/\/ceasuri.md\/ru\/wp-json\/wp\/v2\/comments?post=59384"}],"wp:featuredmedia":[{"embeddable":true,"href":"https:\/\/ceasuri.md\/ru\/wp-json\/wp\/v2\/media\/59385"}],"wp:attachment":[{"href":"https:\/\/ceasuri.md\/ru\/wp-json\/wp\/v2\/media?parent=59384"}],"wp:term":[{"taxonomy":"product_brand","embeddable":true,"href":"https:\/\/ceasuri.md\/ru\/wp-json\/wp\/v2\/product_brand?post=59384"},{"taxonomy":"product_cat","embeddable":true,"href":"https:\/\/ceasuri.md\/ru\/wp-json\/wp\/v2\/product_cat?post=59384"},{"taxonomy":"product_tag","embeddable":true,"href":"https:\/\/ceasuri.md\/ru\/wp-json\/wp\/v2\/product_tag?post=59384"}],"curies":[{"name":"wp","href":"https:\/\/api.w.org\/{rel}","templated":true}]}}