{"id":59372,"date":"2026-04-03T01:01:15","date_gmt":"2026-04-02T22:01:15","guid":{"rendered":"http:\/\/new.ceasuri.md\/shop\/uncategorized\/casio-edifice-efr-539de-3avuef\/"},"modified":"2026-04-07T05:04:53","modified_gmt":"2026-04-07T02:04:53","slug":"casio-edifice-efr-539de-3avuef","status":"publish","type":"product","link":"https:\/\/ceasuri.md\/ru\/shop\/branduri\/casio\/casio-edifice-efr-539de-3avuef\/","title":{"rendered":"Ceas CASIO EDIFICE EFR-539DE-3AVUEF"},"content":{"rendered":"<p>Cronograf mare standard. Bezelul tridimensional, precum \u0219i designul expresiv \u0219i gama de culori a cadranului creeaz\u0103 o imagine puternic\u0103.<\/p>\n<p>Diametrul acestui ceas este de 50 mm, iar grosimea de 12 mm, ceea ce \u00eel face un adev\u0103rat magnet pentru privirile de pe \u00eencheietura m\u00e2inii.<\/p>\n<p>Carcasa rotund\u0103 din o\u021bel inoxidabil argintiu confer\u0103 ceasului un aspect modern, iar cadranul verde \u0219i sticla mineral\u0103 adaug\u0103 o not\u0103 elegant\u0103.<\/p>\n<p>Ceasul este, de asemenea, rezistent la ap\u0103 p\u00e2n\u0103 la 10 ATM.<\/p>","protected":false},"excerpt":{"rendered":"<p>Cronograf mare standard. Bezelul tridimensional, precum \u0219i designul expresiv \u0219i gama de culori a cadranului creeaz\u0103 o imagine puternic\u0103. Diametrul acestui ceas este de 50 mm, iar grosimea de 12 mm, ceea ce \u00eel face un adev\u0103rat magnet pentru privirile de pe \u00eencheietura m\u00e2inii. Carcasa rotund\u0103 din o\u021bel inoxidabil argintiu confer\u0103 ceasului un aspect modern, [&hellip;]<\/p>\n","protected":false},"featured_media":59373,"comment_status":"closed","ping_status":"open","template":"","meta":{"_acf_changed":false},"product_brand":[],"product_cat":[27,20,536],"product_tag":[],"class_list":{"0":"post-59372","1":"product","2":"type-product","3":"status-publish","4":"has-post-thumbnail","6":"product_cat-casio","7":"product_cat-ceasuri-barbati","8":"product_cat-edifice","9":"pa_brand-casio","10":"pa_brand-edifice","11":"pa_braslet-otel-inoxidabil","12":"pa_corpus-50-mm","13":"pa_forma-rotund","14":"pa_funcii-cronograf","15":"pa_funcii-data","16":"pa_garatia-24-luni","17":"pa_korpus-argintiu","18":"pa_korpus-verde","19":"pa_material-aluminiu","20":"pa_material-otel-inoxidabil","21":"pa_mehanizm-quartz","22":"pa_remeshok-argintiu","23":"pa_steklo-cristal-mineral","24":"pa_strana-japonia","25":"pa_voda-10-atm","27":"first","28":"instock","29":"purchasable","30":"product-type-simple"},"acf":[],"yoast_head":"<!-- This site is optimized with the Yoast SEO plugin v27.3 - https:\/\/yoast.com\/product\/yoast-seo-wordpress\/ -->\n<title>CASIO EDIFICE EFR-539DE-3AVUEF - Cronograf<\/title>\n<meta name=\"robots\" content=\"index, follow, max-snippet:-1, max-image-preview:large, max-video-preview:-1\" \/>\n<link rel=\"canonical\" href=\"https:\/\/ceasuri.md\/ru\/shop\/branduri\/casio\/casio-edifice-efr-539de-3avuef\/\" \/>\n<meta property=\"og:locale\" content=\"ru_RU\" \/>\n<meta property=\"og:type\" content=\"article\" \/>\n<meta property=\"og:title\" content=\"CASIO EDIFICE EFR-539DE-3AVUEF - Cronograf\" \/>\n<meta property=\"og:description\" content=\"Cronograf mare standard. Bezelul tridimensional, precum \u0219i designul expresiv \u0219i gama de culori a cadranului creeaz\u0103 o imagine puternic\u0103. Diametrul acestui ceas este de 50 mm, iar grosimea de 12 mm, ceea ce \u00eel face un adev\u0103rat magnet pentru privirile de pe \u00eencheietura m\u00e2inii. Carcasa rotund\u0103 din o\u021bel inoxidabil argintiu confer\u0103 ceasului un aspect modern, [&hellip;]\" \/>\n<meta property=\"og:url\" content=\"https:\/\/ceasuri.md\/ru\/shop\/branduri\/casio\/casio-edifice-efr-539de-3avuef\/\" \/>\n<meta property=\"og:site_name\" content=\"Cronograf\" \/>\n<meta property=\"article:modified_time\" content=\"2026-04-07T02:04:53+00:00\" \/>\n<meta property=\"og:image\" content=\"https:\/\/ceasuri.md\/wp-content\/uploads\/efr-539de-3avuef.webp\" \/>\n\t<meta property=\"og:image:width\" content=\"600\" \/>\n\t<meta property=\"og:image:height\" content=\"800\" \/>\n\t<meta property=\"og:image:type\" content=\"image\/webp\" \/>\n<meta name=\"twitter:card\" content=\"summary_large_image\" \/>\n<script type=\"application\/ld+json\" class=\"yoast-schema-graph\">{\"@context\":\"https:\\\/\\\/schema.org\",\"@graph\":[{\"@type\":\"WebPage\",\"@id\":\"https:\\\/\\\/ceasuri.md\\\/shop\\\/branduri\\\/casio\\\/casio-edifice-efr-539de-3avuef\\\/\",\"url\":\"https:\\\/\\\/ceasuri.md\\\/shop\\\/branduri\\\/casio\\\/casio-edifice-efr-539de-3avuef\\\/\",\"name\":\"CASIO EDIFICE EFR-539DE-3AVUEF - Cronograf\",\"isPartOf\":{\"@id\":\"https:\\\/\\\/ceasuri.md\\\/ru\\\/#website\"},\"primaryImageOfPage\":{\"@id\":\"https:\\\/\\\/ceasuri.md\\\/shop\\\/branduri\\\/casio\\\/casio-edifice-efr-539de-3avuef\\\/#primaryimage\"},\"image\":{\"@id\":\"https:\\\/\\\/ceasuri.md\\\/shop\\\/branduri\\\/casio\\\/casio-edifice-efr-539de-3avuef\\\/#primaryimage\"},\"thumbnailUrl\":\"https:\\\/\\\/ceasuri.md\\\/wp-content\\\/uploads\\\/efr-539de-3avuef.webp\",\"datePublished\":\"2026-04-02T22:01:15+00:00\",\"dateModified\":\"2026-04-07T02:04:53+00:00\",\"breadcrumb\":{\"@id\":\"https:\\\/\\\/ceasuri.md\\\/shop\\\/branduri\\\/casio\\\/casio-edifice-efr-539de-3avuef\\\/#breadcrumb\"},\"inLanguage\":\"ru-RU\",\"potentialAction\":[{\"@type\":\"ReadAction\",\"target\":[\"https:\\\/\\\/ceasuri.md\\\/shop\\\/branduri\\\/casio\\\/casio-edifice-efr-539de-3avuef\\\/\"]}]},{\"@type\":\"ImageObject\",\"inLanguage\":\"ru-RU\",\"@id\":\"https:\\\/\\\/ceasuri.md\\\/shop\\\/branduri\\\/casio\\\/casio-edifice-efr-539de-3avuef\\\/#primaryimage\",\"url\":\"https:\\\/\\\/ceasuri.md\\\/wp-content\\\/uploads\\\/efr-539de-3avuef.webp\",\"contentUrl\":\"https:\\\/\\\/ceasuri.md\\\/wp-content\\\/uploads\\\/efr-539de-3avuef.webp\",\"width\":600,\"height\":800},{\"@type\":\"BreadcrumbList\",\"@id\":\"https:\\\/\\\/ceasuri.md\\\/shop\\\/branduri\\\/casio\\\/casio-edifice-efr-539de-3avuef\\\/#breadcrumb\",\"itemListElement\":[{\"@type\":\"ListItem\",\"position\":1,\"name\":\"Home\",\"item\":\"https:\\\/\\\/ceasuri.md\\\/\"},{\"@type\":\"ListItem\",\"position\":2,\"name\":\"Magazin\",\"item\":\"https:\\\/\\\/ceasuri.md\\\/shop\\\/\"},{\"@type\":\"ListItem\",\"position\":3,\"name\":\"Ceas CASIO EDIFICE EFR-539DE-3AVUEF\"}]},{\"@type\":\"WebSite\",\"@id\":\"https:\\\/\\\/ceasuri.md\\\/ru\\\/#website\",\"url\":\"https:\\\/\\\/ceasuri.md\\\/ru\\\/\",\"name\":\"Cronograf\",\"description\":\"\",\"publisher\":{\"@id\":\"https:\\\/\\\/ceasuri.md\\\/ru\\\/#organization\"},\"potentialAction\":[{\"@type\":\"SearchAction\",\"target\":{\"@type\":\"EntryPoint\",\"urlTemplate\":\"https:\\\/\\\/ceasuri.md\\\/ru\\\/?s={search_term_string}\"},\"query-input\":{\"@type\":\"PropertyValueSpecification\",\"valueRequired\":true,\"valueName\":\"search_term_string\"}}],\"inLanguage\":\"ru-RU\"},{\"@type\":\"Organization\",\"@id\":\"https:\\\/\\\/ceasuri.md\\\/ru\\\/#organization\",\"name\":\"Cronograf\",\"url\":\"https:\\\/\\\/ceasuri.md\\\/ru\\\/\",\"logo\":{\"@type\":\"ImageObject\",\"inLanguage\":\"ru-RU\",\"@id\":\"https:\\\/\\\/ceasuri.md\\\/ru\\\/#\\\/schema\\\/logo\\\/image\\\/\",\"url\":\"https:\\\/\\\/ceasuri.md\\\/wp-content\\\/uploads\\\/2025\\\/12\\\/Logo.svg\",\"contentUrl\":\"https:\\\/\\\/ceasuri.md\\\/wp-content\\\/uploads\\\/2025\\\/12\\\/Logo.svg\",\"width\":3338,\"height\":811,\"caption\":\"Cronograf\"},\"image\":{\"@id\":\"https:\\\/\\\/ceasuri.md\\\/ru\\\/#\\\/schema\\\/logo\\\/image\\\/\"}}]}<\/script>\n<!-- \/ Yoast SEO plugin. -->","yoast_head_json":{"title":"CASIO EDIFICE EFR-539DE-3AVUEF - Cronograf","robots":{"index":"index","follow":"follow","max-snippet":"max-snippet:-1","max-image-preview":"max-image-preview:large","max-video-preview":"max-video-preview:-1"},"canonical":"https:\/\/ceasuri.md\/ru\/shop\/branduri\/casio\/casio-edifice-efr-539de-3avuef\/","og_locale":"ru_RU","og_type":"article","og_title":"CASIO EDIFICE EFR-539DE-3AVUEF - Cronograf","og_description":"Cronograf mare standard. Bezelul tridimensional, precum \u0219i designul expresiv \u0219i gama de culori a cadranului creeaz\u0103 o imagine puternic\u0103. Diametrul acestui ceas este de 50 mm, iar grosimea de 12 mm, ceea ce \u00eel face un adev\u0103rat magnet pentru privirile de pe \u00eencheietura m\u00e2inii. Carcasa rotund\u0103 din o\u021bel inoxidabil argintiu confer\u0103 ceasului un aspect modern, [&hellip;]","og_url":"https:\/\/ceasuri.md\/ru\/shop\/branduri\/casio\/casio-edifice-efr-539de-3avuef\/","og_site_name":"Cronograf","article_modified_time":"2026-04-07T02:04:53+00:00","og_image":[{"width":600,"height":800,"url":"https:\/\/ceasuri.md\/wp-content\/uploads\/efr-539de-3avuef.webp","type":"image\/webp"}],"twitter_card":"summary_large_image","schema":{"@context":"https:\/\/schema.org","@graph":[{"@type":"WebPage","@id":"https:\/\/ceasuri.md\/shop\/branduri\/casio\/casio-edifice-efr-539de-3avuef\/","url":"https:\/\/ceasuri.md\/shop\/branduri\/casio\/casio-edifice-efr-539de-3avuef\/","name":"CASIO EDIFICE EFR-539DE-3AVUEF - Cronograf","isPartOf":{"@id":"https:\/\/ceasuri.md\/ru\/#website"},"primaryImageOfPage":{"@id":"https:\/\/ceasuri.md\/shop\/branduri\/casio\/casio-edifice-efr-539de-3avuef\/#primaryimage"},"image":{"@id":"https:\/\/ceasuri.md\/shop\/branduri\/casio\/casio-edifice-efr-539de-3avuef\/#primaryimage"},"thumbnailUrl":"https:\/\/ceasuri.md\/wp-content\/uploads\/efr-539de-3avuef.webp","datePublished":"2026-04-02T22:01:15+00:00","dateModified":"2026-04-07T02:04:53+00:00","breadcrumb":{"@id":"https:\/\/ceasuri.md\/shop\/branduri\/casio\/casio-edifice-efr-539de-3avuef\/#breadcrumb"},"inLanguage":"ru-RU","potentialAction":[{"@type":"ReadAction","target":["https:\/\/ceasuri.md\/shop\/branduri\/casio\/casio-edifice-efr-539de-3avuef\/"]}]},{"@type":"ImageObject","inLanguage":"ru-RU","@id":"https:\/\/ceasuri.md\/shop\/branduri\/casio\/casio-edifice-efr-539de-3avuef\/#primaryimage","url":"https:\/\/ceasuri.md\/wp-content\/uploads\/efr-539de-3avuef.webp","contentUrl":"https:\/\/ceasuri.md\/wp-content\/uploads\/efr-539de-3avuef.webp","width":600,"height":800},{"@type":"BreadcrumbList","@id":"https:\/\/ceasuri.md\/shop\/branduri\/casio\/casio-edifice-efr-539de-3avuef\/#breadcrumb","itemListElement":[{"@type":"ListItem","position":1,"name":"Home","item":"https:\/\/ceasuri.md\/"},{"@type":"ListItem","position":2,"name":"Magazin","item":"https:\/\/ceasuri.md\/shop\/"},{"@type":"ListItem","position":3,"name":"Ceas CASIO EDIFICE EFR-539DE-3AVUEF"}]},{"@type":"WebSite","@id":"https:\/\/ceasuri.md\/ru\/#website","url":"https:\/\/ceasuri.md\/ru\/","name":"Cronograf","description":"","publisher":{"@id":"https:\/\/ceasuri.md\/ru\/#organization"},"potentialAction":[{"@type":"SearchAction","target":{"@type":"EntryPoint","urlTemplate":"https:\/\/ceasuri.md\/ru\/?s={search_term_string}"},"query-input":{"@type":"PropertyValueSpecification","valueRequired":true,"valueName":"search_term_string"}}],"inLanguage":"ru-RU"},{"@type":"Organization","@id":"https:\/\/ceasuri.md\/ru\/#organization","name":"Cronograf","url":"https:\/\/ceasuri.md\/ru\/","logo":{"@type":"ImageObject","inLanguage":"ru-RU","@id":"https:\/\/ceasuri.md\/ru\/#\/schema\/logo\/image\/","url":"https:\/\/ceasuri.md\/wp-content\/uploads\/2025\/12\/Logo.svg","contentUrl":"https:\/\/ceasuri.md\/wp-content\/uploads\/2025\/12\/Logo.svg","width":3338,"height":811,"caption":"Cronograf"},"image":{"@id":"https:\/\/ceasuri.md\/ru\/#\/schema\/logo\/image\/"}}]}},"_links":{"self":[{"href":"https:\/\/ceasuri.md\/ru\/wp-json\/wp\/v2\/product\/59372","targetHints":{"allow":["GET"]}}],"collection":[{"href":"https:\/\/ceasuri.md\/ru\/wp-json\/wp\/v2\/product"}],"about":[{"href":"https:\/\/ceasuri.md\/ru\/wp-json\/wp\/v2\/types\/product"}],"replies":[{"embeddable":true,"href":"https:\/\/ceasuri.md\/ru\/wp-json\/wp\/v2\/comments?post=59372"}],"wp:featuredmedia":[{"embeddable":true,"href":"https:\/\/ceasuri.md\/ru\/wp-json\/wp\/v2\/media\/59373"}],"wp:attachment":[{"href":"https:\/\/ceasuri.md\/ru\/wp-json\/wp\/v2\/media?parent=59372"}],"wp:term":[{"taxonomy":"product_brand","embeddable":true,"href":"https:\/\/ceasuri.md\/ru\/wp-json\/wp\/v2\/product_brand?post=59372"},{"taxonomy":"product_cat","embeddable":true,"href":"https:\/\/ceasuri.md\/ru\/wp-json\/wp\/v2\/product_cat?post=59372"},{"taxonomy":"product_tag","embeddable":true,"href":"https:\/\/ceasuri.md\/ru\/wp-json\/wp\/v2\/product_tag?post=59372"}],"curies":[{"name":"wp","href":"https:\/\/api.w.org\/{rel}","templated":true}]}}