{"id":59369,"date":"2026-04-03T01:01:15","date_gmt":"2026-04-02T22:01:15","guid":{"rendered":"http:\/\/new.ceasuri.md\/shop\/uncategorized\/casio-edifice-efr-539de-8avuef\/"},"modified":"2026-04-07T05:04:51","modified_gmt":"2026-04-07T02:04:51","slug":"casio-edifice-efr-539de-8avuef","status":"publish","type":"product","link":"https:\/\/ceasuri.md\/ru\/shop\/branduri\/casio\/casio-edifice-efr-539de-8avuef\/","title":{"rendered":"Ceas CASIO EDIFICE EFR-539DE-8AVUEF"},"content":{"rendered":"<p>Cronograf mare standard. Bezelul tridimensional, precum \u0219i designul expresiv \u0219i gama de culori a cadranului creeaz\u0103 o imagine puternic\u0103.<\/p>\n<p>Diametrul acestui ceas este de 50 mm, iar grosimea de 12 mm, ceea ce \u00eel face un adev\u0103rat magnet pentru privirile de pe \u00eencheietura m\u00e2inii.<\/p>\n<p>Carcasa rotund\u0103 din o\u021bel inoxidabil argintiu confer\u0103 ceasului un aspect modern, iar cadranul argintiu \u0219i sticla mineral\u0103 adaug\u0103 o not\u0103 elegant\u0103.<\/p>\n<p>Acest ceas este, de asemenea, rezistent la ap\u0103 p\u00e2n\u0103 la 10 ATM.<\/p>","protected":false},"excerpt":{"rendered":"<p>Cronograf mare standard. Bezelul tridimensional, precum \u0219i designul expresiv \u0219i gama de culori a cadranului creeaz\u0103 o imagine puternic\u0103. Diametrul acestui ceas este de 50 mm, iar grosimea de 12 mm, ceea ce \u00eel face un adev\u0103rat magnet pentru privirile de pe \u00eencheietura m\u00e2inii. Carcasa rotund\u0103 din o\u021bel inoxidabil argintiu confer\u0103 ceasului un aspect modern, [&hellip;]<\/p>\n","protected":false},"featured_media":59370,"comment_status":"closed","ping_status":"open","template":"","meta":{"_acf_changed":false},"product_brand":[],"product_cat":[27,20,536],"product_tag":[],"class_list":{"0":"post-59369","1":"product","2":"type-product","3":"status-publish","4":"has-post-thumbnail","6":"product_cat-casio","7":"product_cat-ceasuri-barbati","8":"product_cat-edifice","9":"pa_brand-casio","10":"pa_brand-edifice","11":"pa_braslet-otel-inoxidabil","12":"pa_corpus-50-mm","13":"pa_forma-rotund","14":"pa_funcii-cronograf","15":"pa_funcii-data","16":"pa_garatia-24-luni","17":"pa_korpus-argintiu","18":"pa_korpus-gri","19":"pa_material-aluminiu","20":"pa_material-otel-inoxidabil","21":"pa_mehanizm-quartz","22":"pa_remeshok-argintiu","23":"pa_steklo-cristal-mineral","24":"pa_strana-japonia","25":"pa_voda-10-atm","27":"first","28":"instock","29":"purchasable","30":"product-type-simple"},"acf":[],"_links":{"self":[{"href":"https:\/\/ceasuri.md\/ru\/wp-json\/wp\/v2\/product\/59369","targetHints":{"allow":["GET"]}}],"collection":[{"href":"https:\/\/ceasuri.md\/ru\/wp-json\/wp\/v2\/product"}],"about":[{"href":"https:\/\/ceasuri.md\/ru\/wp-json\/wp\/v2\/types\/product"}],"replies":[{"embeddable":true,"href":"https:\/\/ceasuri.md\/ru\/wp-json\/wp\/v2\/comments?post=59369"}],"wp:featuredmedia":[{"embeddable":true,"href":"https:\/\/ceasuri.md\/ru\/wp-json\/wp\/v2\/media\/59370"}],"wp:attachment":[{"href":"https:\/\/ceasuri.md\/ru\/wp-json\/wp\/v2\/media?parent=59369"}],"wp:term":[{"taxonomy":"product_brand","embeddable":true,"href":"https:\/\/ceasuri.md\/ru\/wp-json\/wp\/v2\/product_brand?post=59369"},{"taxonomy":"product_cat","embeddable":true,"href":"https:\/\/ceasuri.md\/ru\/wp-json\/wp\/v2\/product_cat?post=59369"},{"taxonomy":"product_tag","embeddable":true,"href":"https:\/\/ceasuri.md\/ru\/wp-json\/wp\/v2\/product_tag?post=59369"}],"curies":[{"name":"wp","href":"https:\/\/api.w.org\/{rel}","templated":true}]}}