{"id":59365,"date":"2026-04-03T01:01:15","date_gmt":"2026-04-02T22:01:15","guid":{"rendered":"http:\/\/new.ceasuri.md\/shop\/uncategorized\/casio-edifice-efr-s108de-2avuef\/"},"modified":"2026-04-16T21:34:35","modified_gmt":"2026-04-16T18:34:35","slug":"casio-edifice-efr-s108de-2avuef","status":"publish","type":"product","link":"https:\/\/ceasuri.md\/ru\/shop\/branduri\/casio\/casio-edifice-efr-s108de-2avuef\/","title":{"rendered":"Ceas CASIO EFR-S108DE-2AVUEF Edifice"},"content":{"rendered":"<p>Ceasurile de m\u00e2n\u0103 pentru b\u0103rba\u021bi din colec\u021bia Edifice se remarc\u0103 prin designul elegant, care le face s\u0103 fie un accesoriu potrivit pentru c\u0103ma\u0219\u0103 sau costum.<\/p>\n<p>La prima vedere, ceasul atrage aten\u021bia prin cadranul \u00een nuan\u021be de albastru, cu o textur\u0103 care aminte\u0219te de suprafa\u021ba \u00eenghe\u021bat\u0103, pe care marcajele orelor sunt realizate sub form\u0103 de indici reliefa\u021bi cu acoperire luminescent\u0103. Acesta este protejat de sticl\u0103 de safir cu rezisten\u021b\u0103 ridicat\u0103 la zg\u00e2rieturi.<\/p>\n<p>Carcasa ceasului este fabricat\u0103 din o\u021bel inoxidabil \u0219i completat\u0103 cu un br\u0103\u021bar\u0103 din o\u021bel. Ceasul este echipat cu un indicator de dat\u0103 \u00een pozi\u021bia \u201eora 3\u201d.<\/p>\n<p>Ceasul este rezistent la ap\u0103 p\u00e2n\u0103 la 100 m.<\/p>","protected":false},"excerpt":{"rendered":"<p>Ceasurile de m\u00e2n\u0103 pentru b\u0103rba\u021bi din colec\u021bia Edifice se remarc\u0103 prin designul elegant, care le face s\u0103 fie un accesoriu potrivit pentru c\u0103ma\u0219\u0103 sau costum. La prima vedere, ceasul atrage aten\u021bia prin cadranul \u00een nuan\u021be de albastru, cu o textur\u0103 care aminte\u0219te de suprafa\u021ba \u00eenghe\u021bat\u0103, pe care marcajele orelor sunt realizate sub form\u0103 de indici [&hellip;]<\/p>\n","protected":false},"featured_media":59366,"comment_status":"closed","ping_status":"open","template":"","meta":{"_acf_changed":false},"product_brand":[],"product_cat":[27,20,536],"product_tag":[],"class_list":{"0":"post-59365","1":"product","2":"type-product","3":"status-publish","4":"has-post-thumbnail","6":"product_cat-casio","7":"product_cat-ceasuri-barbati","8":"product_cat-edifice","9":"pa_brand-casio","10":"pa_brand-edifice","11":"pa_braslet-otel-inoxidabil","12":"pa_corpus-40-mm","13":"pa_forma-octogonala","14":"pa_funcii-data","15":"pa_garatia-24-luni","16":"pa_korpus-argintiu","17":"pa_kvarc-quartz","18":"pa_material-otel-inoxidabil","19":"pa_mehanizm-quartz","20":"pa_remeshok-argintiu","21":"pa_steklo-cristal-safir","22":"pa_strana-japonia","23":"pa_voda-10-atm","25":"first","26":"instock","27":"purchasable","28":"product-type-simple"},"acf":[],"_links":{"self":[{"href":"https:\/\/ceasuri.md\/ru\/wp-json\/wp\/v2\/product\/59365","targetHints":{"allow":["GET"]}}],"collection":[{"href":"https:\/\/ceasuri.md\/ru\/wp-json\/wp\/v2\/product"}],"about":[{"href":"https:\/\/ceasuri.md\/ru\/wp-json\/wp\/v2\/types\/product"}],"replies":[{"embeddable":true,"href":"https:\/\/ceasuri.md\/ru\/wp-json\/wp\/v2\/comments?post=59365"}],"wp:featuredmedia":[{"embeddable":true,"href":"https:\/\/ceasuri.md\/ru\/wp-json\/wp\/v2\/media\/59366"}],"wp:attachment":[{"href":"https:\/\/ceasuri.md\/ru\/wp-json\/wp\/v2\/media?parent=59365"}],"wp:term":[{"taxonomy":"product_brand","embeddable":true,"href":"https:\/\/ceasuri.md\/ru\/wp-json\/wp\/v2\/product_brand?post=59365"},{"taxonomy":"product_cat","embeddable":true,"href":"https:\/\/ceasuri.md\/ru\/wp-json\/wp\/v2\/product_cat?post=59365"},{"taxonomy":"product_tag","embeddable":true,"href":"https:\/\/ceasuri.md\/ru\/wp-json\/wp\/v2\/product_tag?post=59365"}],"curies":[{"name":"wp","href":"https:\/\/api.w.org\/{rel}","templated":true}]}}