{"id":59345,"date":"2026-04-03T01:00:30","date_gmt":"2026-04-02T22:00:30","guid":{"rendered":"http:\/\/new.ceasuri.md\/shop\/uncategorized\/casio-edifice-efs-s650dc-1aef\/"},"modified":"2026-04-20T01:52:30","modified_gmt":"2026-04-19T22:52:30","slug":"casio-edifice-efs-s650dc-1aef","status":"publish","type":"product","link":"https:\/\/ceasuri.md\/ru\/shop\/branduri\/casio\/casio-edifice-efs-s650dc-1aef\/","title":{"rendered":"\u0427\u0430\u0441\u044b CASIO EDIFICE EFS-S650DC-1AEF"},"content":{"rendered":"<p>V\u0103 prezent\u0103m primul model EDIFICE cu lunet\u0103 ceramic\u0103, creat \u021bin\u00e2nd cont de cerin\u021bele de frumuse\u021be \u0219i durabilitate.<\/p>\n<p>Bezelul ceramic atent lustruit, cu nuan\u021ba sa subtil\u0103 \u0219i rafinat\u0103, aminte\u0219te de textura str\u0103lucitoare a unui automobil sport de lux \u0219i este mai rezistent la zg\u00e2rieturi dec\u00e2t o\u021belul inoxidabil, asigur\u00e2nd o frumuse\u021be durabil\u0103.<\/p>\n<p>Carcasa plat\u0103 \u0219i cureaua din o\u021bel inoxidabil se disting prin lustruirea minu\u021bioas\u0103 oglind\u0103 \u0219i cu fir, iar cadranul este decorat cu un model rafinat, care subliniaz\u0103 elegan\u021ba \u00eentregului design. Carcasa cu diametrul de 41 mm asigur\u0103 un aspect stilat \u0219i confort la purtare.<\/p>\n<p>Sticla de safir garanteaz\u0103 o bun\u0103 vizibilitate \u0219i rezisten\u021b\u0103 la zg\u00e2rieturi.<\/p>\n<p>Bateria solar\u0103 asigur\u0103 o durat\u0103 lung\u0103 de via\u021b\u0103. Durata de func\u021bionare de la \u00eenc\u0103rcarea complet\u0103 p\u00e2n\u0103 la oprirea ceasului este de aproximativ 5 luni.<\/p>\n<p>Modelul este echipat cu cronometru \u0219i este rezistent la ap\u0103 p\u00e2n\u0103 la 100 de metri.<\/p>","protected":false},"excerpt":{"rendered":"<p>V\u0103 prezent\u0103m primul model EDIFICE cu lunet\u0103 ceramic\u0103, creat \u021bin\u00e2nd cont de cerin\u021bele de frumuse\u021be \u0219i durabilitate. Bezelul ceramic atent lustruit, cu nuan\u021ba sa subtil\u0103 \u0219i rafinat\u0103, aminte\u0219te de textura str\u0103lucitoare a unui automobil sport de lux \u0219i este mai rezistent la zg\u00e2rieturi dec\u00e2t o\u021belul inoxidabil, asigur\u00e2nd o frumuse\u021be durabil\u0103. Carcasa plat\u0103 \u0219i cureaua din [&hellip;]<\/p>\n","protected":false},"featured_media":59346,"comment_status":"closed","ping_status":"open","template":"","meta":{"_acf_changed":false},"product_brand":[],"product_cat":[27,20,536],"product_tag":[],"class_list":{"0":"post-59345","1":"product","2":"type-product","3":"status-publish","4":"has-post-thumbnail","6":"product_cat-casio","7":"product_cat-ceasuri-barbati","8":"product_cat-edifice","9":"pa_brand-casio","10":"pa_brand-edifice","11":"pa_braslet-otel-inoxidabil","12":"pa_corpus-41-mm","13":"pa_forma-rotund","14":"pa_funcii-cronograf","15":"pa_funcii-data","16":"pa_garatia-24-luni","17":"pa_korpus-negru","18":"pa_kvarc-quartz","19":"pa_material-ceramica","20":"pa_material-otel-inoxidabil","21":"pa_mehanizm-baterie-solara","22":"pa_mehanizm-quartz","23":"pa_remeshok-negru","24":"pa_steklo-cristal-safir","25":"pa_strana-japonia","26":"pa_voda-10-atm","28":"first","29":"instock","30":"purchasable","31":"product-type-simple"},"acf":[],"_links":{"self":[{"href":"https:\/\/ceasuri.md\/ru\/wp-json\/wp\/v2\/product\/59345","targetHints":{"allow":["GET"]}}],"collection":[{"href":"https:\/\/ceasuri.md\/ru\/wp-json\/wp\/v2\/product"}],"about":[{"href":"https:\/\/ceasuri.md\/ru\/wp-json\/wp\/v2\/types\/product"}],"replies":[{"embeddable":true,"href":"https:\/\/ceasuri.md\/ru\/wp-json\/wp\/v2\/comments?post=59345"}],"wp:featuredmedia":[{"embeddable":true,"href":"https:\/\/ceasuri.md\/ru\/wp-json\/wp\/v2\/media\/59346"}],"wp:attachment":[{"href":"https:\/\/ceasuri.md\/ru\/wp-json\/wp\/v2\/media?parent=59345"}],"wp:term":[{"taxonomy":"product_brand","embeddable":true,"href":"https:\/\/ceasuri.md\/ru\/wp-json\/wp\/v2\/product_brand?post=59345"},{"taxonomy":"product_cat","embeddable":true,"href":"https:\/\/ceasuri.md\/ru\/wp-json\/wp\/v2\/product_cat?post=59345"},{"taxonomy":"product_tag","embeddable":true,"href":"https:\/\/ceasuri.md\/ru\/wp-json\/wp\/v2\/product_tag?post=59345"}],"curies":[{"name":"wp","href":"https:\/\/api.w.org\/{rel}","templated":true}]}}