{"id":59340,"date":"2026-04-03T01:00:30","date_gmt":"2026-04-02T22:00:30","guid":{"rendered":"http:\/\/new.ceasuri.md\/shop\/uncategorized\/casio-g-shock-gmw-b5000d-1cer\/"},"modified":"2026-04-17T15:21:19","modified_gmt":"2026-04-17T12:21:19","slug":"casio-g-shock-gmw-b5000d-1cer","status":"publish","type":"product","link":"https:\/\/ceasuri.md\/ru\/shop\/branduri\/casio\/casio-g-shock-gmw-b5000d-1cer\/","title":{"rendered":"Ceas CASIO G-SHOCK GMW-B5000D-1CER"},"content":{"rendered":"<p>Ceasul aduce un omagiu designului original G\u2011Shock din 1983, dar \u00eentr-o versiune integral metalic\u0103, cu tehnologii moderne.<\/p>\n<p>Modelul este echipat cu tehnologia Tough Solar, care \u00eencarc\u0103 ceasul de la lumina soarelui (at\u00e2t artificial\u0103, c\u00e2t \u0219i natural\u0103). Datorit\u0103 Bluetooth \u0219i radiocomand\u0103rii multiband\u0103 cu 6 benzi, ceasul afi\u0219eaz\u0103 ora exact\u0103, indiferent unde v\u0103 afla\u021bi.<\/p>\n<p>Func\u021bia de timp mondial accept\u0103 39 de fusuri orare \u0219i trecerea automat\u0103 la ora de var\u0103. Cronometrul m\u0103soar\u0103 timpul p\u00e2n\u0103 la 24 de ore cu o precizie de 1\/100 de secund\u0103, iar cronometrul cu num\u0103r\u0103toare invers\u0103 poate fi reglat de la 1 secund\u0103 la 24 de ore.<\/p>\n<p>Func\u021bia de economisire a energiei opre\u0219te afi\u0219ajul \u00een \u00eentuneric pentru a economisi bateria. Ceasul complet \u00eenc\u0103rcat func\u021bioneaz\u0103 p\u00e2n\u0103 la 10 luni f\u0103r\u0103 lumin\u0103 \u0219i p\u00e2n\u0103 la 22 de luni \u00een modul de stocare.<\/p>\n<p>Carcasa \u0219i br\u0103\u021bara sunt fabricate din o\u021bel inoxidabil. Br\u0103\u021bara este echipat\u0103 cu o cataram\u0103 rabatabil\u0103 pentru confort \u0219i durabilitate suplimentare.<\/p>\n<p>Acest ceas este rezistent la \u0219ocuri \u0219i impermeabil p\u00e2n\u0103 la 20 bari, ceea ce permite utilizarea lui pentru \u00eenot, du\u0219 \u0219i chiar pentru scufund\u0103ri de agrement. Capacul din spate se \u00een\u0219urubeaz\u0103, iar sticla mineral\u0103 protejeaz\u0103 afi\u0219ajul digital de zg\u00e2rieturi \u0219i lovituri.<\/p>","protected":false},"excerpt":{"rendered":"<p>Ceasul aduce un omagiu designului original G\u2011Shock din 1983, dar \u00eentr-o versiune integral metalic\u0103, cu tehnologii moderne. Modelul este echipat cu tehnologia Tough Solar, care \u00eencarc\u0103 ceasul de la lumina soarelui (at\u00e2t artificial\u0103, c\u00e2t \u0219i natural\u0103). Datorit\u0103 Bluetooth \u0219i radiocomand\u0103rii multiband\u0103 cu 6 benzi, ceasul afi\u0219eaz\u0103 ora exact\u0103, indiferent unde v\u0103 afla\u021bi. Func\u021bia de timp [&hellip;]<\/p>\n","protected":false},"featured_media":59341,"comment_status":"closed","ping_status":"open","template":"","meta":{"_acf_changed":false},"product_brand":[],"product_cat":[27,20,419],"product_tag":[],"class_list":{"0":"post-59340","1":"product","2":"type-product","3":"status-publish","4":"has-post-thumbnail","6":"product_cat-casio","7":"product_cat-ceasuri-barbati","8":"product_cat-g-shock","9":"pa_brand-casio","10":"pa_brand-g-shock","11":"pa_braslet-otel-inoxidabil","12":"pa_corpus-43x49mm","13":"pa_forma-octogonala","14":"pa_funcii-alarma","15":"pa_funcii-bluetooth-smart","16":"pa_funcii-calendar","17":"pa_funcii-cronometru","18":"pa_funcii-iluminare","19":"pa_funcii-rezerva-de-energie","20":"pa_funcii-timp-mondial","21":"pa_garatia-24-luni","22":"pa_korpus-argintiu","23":"pa_kvarc-quartz","24":"pa_material-otel-inoxidabil","25":"pa_mehanizm-baterie-solara","26":"pa_mehanizm-electronic","27":"pa_remeshok-argintiu","28":"pa_steklo-cristal-mineral","29":"pa_strana-japonia","30":"pa_voda-20-atm","32":"first","33":"instock","34":"purchasable","35":"product-type-simple"},"acf":[],"_links":{"self":[{"href":"https:\/\/ceasuri.md\/ru\/wp-json\/wp\/v2\/product\/59340","targetHints":{"allow":["GET"]}}],"collection":[{"href":"https:\/\/ceasuri.md\/ru\/wp-json\/wp\/v2\/product"}],"about":[{"href":"https:\/\/ceasuri.md\/ru\/wp-json\/wp\/v2\/types\/product"}],"replies":[{"embeddable":true,"href":"https:\/\/ceasuri.md\/ru\/wp-json\/wp\/v2\/comments?post=59340"}],"wp:featuredmedia":[{"embeddable":true,"href":"https:\/\/ceasuri.md\/ru\/wp-json\/wp\/v2\/media\/59341"}],"wp:attachment":[{"href":"https:\/\/ceasuri.md\/ru\/wp-json\/wp\/v2\/media?parent=59340"}],"wp:term":[{"taxonomy":"product_brand","embeddable":true,"href":"https:\/\/ceasuri.md\/ru\/wp-json\/wp\/v2\/product_brand?post=59340"},{"taxonomy":"product_cat","embeddable":true,"href":"https:\/\/ceasuri.md\/ru\/wp-json\/wp\/v2\/product_cat?post=59340"},{"taxonomy":"product_tag","embeddable":true,"href":"https:\/\/ceasuri.md\/ru\/wp-json\/wp\/v2\/product_tag?post=59340"}],"curies":[{"name":"wp","href":"https:\/\/api.w.org\/{rel}","templated":true}]}}