{"id":59333,"date":"2026-04-03T01:00:30","date_gmt":"2026-04-02T22:00:30","guid":{"rendered":"http:\/\/new.ceasuri.md\/shop\/uncategorized\/boccia-titanium-3158-05\/"},"modified":"2026-04-17T15:21:17","modified_gmt":"2026-04-17T12:21:17","slug":"boccia-titanium-3158-05","status":"publish","type":"product","link":"https:\/\/ceasuri.md\/ru\/shop\/branduri\/boccia\/boccia-titanium-3158-05\/","title":{"rendered":"Ceas BOCCIA TITANIUM 3158-05"},"content":{"rendered":"<p>Ceas Boccia Titanium pentru femei cu cristal de safir ultrarezistent la zg\u00e2rieturi.<\/p>\n<p>Cadranul u\u0219or de citit prezint\u0103 o fereastr\u0103 pentru dat\u0103 la ora 6.<\/p>\n<p>Carcasa este fabricat\u0103 din titan pur hipoalergenic. Br\u0103\u021bara confortabil\u0103 este, de asemenea, realizat\u0103 din titan pur, cu un strat durabil de culoare aur galben.<\/p>\n<p>Datorit\u0103 materialelor utilizate, ceasul este pl\u0103cut pentru piele, durabil \u0219i incredibil de u\u0219or.<\/p>\n<p>Rezistent la ap\u0103 p\u00e2n\u0103 la 50 m.<\/p>","protected":false},"excerpt":{"rendered":"<p>Ceas Boccia Titanium pentru femei cu cristal de safir ultrarezistent la zg\u00e2rieturi. Cadranul u\u0219or de citit prezint\u0103 o fereastr\u0103 pentru dat\u0103 la ora 6. Carcasa este fabricat\u0103 din titan pur hipoalergenic. Br\u0103\u021bara confortabil\u0103 este, de asemenea, realizat\u0103 din titan pur, cu un strat durabil de culoare aur galben. Datorit\u0103 materialelor utilizate, ceasul este pl\u0103cut pentru [&hellip;]<\/p>\n","protected":false},"featured_media":59334,"comment_status":"closed","ping_status":"open","template":"","meta":{"_acf_changed":false},"product_brand":[],"product_cat":[626,25],"product_tag":[],"class_list":{"0":"post-59333","1":"product","2":"type-product","3":"status-publish","4":"has-post-thumbnail","6":"product_cat-boccia","7":"product_cat-ceasuri-dama","8":"pa_brand-boccia","9":"pa_braslet-titan","10":"pa_corpus-29-mm","11":"pa_forma-rotund","12":"pa_funcii-data","13":"pa_garatia-24-luni","14":"pa_korpus-auriu","15":"pa_kvarc-quartz","16":"pa_material-titan","17":"pa_mehanizm-quartz","18":"pa_remeshok-auriu","19":"pa_steklo-cristal-safir","20":"pa_strana-germania","21":"pa_voda-5-atm","23":"first","24":"instock","25":"purchasable","26":"product-type-simple"},"acf":[],"_links":{"self":[{"href":"https:\/\/ceasuri.md\/ru\/wp-json\/wp\/v2\/product\/59333","targetHints":{"allow":["GET"]}}],"collection":[{"href":"https:\/\/ceasuri.md\/ru\/wp-json\/wp\/v2\/product"}],"about":[{"href":"https:\/\/ceasuri.md\/ru\/wp-json\/wp\/v2\/types\/product"}],"replies":[{"embeddable":true,"href":"https:\/\/ceasuri.md\/ru\/wp-json\/wp\/v2\/comments?post=59333"}],"wp:featuredmedia":[{"embeddable":true,"href":"https:\/\/ceasuri.md\/ru\/wp-json\/wp\/v2\/media\/59334"}],"wp:attachment":[{"href":"https:\/\/ceasuri.md\/ru\/wp-json\/wp\/v2\/media?parent=59333"}],"wp:term":[{"taxonomy":"product_brand","embeddable":true,"href":"https:\/\/ceasuri.md\/ru\/wp-json\/wp\/v2\/product_brand?post=59333"},{"taxonomy":"product_cat","embeddable":true,"href":"https:\/\/ceasuri.md\/ru\/wp-json\/wp\/v2\/product_cat?post=59333"},{"taxonomy":"product_tag","embeddable":true,"href":"https:\/\/ceasuri.md\/ru\/wp-json\/wp\/v2\/product_tag?post=59333"}],"curies":[{"name":"wp","href":"https:\/\/api.w.org\/{rel}","templated":true}]}}