{"id":59331,"date":"2026-04-03T01:00:30","date_gmt":"2026-04-02T22:00:30","guid":{"rendered":"http:\/\/new.ceasuri.md\/shop\/uncategorized\/boccia-titanium-3212-11\/"},"modified":"2026-04-16T21:34:01","modified_gmt":"2026-04-16T18:34:01","slug":"boccia-titanium-3212-11","status":"publish","type":"product","link":"https:\/\/ceasuri.md\/ru\/shop\/branduri\/boccia\/boccia-titanium-3212-11\/","title":{"rendered":"Ceas BOCCIA 3212-11"},"content":{"rendered":"<p>Ceas clasic pentru femei Boccia Titanium din titan pur cu finisaj de culoare aur galben.<\/p>\n<p>Nacre albe \u00een centru confer\u0103 cadranului dreptunghiular un aspect sofisticat.<\/p>\n<p>Ceasul este echipat cu o br\u0103\u021bar\u0103 magnific\u0103 din titan pur, par\u021bial lucioas\u0103 \u0219i par\u021bial satinat\u0103. \u00cenchiz\u0103toare pliabil\u0103 robust\u0103 \u0219i compact\u0103 cu dou\u0103 butoane.<\/p>\n<p>Cristalul mineral este curbat anatomic.<\/p>\n<p>Rezisten\u021b\u0103 la ap\u0103 de 50 de metri.<\/p>","protected":false},"excerpt":{"rendered":"<p>Ceas clasic pentru femei Boccia Titanium din titan pur cu finisaj de culoare aur galben. Nacre albe \u00een centru confer\u0103 cadranului dreptunghiular un aspect sofisticat. Ceasul este echipat cu o br\u0103\u021bar\u0103 magnific\u0103 din titan pur, par\u021bial lucioas\u0103 \u0219i par\u021bial satinat\u0103. \u00cenchiz\u0103toare pliabil\u0103 robust\u0103 \u0219i compact\u0103 cu dou\u0103 butoane. Cristalul mineral este curbat anatomic. Rezisten\u021b\u0103 la [&hellip;]<\/p>\n","protected":false},"featured_media":59332,"comment_status":"closed","ping_status":"open","template":"","meta":{"_acf_changed":false},"product_brand":[],"product_cat":[626,25],"product_tag":[],"class_list":{"0":"post-59331","1":"product","2":"type-product","3":"status-publish","4":"has-post-thumbnail","6":"product_cat-boccia","7":"product_cat-ceasuri-dama","8":"pa_brand-boccia","9":"pa_braslet-titan","10":"pa_corpus-21x34-mm","11":"pa_forma-dreptunghiular","12":"pa_garatia-24-luni","13":"pa_korpus-auriu","14":"pa_kvarc-quartz","15":"pa_material-titan","16":"pa_mehanizm-quartz","17":"pa_remeshok-auriu","18":"pa_steklo-cristal-mineral","19":"pa_strana-germania","20":"pa_voda-5-atm","22":"first","23":"instock","24":"purchasable","25":"product-type-simple"},"acf":[],"_links":{"self":[{"href":"https:\/\/ceasuri.md\/ru\/wp-json\/wp\/v2\/product\/59331","targetHints":{"allow":["GET"]}}],"collection":[{"href":"https:\/\/ceasuri.md\/ru\/wp-json\/wp\/v2\/product"}],"about":[{"href":"https:\/\/ceasuri.md\/ru\/wp-json\/wp\/v2\/types\/product"}],"replies":[{"embeddable":true,"href":"https:\/\/ceasuri.md\/ru\/wp-json\/wp\/v2\/comments?post=59331"}],"wp:featuredmedia":[{"embeddable":true,"href":"https:\/\/ceasuri.md\/ru\/wp-json\/wp\/v2\/media\/59332"}],"wp:attachment":[{"href":"https:\/\/ceasuri.md\/ru\/wp-json\/wp\/v2\/media?parent=59331"}],"wp:term":[{"taxonomy":"product_brand","embeddable":true,"href":"https:\/\/ceasuri.md\/ru\/wp-json\/wp\/v2\/product_brand?post=59331"},{"taxonomy":"product_cat","embeddable":true,"href":"https:\/\/ceasuri.md\/ru\/wp-json\/wp\/v2\/product_cat?post=59331"},{"taxonomy":"product_tag","embeddable":true,"href":"https:\/\/ceasuri.md\/ru\/wp-json\/wp\/v2\/product_tag?post=59331"}],"curies":[{"name":"wp","href":"https:\/\/api.w.org\/{rel}","templated":true}]}}