{"id":59325,"date":"2026-04-03T01:00:30","date_gmt":"2026-04-02T22:00:30","guid":{"rendered":"http:\/\/new.ceasuri.md\/shop\/uncategorized\/boccia-titanium-3351-07\/"},"modified":"2026-04-15T21:13:08","modified_gmt":"2026-04-15T18:13:08","slug":"boccia-titanium-3351-07","status":"publish","type":"product","link":"https:\/\/ceasuri.md\/ru\/shop\/branduri\/boccia\/boccia-titanium-3351-07\/","title":{"rendered":"Ceas BOCCIA TITANIUM 3351-07"},"content":{"rendered":"<p>Ceas dreptunghiular Boccia pentru femei cu un design clasic.<\/p>\n<p>Cadranul gri deschis mat combinat cu m\u00e2ini \u0219i indici lustrui\u021bi asigur\u0103 o lizibilitate optim\u0103.<\/p>\n<p>Carcas\u0103 plat\u0103, u\u0219oar\u0103 \u0219i complet hipoalergenic\u0103 din titan pur, atent \u0219lefuit\u0103.<\/p>\n<p>Curea moale din piele natural\u0103 gri deschis cu cataram\u0103 par\u021bial satinat\u0103 din titan pur \u0219i c\u0103ptu\u0219eal\u0103 hipoalergenic\u0103.<\/p>\n<p>Rezistent la ap\u0103 p\u00e2n\u0103 la 30 de metri.<\/p>","protected":false},"excerpt":{"rendered":"<p>Ceas dreptunghiular Boccia pentru femei cu un design clasic. Cadranul gri deschis mat combinat cu m\u00e2ini \u0219i indici lustrui\u021bi asigur\u0103 o lizibilitate optim\u0103. Carcas\u0103 plat\u0103, u\u0219oar\u0103 \u0219i complet hipoalergenic\u0103 din titan pur, atent \u0219lefuit\u0103. Curea moale din piele natural\u0103 gri deschis cu cataram\u0103 par\u021bial satinat\u0103 din titan pur \u0219i c\u0103ptu\u0219eal\u0103 hipoalergenic\u0103. Rezistent la ap\u0103 p\u00e2n\u0103 [&hellip;]<\/p>\n","protected":false},"featured_media":59326,"comment_status":"closed","ping_status":"open","template":"","meta":{"_acf_changed":false},"product_brand":[],"product_cat":[626,25],"product_tag":[],"class_list":{"0":"post-59325","1":"product","2":"type-product","3":"status-publish","4":"has-post-thumbnail","6":"product_cat-boccia","7":"product_cat-ceasuri-dama","8":"pa_brand-boccia","9":"pa_braslet-piele","10":"pa_corpus-25x28-mm","11":"pa_forma-dreptunghiular","12":"pa_garatia-24-luni","13":"pa_korpus-argintiu","14":"pa_kvarc-quartz","15":"pa_material-titan","16":"pa_mehanizm-quartz","17":"pa_remeshok-gri","18":"pa_steklo-cristal-mineral","19":"pa_strana-germania","20":"pa_voda-3-atm","22":"first","23":"instock","24":"purchasable","25":"product-type-simple"},"acf":[],"_links":{"self":[{"href":"https:\/\/ceasuri.md\/ru\/wp-json\/wp\/v2\/product\/59325","targetHints":{"allow":["GET"]}}],"collection":[{"href":"https:\/\/ceasuri.md\/ru\/wp-json\/wp\/v2\/product"}],"about":[{"href":"https:\/\/ceasuri.md\/ru\/wp-json\/wp\/v2\/types\/product"}],"replies":[{"embeddable":true,"href":"https:\/\/ceasuri.md\/ru\/wp-json\/wp\/v2\/comments?post=59325"}],"wp:featuredmedia":[{"embeddable":true,"href":"https:\/\/ceasuri.md\/ru\/wp-json\/wp\/v2\/media\/59326"}],"wp:attachment":[{"href":"https:\/\/ceasuri.md\/ru\/wp-json\/wp\/v2\/media?parent=59325"}],"wp:term":[{"taxonomy":"product_brand","embeddable":true,"href":"https:\/\/ceasuri.md\/ru\/wp-json\/wp\/v2\/product_brand?post=59325"},{"taxonomy":"product_cat","embeddable":true,"href":"https:\/\/ceasuri.md\/ru\/wp-json\/wp\/v2\/product_cat?post=59325"},{"taxonomy":"product_tag","embeddable":true,"href":"https:\/\/ceasuri.md\/ru\/wp-json\/wp\/v2\/product_tag?post=59325"}],"curies":[{"name":"wp","href":"https:\/\/api.w.org\/{rel}","templated":true}]}}