{"id":59321,"date":"2026-04-03T01:00:30","date_gmt":"2026-04-02T22:00:30","guid":{"rendered":"http:\/\/new.ceasuri.md\/shop\/uncategorized\/boccia-titanium-solar-3363-03\/"},"modified":"2026-04-20T01:50:59","modified_gmt":"2026-04-19T22:50:59","slug":"boccia-titanium-solar-3363-03","status":"publish","type":"product","link":"https:\/\/ceasuri.md\/ru\/shop\/branduri\/boccia\/boccia-titanium-solar-3363-03\/","title":{"rendered":"Ceas BOCCIA TITANIUM SOLAR 3363-03"},"content":{"rendered":"<p>Nu mai este nevoie s\u0103 schimba\u021bi bateriile, acest ceas func\u021bioneaz\u0103 p\u00e2n\u0103 la patru luni \u00een \u00eentuneric total datorit\u0103 tehnologiei avansate de energie solar\u0103.<\/p>\n<p>Ca o pies\u0103 de bijuterie, ceasul este eviden\u021biat de un cadran magnific din nuc\u0103 de perle. M\u00e2inile \u0219i indicii largi asigur\u0103 o lizibilitate perfect\u0103.<\/p>\n<p>\u00cen combina\u021bie cu cristalul mineral \u0219i mi\u0219carea cu energie solar\u0103, BOCCIA Titanium este un ceas de dam\u0103 magnific, de \u00eenalt\u0103 calitate, cu o curea foarte confortabil\u0103 \u0219i fiabil\u0103.<\/p>\n<p>Rezistent la ap\u0103 p\u00e2n\u0103 la 50 m.<\/p>","protected":false},"excerpt":{"rendered":"<p>Nu mai este nevoie s\u0103 schimba\u021bi bateriile, acest ceas func\u021bioneaz\u0103 p\u00e2n\u0103 la patru luni \u00een \u00eentuneric total datorit\u0103 tehnologiei avansate de energie solar\u0103. Ca o pies\u0103 de bijuterie, ceasul este eviden\u021biat de un cadran magnific din nuc\u0103 de perle. M\u00e2inile \u0219i indicii largi asigur\u0103 o lizibilitate perfect\u0103. \u00cen combina\u021bie cu cristalul mineral \u0219i mi\u0219carea cu [&hellip;]<\/p>\n","protected":false},"featured_media":59322,"comment_status":"closed","ping_status":"open","template":"","meta":{"_acf_changed":false},"product_brand":[],"product_cat":[626,25],"product_tag":[],"class_list":{"0":"post-59321","1":"product","2":"type-product","3":"status-publish","4":"has-post-thumbnail","6":"product_cat-boccia","7":"product_cat-ceasuri-dama","8":"pa_brand-boccia","9":"pa_braslet-titan","10":"pa_corpus-30-mm","11":"pa_forma-rotund","12":"pa_garatia-24-luni","13":"pa_korpus-argintiu","14":"pa_kvarc-quartz","15":"pa_material-titan","16":"pa_mehanizm-baterie-solara","17":"pa_remeshok-argintiu","18":"pa_steklo-cristal-mineral","19":"pa_strana-germania","20":"pa_voda-5-atm","22":"first","23":"outofstock","24":"purchasable","25":"product-type-simple"},"acf":[],"_links":{"self":[{"href":"https:\/\/ceasuri.md\/ru\/wp-json\/wp\/v2\/product\/59321","targetHints":{"allow":["GET"]}}],"collection":[{"href":"https:\/\/ceasuri.md\/ru\/wp-json\/wp\/v2\/product"}],"about":[{"href":"https:\/\/ceasuri.md\/ru\/wp-json\/wp\/v2\/types\/product"}],"replies":[{"embeddable":true,"href":"https:\/\/ceasuri.md\/ru\/wp-json\/wp\/v2\/comments?post=59321"}],"wp:featuredmedia":[{"embeddable":true,"href":"https:\/\/ceasuri.md\/ru\/wp-json\/wp\/v2\/media\/59322"}],"wp:attachment":[{"href":"https:\/\/ceasuri.md\/ru\/wp-json\/wp\/v2\/media?parent=59321"}],"wp:term":[{"taxonomy":"product_brand","embeddable":true,"href":"https:\/\/ceasuri.md\/ru\/wp-json\/wp\/v2\/product_brand?post=59321"},{"taxonomy":"product_cat","embeddable":true,"href":"https:\/\/ceasuri.md\/ru\/wp-json\/wp\/v2\/product_cat?post=59321"},{"taxonomy":"product_tag","embeddable":true,"href":"https:\/\/ceasuri.md\/ru\/wp-json\/wp\/v2\/product_tag?post=59321"}],"curies":[{"name":"wp","href":"https:\/\/api.w.org\/{rel}","templated":true}]}}