{"id":59308,"date":"2026-04-03T01:00:30","date_gmt":"2026-04-02T22:00:30","guid":{"rendered":"http:\/\/new.ceasuri.md\/shop\/uncategorized\/boccia-titanium-3364-03\/"},"modified":"2026-04-17T15:21:03","modified_gmt":"2026-04-17T12:21:03","slug":"boccia-titanium-3364-03","status":"publish","type":"product","link":"https:\/\/ceasuri.md\/ru\/shop\/branduri\/boccia\/boccia-titanium-3364-03\/","title":{"rendered":"Ceas BOCCIA TITANIUM 3364-03"},"content":{"rendered":"<p>Ceasul de dam\u0103 Boccia Titanium \u00eentruchipeaz\u0103 elegan\u021ba atemporal\u0103 \u0219i un design minimalist care combin\u0103 modernitatea \u0219i clasicismul.<\/p>\n<p>Carcasa oval\u0103 realizat\u0103 din titan pur cu un strat par\u021bial de culoare aur galben atrage toate privirile.<\/p>\n<p>Ceasul este echipat cu un cristal de safir rezistent la zg\u00e2rieturi, care ofer\u0103 nu numai o protec\u021bie optim\u0103, ci \u0219i o transparen\u021b\u0103 excep\u021bional\u0103.<\/p>\n<p>Cadranul alb mat, cu textura sa tridimensional\u0103 rafinat\u0103 \u0219i limbile clasice lustruite \u00een form\u0103 de lance asigur\u0103 o bun\u0103 lizibilitate.<\/p>\n<p>Cureaua din piele neagr\u0103 de \u00eenalt\u0103 calitate cu o cataram\u0103 din titan pur lustruit este at\u00e2t confortabil\u0103, c\u00e2t \u0219i pl\u0103cut\u0103 din punct de vedere estetic. Rezisten\u021ba la ap\u0103 p\u00e2n\u0103 la 50 m face acest ceas ideal pentru purtarea zilnic\u0103.<\/p>\n<p>Cu o greutate redus\u0103 de numai 18 g \u0219i o carcas\u0103 sub\u021bire de 6,5 mm, acesta este partenerul ideal \u00een orice situa\u021bie \u00een care stilul \u0219i confortul sunt importante.<\/p>","protected":false},"excerpt":{"rendered":"<p>Ceasul de dam\u0103 Boccia Titanium \u00eentruchipeaz\u0103 elegan\u021ba atemporal\u0103 \u0219i un design minimalist care combin\u0103 modernitatea \u0219i clasicismul. Carcasa oval\u0103 realizat\u0103 din titan pur cu un strat par\u021bial de culoare aur galben atrage toate privirile. Ceasul este echipat cu un cristal de safir rezistent la zg\u00e2rieturi, care ofer\u0103 nu numai o protec\u021bie optim\u0103, ci \u0219i o [&hellip;]<\/p>\n","protected":false},"featured_media":59309,"comment_status":"closed","ping_status":"open","template":"","meta":{"_acf_changed":false},"product_brand":[],"product_cat":[626,25],"product_tag":[],"class_list":{"0":"post-59308","1":"product","2":"type-product","3":"status-publish","4":"has-post-thumbnail","6":"product_cat-boccia","7":"product_cat-ceasuri-dama","8":"pa_brand-boccia","9":"pa_braslet-piele","10":"pa_corpus-30x32-mm","11":"pa_forma-oval","12":"pa_garatia-24-luni","13":"pa_korpus-bicolor","14":"pa_kvarc-quartz","15":"pa_material-titan","16":"pa_mehanizm-quartz","17":"pa_remeshok-negru","18":"pa_steklo-cristal-safir","19":"pa_strana-germania","20":"pa_voda-5-atm","22":"first","23":"instock","24":"purchasable","25":"product-type-simple"},"acf":[],"_links":{"self":[{"href":"https:\/\/ceasuri.md\/ru\/wp-json\/wp\/v2\/product\/59308","targetHints":{"allow":["GET"]}}],"collection":[{"href":"https:\/\/ceasuri.md\/ru\/wp-json\/wp\/v2\/product"}],"about":[{"href":"https:\/\/ceasuri.md\/ru\/wp-json\/wp\/v2\/types\/product"}],"replies":[{"embeddable":true,"href":"https:\/\/ceasuri.md\/ru\/wp-json\/wp\/v2\/comments?post=59308"}],"wp:featuredmedia":[{"embeddable":true,"href":"https:\/\/ceasuri.md\/ru\/wp-json\/wp\/v2\/media\/59309"}],"wp:attachment":[{"href":"https:\/\/ceasuri.md\/ru\/wp-json\/wp\/v2\/media?parent=59308"}],"wp:term":[{"taxonomy":"product_brand","embeddable":true,"href":"https:\/\/ceasuri.md\/ru\/wp-json\/wp\/v2\/product_brand?post=59308"},{"taxonomy":"product_cat","embeddable":true,"href":"https:\/\/ceasuri.md\/ru\/wp-json\/wp\/v2\/product_cat?post=59308"},{"taxonomy":"product_tag","embeddable":true,"href":"https:\/\/ceasuri.md\/ru\/wp-json\/wp\/v2\/product_tag?post=59308"}],"curies":[{"name":"wp","href":"https:\/\/api.w.org\/{rel}","templated":true}]}}