{"id":59296,"date":"2026-04-03T01:00:30","date_gmt":"2026-04-02T22:00:30","guid":{"rendered":"http:\/\/new.ceasuri.md\/shop\/uncategorized\/boccia-titanium-3365-02\/"},"modified":"2026-04-07T05:04:34","modified_gmt":"2026-04-07T02:04:34","slug":"boccia-titanium-3365-02","status":"publish","type":"product","link":"https:\/\/ceasuri.md\/ru\/shop\/branduri\/boccia\/boccia-titanium-3365-02\/","title":{"rendered":"Ceas BOCCIA TITANIUM 3365-02"},"content":{"rendered":"<p>Ceasul pentru femei Boccia Titanium captiveaz\u0103 nu numai prin designul s\u0103u atractiv, ci \u0219i prin materialele sale excelente.<\/p>\n<p>Carcasa este fabricat\u0103 din titan pur. Cu un diametru de 34 mm \u0219i o grosime de numai 6,5 mm, ceasul se potrive\u0219te confortabil pe \u00eencheietura m\u00e2inii \u0219i ofer\u0103 un sentiment de lux \u0219i elegan\u021b\u0103.<\/p>\n<p>Cadranul albastru \u00eenchis cu model cu raze de soare eman\u0103 elegan\u021b\u0103 atemporal\u0103. Cureaua, asortat\u0103 cu cadranul, este fixat\u0103 ferm pe \u00eencheietura m\u00e2inii cu o cataram\u0103 clasic\u0103, care nu numai c\u0103 asigur\u0103 o potrivire confortabil\u0103, dar subliniaz\u0103 \u0219i calitatea \u00eenalt\u0103 a orologeriei.<\/p>\n<p>Cristalul ceasului este fabricat din sticl\u0103 mineral\u0103 durabil\u0103.<\/p>\n<p>Un alt avantaj important al acestui ceas este rezisten\u021ba sa la ap\u0103 p\u00e2n\u0103 la 50 de metri.<\/p>\n<p>Acest ceas nu este doar un accesoriu, este o declara\u021bie spectaculoas\u0103. Datorit\u0103 designului s\u0103u atractiv, este ideal at\u00e2t pentru evenimente formale, c\u00e2t \u0219i pentru purtarea de zi cu zi. Acesta va fi un punct de atrac\u021bie la evenimentele formale \u0219i v\u0103 va sublinia stilul individual, r\u0103m\u00e2n\u00e2nd \u00een acela\u0219i timp practic pentru purtarea de zi cu zi.<\/p>","protected":false},"excerpt":{"rendered":"<p>Ceasul pentru femei Boccia Titanium captiveaz\u0103 nu numai prin designul s\u0103u atractiv, ci \u0219i prin materialele sale excelente. Carcasa este fabricat\u0103 din titan pur. Cu un diametru de 34 mm \u0219i o grosime de numai 6,5 mm, ceasul se potrive\u0219te confortabil pe \u00eencheietura m\u00e2inii \u0219i ofer\u0103 un sentiment de lux \u0219i elegan\u021b\u0103. Cadranul albastru \u00eenchis [&hellip;]<\/p>\n","protected":false},"featured_media":59297,"comment_status":"closed","ping_status":"open","template":"","meta":{"_acf_changed":false},"product_brand":[],"product_cat":[626,25],"product_tag":[],"class_list":{"0":"post-59296","1":"product","2":"type-product","3":"status-publish","4":"has-post-thumbnail","6":"product_cat-boccia","7":"product_cat-ceasuri-dama","8":"pa_brand-boccia","9":"pa_braslet-piele","10":"pa_corpus-34-mm","11":"pa_forma-rotund","12":"pa_garatia-24-luni","13":"pa_korpus-argintiu","14":"pa_material-titan","15":"pa_mehanizm-quartz","16":"pa_remeshok-albastru-inchis","17":"pa_steklo-cristal-mineral","18":"pa_strana-germania","19":"pa_voda-5-atm","21":"first","22":"instock","23":"purchasable","24":"product-type-simple"},"acf":[],"_links":{"self":[{"href":"https:\/\/ceasuri.md\/ru\/wp-json\/wp\/v2\/product\/59296","targetHints":{"allow":["GET"]}}],"collection":[{"href":"https:\/\/ceasuri.md\/ru\/wp-json\/wp\/v2\/product"}],"about":[{"href":"https:\/\/ceasuri.md\/ru\/wp-json\/wp\/v2\/types\/product"}],"replies":[{"embeddable":true,"href":"https:\/\/ceasuri.md\/ru\/wp-json\/wp\/v2\/comments?post=59296"}],"wp:featuredmedia":[{"embeddable":true,"href":"https:\/\/ceasuri.md\/ru\/wp-json\/wp\/v2\/media\/59297"}],"wp:attachment":[{"href":"https:\/\/ceasuri.md\/ru\/wp-json\/wp\/v2\/media?parent=59296"}],"wp:term":[{"taxonomy":"product_brand","embeddable":true,"href":"https:\/\/ceasuri.md\/ru\/wp-json\/wp\/v2\/product_brand?post=59296"},{"taxonomy":"product_cat","embeddable":true,"href":"https:\/\/ceasuri.md\/ru\/wp-json\/wp\/v2\/product_cat?post=59296"},{"taxonomy":"product_tag","embeddable":true,"href":"https:\/\/ceasuri.md\/ru\/wp-json\/wp\/v2\/product_tag?post=59296"}],"curies":[{"name":"wp","href":"https:\/\/api.w.org\/{rel}","templated":true}]}}