{"id":59283,"date":"2026-04-03T01:00:30","date_gmt":"2026-04-02T22:00:30","guid":{"rendered":"http:\/\/new.ceasuri.md\/shop\/uncategorized\/boccia-titanium-3366-01\/"},"modified":"2026-04-17T15:20:51","modified_gmt":"2026-04-17T12:20:51","slug":"boccia-titanium-3366-01","status":"publish","type":"product","link":"https:\/\/ceasuri.md\/ru\/shop\/branduri\/boccia\/boccia-titanium-3366-01\/","title":{"rendered":"Ceas BOCCIA TITANIUM 3366-01"},"content":{"rendered":"<p>Un ceas pentru femei care va fi un accesoriu elegant \u0219i func\u021bional pentru femeia modern\u0103.<\/p>\n<p>Carcasa dreptunghiular\u0103 a ceasului este realizat\u0103 din titan super u\u0219or, ceea ce \u00eel face incredibil de confortabil pentru purtarea zilnic\u0103. M\u00e2inile centrale pentru ore \u0219i minute ies \u00een eviden\u021b\u0103 pe cadranul verde elegant, cre\u00e2nd o imagine contrastant\u0103 \u0219i expresiv\u0103.<\/p>\n<p>Br\u0103\u021bara din o\u021bel cu tehnica sa de \u00eempletire milanez\u0103 atrage aten\u021bia \u00een mod deosebit, oferind ceasului un aspect modern \u0219i elegant. \u00cenchiz\u0103toarea asigur\u0103 o potrivire confortabil\u0103 \u0219i sigur\u0103.<\/p>\n<p>Rezisten\u021ba la ap\u0103 de 30 m ofer\u0103 protec\u021bie \u00eempotriva stropilor, f\u0103c\u00e2ndu-l potrivit pentru purtarea zilnic\u0103.<\/p>","protected":false},"excerpt":{"rendered":"<p>Un ceas pentru femei care va fi un accesoriu elegant \u0219i func\u021bional pentru femeia modern\u0103. Carcasa dreptunghiular\u0103 a ceasului este realizat\u0103 din titan super u\u0219or, ceea ce \u00eel face incredibil de confortabil pentru purtarea zilnic\u0103. M\u00e2inile centrale pentru ore \u0219i minute ies \u00een eviden\u021b\u0103 pe cadranul verde elegant, cre\u00e2nd o imagine contrastant\u0103 \u0219i expresiv\u0103. Br\u0103\u021bara [&hellip;]<\/p>\n","protected":false},"featured_media":59284,"comment_status":"closed","ping_status":"open","template":"","meta":{"_acf_changed":false},"product_brand":[],"product_cat":[626,25],"product_tag":[],"class_list":{"0":"post-59283","1":"product","2":"type-product","3":"status-publish","4":"has-post-thumbnail","6":"product_cat-boccia","7":"product_cat-ceasuri-dama","8":"pa_brand-boccia","9":"pa_braslet-otel-inoxidabil","10":"pa_corpus-18x29-mm","11":"pa_forma-dreptunghiular","12":"pa_garatia-24-luni","13":"pa_korpus-argintiu","14":"pa_kvarc-quartz","15":"pa_material-titan","16":"pa_mehanizm-quartz","17":"pa_remeshok-argintiu","18":"pa_steklo-cristal-mineral","19":"pa_strana-germania","20":"pa_voda-3-atm","22":"first","23":"instock","24":"purchasable","25":"product-type-simple"},"acf":[],"_links":{"self":[{"href":"https:\/\/ceasuri.md\/ru\/wp-json\/wp\/v2\/product\/59283","targetHints":{"allow":["GET"]}}],"collection":[{"href":"https:\/\/ceasuri.md\/ru\/wp-json\/wp\/v2\/product"}],"about":[{"href":"https:\/\/ceasuri.md\/ru\/wp-json\/wp\/v2\/types\/product"}],"replies":[{"embeddable":true,"href":"https:\/\/ceasuri.md\/ru\/wp-json\/wp\/v2\/comments?post=59283"}],"wp:featuredmedia":[{"embeddable":true,"href":"https:\/\/ceasuri.md\/ru\/wp-json\/wp\/v2\/media\/59284"}],"wp:attachment":[{"href":"https:\/\/ceasuri.md\/ru\/wp-json\/wp\/v2\/media?parent=59283"}],"wp:term":[{"taxonomy":"product_brand","embeddable":true,"href":"https:\/\/ceasuri.md\/ru\/wp-json\/wp\/v2\/product_brand?post=59283"},{"taxonomy":"product_cat","embeddable":true,"href":"https:\/\/ceasuri.md\/ru\/wp-json\/wp\/v2\/product_cat?post=59283"},{"taxonomy":"product_tag","embeddable":true,"href":"https:\/\/ceasuri.md\/ru\/wp-json\/wp\/v2\/product_tag?post=59283"}],"curies":[{"name":"wp","href":"https:\/\/api.w.org\/{rel}","templated":true}]}}