{"id":59279,"date":"2026-04-03T00:59:54","date_gmt":"2026-04-02T21:59:54","guid":{"rendered":"http:\/\/new.ceasuri.md\/shop\/uncategorized\/boccia-titanium-3366-02\/"},"modified":"2026-04-15T21:12:52","modified_gmt":"2026-04-15T18:12:52","slug":"boccia-titanium-3366-02","status":"publish","type":"product","link":"https:\/\/ceasuri.md\/ru\/shop\/branduri\/boccia\/boccia-titanium-3366-02\/","title":{"rendered":"Ceas BOCCIA TITANIUM 3366-02"},"content":{"rendered":"<p>Ceasul pentru femei Boccia Titanium este accesoriul perfect pentru orice femeie datorit\u0103 designului s\u0103u unic.<\/p>\n<p>Ceasul are o carcas\u0103 dreptunghiular\u0103 din titan, completat\u0103 de o curea din piele neagr\u0103 de \u00eenalt\u0103 calitate, care \u00eel face \u0219i mai elegant.<\/p>\n<p>Designul este completat de un cadran alb cu efect de raze de soare. Cu m\u00e2ini, cifre \u0219i indici aurii, acesta este protejat de un cristal mineral.<\/p>\n<p>Modelul este rezistent la ap\u0103 p\u00e2n\u0103 la 30 m.<\/p>","protected":false},"excerpt":{"rendered":"<p>Ceasul pentru femei Boccia Titanium este accesoriul perfect pentru orice femeie datorit\u0103 designului s\u0103u unic. Ceasul are o carcas\u0103 dreptunghiular\u0103 din titan, completat\u0103 de o curea din piele neagr\u0103 de \u00eenalt\u0103 calitate, care \u00eel face \u0219i mai elegant. Designul este completat de un cadran alb cu efect de raze de soare. Cu m\u00e2ini, cifre \u0219i [&hellip;]<\/p>\n","protected":false},"featured_media":59280,"comment_status":"closed","ping_status":"open","template":"","meta":{"_acf_changed":false},"product_brand":[],"product_cat":[626,25],"product_tag":[],"class_list":{"0":"post-59279","1":"product","2":"type-product","3":"status-publish","4":"has-post-thumbnail","6":"product_cat-boccia","7":"product_cat-ceasuri-dama","8":"pa_brand-boccia","9":"pa_braslet-piele","10":"pa_corpus-18x29-mm","11":"pa_forma-dreptunghiular","12":"pa_garatia-24-luni","13":"pa_korpus-bicolor","14":"pa_kvarc-quartz","15":"pa_material-titan","16":"pa_mehanizm-quartz","17":"pa_remeshok-negru","18":"pa_steklo-cristal-mineral","19":"pa_strana-germania","20":"pa_voda-3-atm","22":"first","23":"instock","24":"purchasable","25":"product-type-simple"},"acf":[],"_links":{"self":[{"href":"https:\/\/ceasuri.md\/ru\/wp-json\/wp\/v2\/product\/59279","targetHints":{"allow":["GET"]}}],"collection":[{"href":"https:\/\/ceasuri.md\/ru\/wp-json\/wp\/v2\/product"}],"about":[{"href":"https:\/\/ceasuri.md\/ru\/wp-json\/wp\/v2\/types\/product"}],"replies":[{"embeddable":true,"href":"https:\/\/ceasuri.md\/ru\/wp-json\/wp\/v2\/comments?post=59279"}],"wp:featuredmedia":[{"embeddable":true,"href":"https:\/\/ceasuri.md\/ru\/wp-json\/wp\/v2\/media\/59280"}],"wp:attachment":[{"href":"https:\/\/ceasuri.md\/ru\/wp-json\/wp\/v2\/media?parent=59279"}],"wp:term":[{"taxonomy":"product_brand","embeddable":true,"href":"https:\/\/ceasuri.md\/ru\/wp-json\/wp\/v2\/product_brand?post=59279"},{"taxonomy":"product_cat","embeddable":true,"href":"https:\/\/ceasuri.md\/ru\/wp-json\/wp\/v2\/product_cat?post=59279"},{"taxonomy":"product_tag","embeddable":true,"href":"https:\/\/ceasuri.md\/ru\/wp-json\/wp\/v2\/product_tag?post=59279"}],"curies":[{"name":"wp","href":"https:\/\/api.w.org\/{rel}","templated":true}]}}