{"id":59271,"date":"2026-04-03T00:59:54","date_gmt":"2026-04-02T21:59:54","guid":{"rendered":"http:\/\/new.ceasuri.md\/shop\/uncategorized\/boccia-titanium-ceramic-3367-01\/"},"modified":"2026-04-07T05:04:29","modified_gmt":"2026-04-07T02:04:29","slug":"boccia-titanium-ceramic-3367-01","status":"publish","type":"product","link":"https:\/\/ceasuri.md\/ru\/shop\/branduri\/boccia\/boccia-titanium-ceramic-3367-01\/","title":{"rendered":"Ceas BOCCIA TITANIUM CERAMIC 3367-01"},"content":{"rendered":"<p>Ceasul Boccia Titanium pentru femei combin\u0103 stilul contemporan cu func\u021bionalitatea dovedit\u0103. Cu carcasa sa elegant\u0103 cu diametrul de 36 mm, ceasul este partenerul perfect pentru orice ocazie, fie ea de afaceri sau de agrement.<\/p>\n<p>Luneta din ceramic\u0103 alb\u0103 completeaz\u0103 armonios carcasa, conferind ceasului profunzime \u0219i rafinament. Br\u0103\u021bara din titan nu numai c\u0103 ofer\u0103 un nivel ridicat de confort, dar este \u0219i extrem de durabil\u0103, permi\u021b\u00e2nd ceasului s\u0103 reziste rigorilor purt\u0103rii zilnice.<\/p>\n<p>Datorit\u0103 cristalului de safir, nu numai c\u0103 v\u0103 ve\u021bi bucura de o imagine clar\u0103, dar ve\u021bi maximiza \u0219i rezisten\u021ba la zg\u00e2rieturi. Ceasul este echipat cu o mi\u0219care precis\u0103 cu cuar\u021b \u0219i trei m\u00e2ini cu un afi\u0219aj al datei practic \u0219i u\u0219or de citit.<\/p>\n<p>Rezisten\u021ba la ap\u0103 p\u00e2n\u0103 la 100 de metri face acest ceas deosebit de versatil.<\/p>","protected":false},"excerpt":{"rendered":"<p>Ceasul Boccia Titanium pentru femei combin\u0103 stilul contemporan cu func\u021bionalitatea dovedit\u0103. Cu carcasa sa elegant\u0103 cu diametrul de 36 mm, ceasul este partenerul perfect pentru orice ocazie, fie ea de afaceri sau de agrement. Luneta din ceramic\u0103 alb\u0103 completeaz\u0103 armonios carcasa, conferind ceasului profunzime \u0219i rafinament. Br\u0103\u021bara din titan nu numai c\u0103 ofer\u0103 un nivel [&hellip;]<\/p>\n","protected":false},"featured_media":59272,"comment_status":"closed","ping_status":"open","template":"","meta":{"_acf_changed":false},"product_brand":[],"product_cat":[626,25],"product_tag":[],"class_list":{"0":"post-59271","1":"product","2":"type-product","3":"status-publish","4":"has-post-thumbnail","6":"product_cat-boccia","7":"product_cat-ceasuri-dama","8":"pa_brand-boccia","9":"pa_braslet-titan","10":"pa_corpus-36-mm","11":"pa_forma-rotund","12":"pa_funcii-data","13":"pa_garatia-24-luni","14":"pa_korpus-argintiu","15":"pa_material-ceramica","16":"pa_material-titan","17":"pa_mehanizm-quartz","18":"pa_remeshok-argintiu","19":"pa_steklo-cristal-safir","20":"pa_strana-germania","21":"pa_voda-10-atm","23":"first","24":"instock","25":"purchasable","26":"product-type-simple"},"acf":[],"_links":{"self":[{"href":"https:\/\/ceasuri.md\/ru\/wp-json\/wp\/v2\/product\/59271","targetHints":{"allow":["GET"]}}],"collection":[{"href":"https:\/\/ceasuri.md\/ru\/wp-json\/wp\/v2\/product"}],"about":[{"href":"https:\/\/ceasuri.md\/ru\/wp-json\/wp\/v2\/types\/product"}],"replies":[{"embeddable":true,"href":"https:\/\/ceasuri.md\/ru\/wp-json\/wp\/v2\/comments?post=59271"}],"wp:featuredmedia":[{"embeddable":true,"href":"https:\/\/ceasuri.md\/ru\/wp-json\/wp\/v2\/media\/59272"}],"wp:attachment":[{"href":"https:\/\/ceasuri.md\/ru\/wp-json\/wp\/v2\/media?parent=59271"}],"wp:term":[{"taxonomy":"product_brand","embeddable":true,"href":"https:\/\/ceasuri.md\/ru\/wp-json\/wp\/v2\/product_brand?post=59271"},{"taxonomy":"product_cat","embeddable":true,"href":"https:\/\/ceasuri.md\/ru\/wp-json\/wp\/v2\/product_cat?post=59271"},{"taxonomy":"product_tag","embeddable":true,"href":"https:\/\/ceasuri.md\/ru\/wp-json\/wp\/v2\/product_tag?post=59271"}],"curies":[{"name":"wp","href":"https:\/\/api.w.org\/{rel}","templated":true}]}}