{"id":59257,"date":"2026-04-03T00:59:54","date_gmt":"2026-04-02T21:59:54","guid":{"rendered":"http:\/\/new.ceasuri.md\/shop\/uncategorized\/boccia-titanium-3370-03\/"},"modified":"2026-04-07T05:04:25","modified_gmt":"2026-04-07T02:04:25","slug":"boccia-titanium-3370-03","status":"publish","type":"product","link":"https:\/\/ceasuri.md\/ru\/shop\/branduri\/boccia\/boccia-titanium-3370-03\/","title":{"rendered":"Ceas BOCCIA TITANIUM 3370-03"},"content":{"rendered":"<p>Un omagiu adus anilor 1970, c\u00e2nd ceasul p\u0103trat a marcat un progres tehnologic \u0219i a \u00eenlocuit invariabil carcasa rotund\u0103. A\u0219a-numita form\u0103 \u201epern\u0103\u201d este un clasic pe care BOCCIA \u00eel realizeaz\u0103 cu o m\u0103iestrie superb\u0103. Carcasa ultra-sub\u021bire cu o grosime de numai 6 mm (!) realizat\u0103 din titan pur hipoalergenic face ca aceast\u0103 serie s\u0103 fie unic\u0103.<\/p>\n<p>Ceas de dam\u0103 la mod\u0103, de culoare roz, cu o carcas\u0103 atent \u0219lefuit\u0103.<\/p>\n<p>Cristal mineral. Cadran special lucrat cu relief subtil \u00een raze de soare.<\/p>\n<p>Curea din piele neted\u0103 cu c\u0103ptu\u0219eal\u0103 antialergenic\u0103, cu cataram\u0103 din titan pur lustruit.<\/p>\n<p>Rezistent la ap\u0103 p\u00e2n\u0103 la 30 de metri.<\/p>","protected":false},"excerpt":{"rendered":"<p>Un omagiu adus anilor 1970, c\u00e2nd ceasul p\u0103trat a marcat un progres tehnologic \u0219i a \u00eenlocuit invariabil carcasa rotund\u0103. A\u0219a-numita form\u0103 \u201epern\u0103\u201d este un clasic pe care BOCCIA \u00eel realizeaz\u0103 cu o m\u0103iestrie superb\u0103. Carcasa ultra-sub\u021bire cu o grosime de numai 6 mm (!) realizat\u0103 din titan pur hipoalergenic face ca aceast\u0103 serie s\u0103 fie [&hellip;]<\/p>\n","protected":false},"featured_media":59258,"comment_status":"closed","ping_status":"open","template":"","meta":{"_acf_changed":false},"product_brand":[],"product_cat":[626,25],"product_tag":[],"class_list":{"0":"post-59257","1":"product","2":"type-product","3":"status-publish","4":"has-post-thumbnail","6":"product_cat-boccia","7":"product_cat-ceasuri-dama","8":"pa_brand-boccia","9":"pa_braslet-piele","10":"pa_corpus-33x33-mm","11":"pa_forma-patrat","12":"pa_garatia-24-luni","13":"pa_korpus-argintiu","14":"pa_material-titan","15":"pa_mehanizm-quartz","16":"pa_remeshok-roz","17":"pa_steklo-cristal-mineral","18":"pa_strana-germania","19":"pa_voda-3-atm","21":"first","22":"instock","23":"purchasable","24":"product-type-simple"},"acf":[],"_links":{"self":[{"href":"https:\/\/ceasuri.md\/ru\/wp-json\/wp\/v2\/product\/59257","targetHints":{"allow":["GET"]}}],"collection":[{"href":"https:\/\/ceasuri.md\/ru\/wp-json\/wp\/v2\/product"}],"about":[{"href":"https:\/\/ceasuri.md\/ru\/wp-json\/wp\/v2\/types\/product"}],"replies":[{"embeddable":true,"href":"https:\/\/ceasuri.md\/ru\/wp-json\/wp\/v2\/comments?post=59257"}],"wp:featuredmedia":[{"embeddable":true,"href":"https:\/\/ceasuri.md\/ru\/wp-json\/wp\/v2\/media\/59258"}],"wp:attachment":[{"href":"https:\/\/ceasuri.md\/ru\/wp-json\/wp\/v2\/media?parent=59257"}],"wp:term":[{"taxonomy":"product_brand","embeddable":true,"href":"https:\/\/ceasuri.md\/ru\/wp-json\/wp\/v2\/product_brand?post=59257"},{"taxonomy":"product_cat","embeddable":true,"href":"https:\/\/ceasuri.md\/ru\/wp-json\/wp\/v2\/product_cat?post=59257"},{"taxonomy":"product_tag","embeddable":true,"href":"https:\/\/ceasuri.md\/ru\/wp-json\/wp\/v2\/product_tag?post=59257"}],"curies":[{"name":"wp","href":"https:\/\/api.w.org\/{rel}","templated":true}]}}