{"id":59250,"date":"2025-07-17T07:01:16","date_gmt":"2025-07-17T04:01:16","guid":{"rendered":"http:\/\/new.ceasuri.md\/shop\/uncategorized\/boccia-titanium-3607-04\/"},"modified":"2026-05-01T19:30:50","modified_gmt":"2026-05-01T16:30:50","slug":"boccia-titanium-3607-04","status":"publish","type":"product","link":"https:\/\/ceasuri.md\/ru\/shop\/branduri\/boccia\/boccia-titanium-3607-04\/","title":{"rendered":"\u0427\u0430\u0441\u044b BOCCIA TITANIUM 3607-04"},"content":{"rendered":"<p>Ceas b\u0103rb\u0103tesc Boccia Titanium \u00eentr-o carcas\u0103 fabricat\u0103 din titan pur, care este pl\u0103cut la atingere.<\/p>\n<p>Carcasa este echipat\u0103 cu un cristal de safir rezistent la zg\u00e2rieturi.<\/p>\n<p>Cadranul alb, cu un relief fin mat \u00een centru, este decorat cu cifre arabe pe scara orelor. Combina\u021bia acelor \u0219i indicilor argintii cu cadranul creeaz\u0103 un efect deosebit de elegant.<\/p>\n<p>Cureaua din piele neagr\u0103, pl\u0103cut\u0103 la atingere, ofer\u0103 confort maxim \u0219i este echipat\u0103 cu o cataram\u0103 din titan.<\/p>","protected":false},"excerpt":{"rendered":"<p>Ceas b\u0103rb\u0103tesc Boccia Titanium \u00eentr-o carcas\u0103 fabricat\u0103 din titan pur, care este pl\u0103cut la atingere. Carcasa este echipat\u0103 cu un cristal de safir rezistent la zg\u00e2rieturi. Cadranul alb, cu un relief fin mat \u00een centru, este decorat cu cifre arabe pe scara orelor. Combina\u021bia acelor \u0219i indicilor argintii cu cadranul creeaz\u0103 un efect deosebit de [&hellip;]<\/p>\n","protected":false},"featured_media":59251,"comment_status":"closed","ping_status":"open","template":"","meta":{"_acf_changed":false},"product_brand":[],"product_cat":[626,20],"product_tag":[],"class_list":{"0":"post-59250","1":"product","2":"type-product","3":"status-publish","4":"has-post-thumbnail","6":"product_cat-boccia","7":"product_cat-ceasuri-barbati","8":"pa_brand-boccia","9":"pa_braslet-piele","10":"pa_corpus-39-mm","11":"pa_forma-rotund","12":"pa_funcii-data","13":"pa_garatia-24-luni","14":"pa_korpus-argintiu","15":"pa_kvarc-quartz","16":"pa_material-titan","17":"pa_mehanizm-quartz","18":"pa_remeshok-negru","19":"pa_steklo-cristal-safir","20":"pa_strana-germania","21":"pa_voda-5-atm","23":"first","24":"outofstock","25":"purchasable","26":"product-type-simple"},"acf":[],"_links":{"self":[{"href":"https:\/\/ceasuri.md\/ru\/wp-json\/wp\/v2\/product\/59250","targetHints":{"allow":["GET"]}}],"collection":[{"href":"https:\/\/ceasuri.md\/ru\/wp-json\/wp\/v2\/product"}],"about":[{"href":"https:\/\/ceasuri.md\/ru\/wp-json\/wp\/v2\/types\/product"}],"replies":[{"embeddable":true,"href":"https:\/\/ceasuri.md\/ru\/wp-json\/wp\/v2\/comments?post=59250"}],"wp:featuredmedia":[{"embeddable":true,"href":"https:\/\/ceasuri.md\/ru\/wp-json\/wp\/v2\/media\/59251"}],"wp:attachment":[{"href":"https:\/\/ceasuri.md\/ru\/wp-json\/wp\/v2\/media?parent=59250"}],"wp:term":[{"taxonomy":"product_brand","embeddable":true,"href":"https:\/\/ceasuri.md\/ru\/wp-json\/wp\/v2\/product_brand?post=59250"},{"taxonomy":"product_cat","embeddable":true,"href":"https:\/\/ceasuri.md\/ru\/wp-json\/wp\/v2\/product_cat?post=59250"},{"taxonomy":"product_tag","embeddable":true,"href":"https:\/\/ceasuri.md\/ru\/wp-json\/wp\/v2\/product_tag?post=59250"}],"curies":[{"name":"wp","href":"https:\/\/api.w.org\/{rel}","templated":true}]}}