{"id":59245,"date":"2026-04-03T00:59:54","date_gmt":"2026-04-02T21:59:54","guid":{"rendered":"http:\/\/new.ceasuri.md\/shop\/uncategorized\/boccia-titanium-3607-06\/"},"modified":"2026-04-07T05:04:21","modified_gmt":"2026-04-07T02:04:21","slug":"boccia-titanium-3607-06","status":"publish","type":"product","link":"https:\/\/ceasuri.md\/ru\/shop\/branduri\/boccia\/boccia-titanium-3607-06\/","title":{"rendered":"Ceas BOCCIA TITANIUM 3607-06"},"content":{"rendered":"<p>Ceas b\u0103rb\u0103tesc Boccia Titanium cu cristal de safir ultrarezistent la zg\u00e2rieturi.<\/p>\n<p>Carcasa \u0219i br\u0103\u021bara sunt realizate din titan pur hipoalergenic.<\/p>\n<p>Cadranul alb cu un relief sub\u021bire mat \u00een centru, pe scara orelor este decorat cu cifre arabe.<\/p>\n<p>Datorit\u0103 materialelor utilizate, acest ceas este pl\u0103cut la atingere, extrem de robust \u0219i incredibil de u\u0219or.<\/p>","protected":false},"excerpt":{"rendered":"<p>Ceas b\u0103rb\u0103tesc Boccia Titanium cu cristal de safir ultrarezistent la zg\u00e2rieturi. Carcasa \u0219i br\u0103\u021bara sunt realizate din titan pur hipoalergenic. Cadranul alb cu un relief sub\u021bire mat \u00een centru, pe scara orelor este decorat cu cifre arabe. Datorit\u0103 materialelor utilizate, acest ceas este pl\u0103cut la atingere, extrem de robust \u0219i incredibil de u\u0219or.<\/p>","protected":false},"featured_media":59246,"comment_status":"closed","ping_status":"open","template":"","meta":{"_acf_changed":false},"product_brand":[],"product_cat":[626,20],"product_tag":[],"class_list":{"0":"post-59245","1":"product","2":"type-product","3":"status-publish","4":"has-post-thumbnail","6":"product_cat-boccia","7":"product_cat-ceasuri-barbati","8":"pa_brand-boccia","9":"pa_braslet-titan","10":"pa_corpus-39-mm","11":"pa_forma-rotund","12":"pa_funcii-data","13":"pa_garatia-24-luni","14":"pa_korpus-argintiu","15":"pa_material-titan","16":"pa_mehanizm-quartz","17":"pa_remeshok-argintiu","18":"pa_steklo-cristal-safir","19":"pa_strana-germania","20":"pa_voda-5-atm","22":"first","23":"instock","24":"purchasable","25":"product-type-simple"},"acf":[],"_links":{"self":[{"href":"https:\/\/ceasuri.md\/ru\/wp-json\/wp\/v2\/product\/59245","targetHints":{"allow":["GET"]}}],"collection":[{"href":"https:\/\/ceasuri.md\/ru\/wp-json\/wp\/v2\/product"}],"about":[{"href":"https:\/\/ceasuri.md\/ru\/wp-json\/wp\/v2\/types\/product"}],"replies":[{"embeddable":true,"href":"https:\/\/ceasuri.md\/ru\/wp-json\/wp\/v2\/comments?post=59245"}],"wp:featuredmedia":[{"embeddable":true,"href":"https:\/\/ceasuri.md\/ru\/wp-json\/wp\/v2\/media\/59246"}],"wp:attachment":[{"href":"https:\/\/ceasuri.md\/ru\/wp-json\/wp\/v2\/media?parent=59245"}],"wp:term":[{"taxonomy":"product_brand","embeddable":true,"href":"https:\/\/ceasuri.md\/ru\/wp-json\/wp\/v2\/product_brand?post=59245"},{"taxonomy":"product_cat","embeddable":true,"href":"https:\/\/ceasuri.md\/ru\/wp-json\/wp\/v2\/product_cat?post=59245"},{"taxonomy":"product_tag","embeddable":true,"href":"https:\/\/ceasuri.md\/ru\/wp-json\/wp\/v2\/product_tag?post=59245"}],"curies":[{"name":"wp","href":"https:\/\/api.w.org\/{rel}","templated":true}]}}